{"id":194,"date":"2024-07-11T14:48:13","date_gmt":"2024-07-11T14:48:13","guid":{"rendered":"https:\/\/logitecplus.com\/nieuw\/?post_type=product&#038;p=194"},"modified":"2024-09-25T13:38:09","modified_gmt":"2024-09-25T11:38:09","slug":"hammer-mill","status":"publish","type":"product","link":"https:\/\/logitecplus.com\/de\/product\/hammer-mill\/","title":{"rendered":"Hammerm\u00fchlen"},"content":{"rendered":"<div id='av_section_1'  class='avia-section av-2pgvle-612990a785b31b232d3b110c454b262f main_color avia-section-default avia-no-border-styling  avia-builder-el-0  el_before_av_submenu  avia-builder-el-first  avia-bg-style-scroll container_wrap fullsize'  ><div class='container av-section-cont-open' ><main  role=\"main\" itemprop=\"mainContentOfPage\"  class='template-page content  av-content-full alpha units'><div class='post-entry post-entry-type-page post-entry-194'><div class='entry-content-wrapper clearfix'>\n<div class='flex_column_table av-2n580q-7caceb4737b325c7a47a71b4d20bfa58 sc-av_one_half av-equal-height-column-flextable'>\n<style type=\"text\/css\" data-created_by=\"avia_inline_auto\" id=\"style-css-av-2n580q-7caceb4737b325c7a47a71b4d20bfa58\">\n.flex_column.av-2n580q-7caceb4737b325c7a47a71b4d20bfa58{\nwidth:48.5%;\nmargin-left:0;\n}\n#top .flex_column_table.av-equal-height-column-flextable.av-2n580q-7caceb4737b325c7a47a71b4d20bfa58 .av-flex-placeholder{\nwidth:3%;\n}\n<\/style>\n<div  class='flex_column av-2n580q-7caceb4737b325c7a47a71b4d20bfa58 av_one_half  avia-builder-el-1  el_before_av_one_half  avia-builder-el-first  first flex_column_table_cell av-equal-height-column av-align-top'     ><style type=\"text\/css\" data-created_by=\"avia_inline_auto\" id=\"style-css-av-2h81my-bad1546b2a0884e7114d75df90f26f1d\">\n#top .avia-gallery.av-2h81my-bad1546b2a0884e7114d75df90f26f1d .avia-gallery-thumb a{\nwidth:20%;\n}\n<\/style>\n<div  class='avia-gallery av-2h81my-bad1546b2a0884e7114d75df90f26f1d avia_animate_when_visible  avia-builder-el-2  avia-builder-el-no-sibling  avia_lazyload av-slideshow-ui av-loop-manual-endless av-control-hidden av-navigate-arrows hover-effect av-control-hidden avia-gallery-animate avia-gallery-1'  itemprop=\"image\" itemscope=\"itemscope\" itemtype=\"https:\/\/schema.org\/ImageObject\" ><meta itemprop=\"contentURL\" content=\"https:\/\/logitecplus.com\/de\/product\/hammer-mill\/\"><div class='avia-gallery-big-wrapper'><a class='avia-gallery-big fakeLightbox lightbox avia-gallery-big-crop-thumb' href=\"https:\/\/logitecplus.com\/wp-content\/uploads\/2024\/09\/A0020330_D0038288_002-1030x675.jpg\" data-srcset=\"https:\/\/logitecplus.com\/wp-content\/uploads\/2024\/09\/A0020330_D0038288_002-1030x675.jpg 1030w, https:\/\/logitecplus.com\/wp-content\/uploads\/2024\/09\/A0020330_D0038288_002-300x197.jpg 300w, https:\/\/logitecplus.com\/wp-content\/uploads\/2024\/09\/A0020330_D0038288_002-768x503.jpg 768w, https:\/\/logitecplus.com\/wp-content\/uploads\/2024\/09\/A0020330_D0038288_002-18x12.jpg 18w, https:\/\/logitecplus.com\/wp-content\/uploads\/2024\/09\/A0020330_D0038288_002-705x462.jpg 705w, https:\/\/logitecplus.com\/wp-content\/uploads\/2024\/09\/A0020330_D0038288_002.jpg 1300w\" data-sizes=\"(max-width: 1030px) 100vw, 1030px\"  data-onclick='1' title='' ><span class='avia-gallery-big-inner'  itemprop=\"thumbnailUrl\" ><img decoding=\"async\" fetchpriority=\"high\" class=\"wp-image-681 avia-img-lazy-loading-not-681\"  width=\"1300\" height=\"852\" src=\"https:\/\/logitecplus.com\/wp-content\/uploads\/2024\/09\/A0020330_D0038288_002.jpg\" title='' alt='' srcset=\"https:\/\/logitecplus.com\/wp-content\/uploads\/2024\/09\/A0020330_D0038288_002.jpg 1300w, https:\/\/logitecplus.com\/wp-content\/uploads\/2024\/09\/A0020330_D0038288_002-300x197.jpg 300w, https:\/\/logitecplus.com\/wp-content\/uploads\/2024\/09\/A0020330_D0038288_002-1030x675.jpg 1030w, https:\/\/logitecplus.com\/wp-content\/uploads\/2024\/09\/A0020330_D0038288_002-768x503.jpg 768w, https:\/\/logitecplus.com\/wp-content\/uploads\/2024\/09\/A0020330_D0038288_002-18x12.jpg 18w, https:\/\/logitecplus.com\/wp-content\/uploads\/2024\/09\/A0020330_D0038288_002-705x462.jpg 705w\" sizes=\"(max-width: 1300px) 100vw, 1300px\" \/><\/span><\/a><\/div><div class='avia-gallery-thumb'><a href=\"https:\/\/logitecplus.com\/wp-content\/uploads\/2024\/09\/A0020330_D0038288_002-1030x675.jpg\" data-srcset=\"https:\/\/logitecplus.com\/wp-content\/uploads\/2024\/09\/A0020330_D0038288_002-1030x675.jpg 1030w, https:\/\/logitecplus.com\/wp-content\/uploads\/2024\/09\/A0020330_D0038288_002-300x197.jpg 300w, https:\/\/logitecplus.com\/wp-content\/uploads\/2024\/09\/A0020330_D0038288_002-768x503.jpg 768w, https:\/\/logitecplus.com\/wp-content\/uploads\/2024\/09\/A0020330_D0038288_002-18x12.jpg 18w, https:\/\/logitecplus.com\/wp-content\/uploads\/2024\/09\/A0020330_D0038288_002-705x462.jpg 705w, https:\/\/logitecplus.com\/wp-content\/uploads\/2024\/09\/A0020330_D0038288_002.jpg 1300w\" data-sizes=\"(max-width: 1030px) 100vw, 1030px\" data-rel='gallery-1' data-prev-img='https:\/\/logitecplus.com\/wp-content\/uploads\/2024\/09\/A0020330_D0038288_002.jpg' class='first_thumb lightbox' data-onclick='1' title=''  itemprop=\"thumbnailUrl\"  ><img decoding=\"async\" fetchpriority=\"high\" class=\"wp-image-681 avia-img-lazy-loading-not-681\"   src=\"https:\/\/logitecplus.com\/wp-content\/uploads\/2024\/09\/A0020330_D0038288_002-180x180.jpg\" width=\"180\" height=\"180\"  title='' alt='' srcset=\"https:\/\/logitecplus.com\/wp-content\/uploads\/2024\/09\/A0020330_D0038288_002-180x180.jpg 180w, https:\/\/logitecplus.com\/wp-content\/uploads\/2024\/09\/A0020330_D0038288_002-80x80.jpg 80w, https:\/\/logitecplus.com\/wp-content\/uploads\/2024\/09\/A0020330_D0038288_002-36x36.jpg 36w\" sizes=\"(max-width: 180px) 100vw, 180px\" \/><div class='big-prev-fake'><img decoding=\"async\" loading=\"lazy\" class=\"wp-image-681 avia-img-lazy-loading-681\"  width=\"1300\" height=\"852\" src=\"https:\/\/logitecplus.com\/wp-content\/uploads\/2024\/09\/A0020330_D0038288_002.jpg\" title='' alt='' srcset=\"https:\/\/logitecplus.com\/wp-content\/uploads\/2024\/09\/A0020330_D0038288_002.jpg 1300w, https:\/\/logitecplus.com\/wp-content\/uploads\/2024\/09\/A0020330_D0038288_002-300x197.jpg 300w, https:\/\/logitecplus.com\/wp-content\/uploads\/2024\/09\/A0020330_D0038288_002-1030x675.jpg 1030w, https:\/\/logitecplus.com\/wp-content\/uploads\/2024\/09\/A0020330_D0038288_002-768x503.jpg 768w, https:\/\/logitecplus.com\/wp-content\/uploads\/2024\/09\/A0020330_D0038288_002-18x12.jpg 18w, https:\/\/logitecplus.com\/wp-content\/uploads\/2024\/09\/A0020330_D0038288_002-705x462.jpg 705w\" sizes=\"auto, (max-width: 1300px) 100vw, 1300px\" \/><\/div><\/a><a href=\"https:\/\/logitecplus.com\/wp-content\/uploads\/2024\/07\/Hamermolen.jpg\" data-srcset=\"https:\/\/logitecplus.com\/wp-content\/uploads\/2024\/07\/Hamermolen.jpg 960w, https:\/\/logitecplus.com\/wp-content\/uploads\/2024\/07\/Hamermolen-300x180.jpg 300w, https:\/\/logitecplus.com\/wp-content\/uploads\/2024\/07\/Hamermolen-768x461.jpg 768w, https:\/\/logitecplus.com\/wp-content\/uploads\/2024\/07\/Hamermolen-705x423.jpg 705w\" data-sizes=\"(max-width: 960px) 100vw, 960px\" data-rel='gallery-1' data-prev-img='https:\/\/logitecplus.com\/wp-content\/uploads\/2024\/07\/Hamermolen.jpg' class='lightbox' data-onclick='2' title='Hamermolen'  itemprop=\"thumbnailUrl\"  ><img decoding=\"async\" fetchpriority=\"high\" class=\"wp-image-195 avia-img-lazy-loading-not-195\"   src=\"https:\/\/logitecplus.com\/wp-content\/uploads\/2024\/07\/Hamermolen-180x180.jpg\" width=\"180\" height=\"180\"  title='Hamermolen' alt='' srcset=\"https:\/\/logitecplus.com\/wp-content\/uploads\/2024\/07\/Hamermolen-180x180.jpg 180w, https:\/\/logitecplus.com\/wp-content\/uploads\/2024\/07\/Hamermolen-80x80.jpg 80w, https:\/\/logitecplus.com\/wp-content\/uploads\/2024\/07\/Hamermolen-36x36.jpg 36w\" sizes=\"(max-width: 180px) 100vw, 180px\" \/><div class='big-prev-fake'><img decoding=\"async\" loading=\"lazy\" class=\"wp-image-195 avia-img-lazy-loading-195\"  width=\"960\" height=\"576\" src=\"https:\/\/logitecplus.com\/wp-content\/uploads\/2024\/07\/Hamermolen.jpg\" title='Hamermolen' alt='' srcset=\"https:\/\/logitecplus.com\/wp-content\/uploads\/2024\/07\/Hamermolen.jpg 960w, https:\/\/logitecplus.com\/wp-content\/uploads\/2024\/07\/Hamermolen-300x180.jpg 300w, https:\/\/logitecplus.com\/wp-content\/uploads\/2024\/07\/Hamermolen-768x461.jpg 768w, https:\/\/logitecplus.com\/wp-content\/uploads\/2024\/07\/Hamermolen-705x423.jpg 705w\" sizes=\"auto, (max-width: 960px) 100vw, 960px\" \/><\/div><\/a><\/div><\/div><\/div><div class='av-flex-placeholder'><\/div>\n<style type=\"text\/css\" data-created_by=\"avia_inline_auto\" id=\"style-css-av-2ad1nu-0b6761887cfbe7e8f8e7139e9fb2f2ca\">\n.flex_column.av-2ad1nu-0b6761887cfbe7e8f8e7139e9fb2f2ca{\nwidth:48.5%;\nmargin-left:0;\n}\n#top .flex_column_table.av-equal-height-column-flextable.av-2ad1nu-0b6761887cfbe7e8f8e7139e9fb2f2ca .av-flex-placeholder{\nwidth:3%;\n}\n<\/style>\n<div  class='flex_column av-2ad1nu-0b6761887cfbe7e8f8e7139e9fb2f2ca av_one_half  avia-builder-el-3  el_after_av_one_half  avia-builder-el-last  flex_column_table_cell av-equal-height-column av-align-top'     ><p>\n<style type=\"text\/css\" data-created_by=\"avia_inline_auto\" id=\"style-css-av-lyhdu78c-056b10ea57d1511457e30d40513cf3c4\">\n#top .av-special-heading.av-lyhdu78c-056b10ea57d1511457e30d40513cf3c4{\npadding-bottom:10px;\n}\nbody .av-special-heading.av-lyhdu78c-056b10ea57d1511457e30d40513cf3c4 .av-special-heading-tag .heading-char{\nfont-size:25px;\n}\n.av-special-heading.av-lyhdu78c-056b10ea57d1511457e30d40513cf3c4 .av-subheading{\nfont-size:15px;\n}\n<\/style>\n<div  class='av-special-heading av-lyhdu78c-056b10ea57d1511457e30d40513cf3c4 av-special-heading-h1 blockquote modern-quote  avia-builder-el-4  el_before_av_textblock  avia-builder-el-first'><div class='av-subheading av-subheading_above'><p>Verarbeitung<\/p>\n<\/div><h1 class='av-special-heading-tag'  itemprop=\"headline\"  >Hammerm\u00fchlen<\/h1><div class=\"special-heading-border\"><div class=\"special-heading-inner-border\"><\/div><\/div><\/div><br \/>\n<section  class='av_textblock_section av-lyhduvfj-fca99f0a9d71c6b0cbdcd351cfce135c'   itemscope=\"itemscope\" itemtype=\"https:\/\/schema.org\/CreativeWork\" ><div class='avia_textblock'  itemprop=\"text\" ><p>Die Hammerm\u00fchlen gibt es in verschiedenen Gr\u00f6\u00dfen und Breiten. Mit ihnen k\u00f6nnen Sie grobe Materialien mit St\u00f6cken und Wurzeln darin verarbeiten und in eine feinere Struktur zur\u00fcckf\u00fchren.<\/p>\n<p>Die Hammerm\u00fchlen werden mit einem verstellbaren Austragsschild ausgestattet, so dass verschiedene Fraktionen produziert werden k\u00f6nnen. Sie k\u00f6nnen in Ihre bestehenden Bodenlinien integriert oder als eigenst\u00e4ndige Einheiten geliefert werden.<\/p>\n<h2>Vorteile<\/h2>\n<ul>\n<li>Verarbeitet grobe Materialien<\/li>\n<li>Einstellbare Leistung f\u00fcr verschiedene Fraktionen<\/li>\n<li>Integrationsf\u00e4higkeit<\/li>\n<\/ul>\n<\/div><\/section><\/p><\/div><\/div><!--close column table wrapper. Autoclose: 1 --><\/div><\/div><\/main><!-- close content main element --><\/div><\/div><div class='clear'><\/div><div id='sub_menu1'  class='av-submenu-container av-lyhdv4mo-732604680a93a4cb67a8923770bbe3a6 main_color  avia-builder-el-6  el_after_av_section  el_before_av_section  av-sticky-submenu submenu-not-first container_wrap fullsize' style='z-index:301' ><div class='container av-menu-mobile-disabled av-submenu-pos-center'><ul id='av-custom-submenu-1' class='av-subnav-menu' role='menu'>\n<li class='menu-item av-7ndqa-dbb5159e7e9827f38bf5d417b3224eaf menu-item-top-level menu-item-top-level-1' role='menuitem'><a href='#specifications'  ><span class='avia-bullet'><\/span><span class='avia-menu-text'>Spezifikationen<\/span><\/a><\/li>\n<li class='menu-item av-1z0f0i-3da991b3b286bf570f6bdac9c0e52a69 menu-item-top-level av-menu-button av-menu-button-colored menu-item-top-level-2' role='menuitem'><a href='https:\/\/logitecplus.com\/wp-content\/uploads\/2024\/08\/2023-Logitec-Plus-Company-Brochure.pdf'  target=\"_blank\"  rel=\"noopener noreferrer\" ><span class='avia-bullet'><\/span><span class='avia-menu-text'> Brosch\u00fcre herunterladen<\/span><\/a><\/li>\n<\/ul><\/div><\/div><div class='sticky_placeholder'><\/div><\/p>\n<div id='av_section_2'  class='avia-section av-1qvj16-89259bd5aeb2e9d00eaceef1f075cebb main_color avia-section-default avia-no-border-styling  avia-builder-el-7  el_after_av_submenu  el_before_av_section  avia-bg-style-scroll container_wrap fullsize'  ><div class='container av-section-cont-open' ><div class='template-page content  av-content-full alpha units'><div class='post-entry post-entry-type-page post-entry-194'><div class='entry-content-wrapper clearfix'>\n<div  class='flex_column av-5xi3u-b8cc85b9635e1899c0788a3c768fe8df av_one_fifth  avia-builder-el-8  el_before_av_three_fifth  avia-builder-el-first  first flex_column_div'     ><\/div><div  class='flex_column av-1fu3xm-2c4eed020d50757a6abe6d29d1801400 av_three_fifth  avia-builder-el-9  el_after_av_one_fifth  el_before_av_one_fifth  flex_column_div'     ><section  id=\"specifications\"  class='av_textblock_section av-lyhdvt9x-3dee8ca30662f5449118b115370dffb6'   itemscope=\"itemscope\" itemtype=\"https:\/\/schema.org\/CreativeWork\" ><div class='avia_textblock'  itemprop=\"text\" ><h2>Spezifikationen<\/h2>\n<table>\n<tbody>\n<tr>\n<th>Abmessungen:<\/th>\n<td>Abh\u00e4ngig vom Layout<\/td>\n<\/tr>\n<tr>\n<th>Macht:<\/th>\n<td>400V - 3 Phasen + 0 - 50Hz (andere Spannungen auf Anfrage)<\/td>\n<\/tr>\n<\/tbody>\n<\/table>\n<h5><\/h5>\n<\/div><\/section><\/div><div  class='flex_column av-1ac98y-a17bc5f7658685b014fd75825c1a7a49 av_one_fifth  avia-builder-el-11  el_after_av_three_fifth  avia-builder-el-last  flex_column_div'     ><\/div>\n\n<\/div><\/div><\/div><!-- close content main div --><\/div><\/div><div id='av_section_3'  class='avia-section av-10qx5e-1b6bcf598f5608666cc79ab89b66fcae alternate_color avia-section-default avia-no-border-styling  avia-builder-el-12  el_after_av_section  avia-builder-el-last  avia-bg-style-scroll container_wrap fullsize'  ><div class='container av-section-cont-open' ><div class='template-page content  av-content-full alpha units'><div class='post-entry post-entry-type-page post-entry-194'><div class='entry-content-wrapper clearfix'>\n<div  class='flex_column av-zdcfe-255b865083cce55da128f83a9f3a8798 av_one_full  avia-builder-el-13  avia-builder-el-no-sibling  first flex_column_div'     ><section  class='av_textblock_section av-pbpwq-56227c0512bb2008622892ff7205a9af'   itemscope=\"itemscope\" itemtype=\"https:\/\/schema.org\/CreativeWork\" ><div class='avia_textblock titel-silder'  itemprop=\"text\" ><h3>eine Auswahl unserer Maschinen<\/h3>\n<\/div><\/section><br \/>\n<br \/>\n\n<style type=\"text\/css\" data-created_by=\"avia_inline_auto\" id=\"style-css-av-h0doa-8c90793849cabbff236f2fb662a74ae3\">\n#top .hr.hr-invisible.av-h0doa-8c90793849cabbff236f2fb662a74ae3{\nheight:60px;\n}\n<\/style>\n<div  class='hr av-h0doa-8c90793849cabbff236f2fb662a74ae3 hr-invisible  avia-builder-el-16  el_after_av_codeblock  el_before_av_button'><span class='hr-inner'><span class=\"hr-inner-style\"><\/span><\/span><\/div><br \/>\n<div  class='avia-button-wrap av-bcixu-b8b1725173233106cd39289f9a8316dc-wrap avia-button-center  avia-builder-el-17  el_after_av_hr  avia-builder-el-last'><a href='https:\/\/logitecplus.com\/de\/our-products\/'  class='avia-button av-bcixu-b8b1725173233106cd39289f9a8316dc av-link-btn avia-icon_select-no avia-size-small avia-position-center avia-color-theme-color'   aria-label=\"Alle Maschinen anzeigen &lt;i class=&quot;fa-sharp fa-regular fa-arrow-right&quot;&gt;&lt;\/i&gt;\"><span class='avia_iconbox_title' >Alle Maschinen anzeigen <i class=\"fa-sharp fa-regular fa-arrow-right\"><\/i><\/span><\/a><\/div><\/p><\/div>","protected":false},"featured_media":195,"parent":0,"template":"","meta":{"_acf_changed":false,"_monsterinsights_skip_tracking":false,"_monsterinsights_sitenote_active":false,"_monsterinsights_sitenote_note":"","_monsterinsights_sitenote_category":0},"categorie":[7],"class_list":["post-194","product","type-product","status-publish","has-post-thumbnail","hentry","categorie-processing"],"acf":[],"_links":{"self":[{"href":"https:\/\/logitecplus.com\/de\/wp-json\/wp\/v2\/product\/194","targetHints":{"allow":["GET"]}}],"collection":[{"href":"https:\/\/logitecplus.com\/de\/wp-json\/wp\/v2\/product"}],"about":[{"href":"https:\/\/logitecplus.com\/de\/wp-json\/wp\/v2\/types\/product"}],"wp:featuredmedia":[{"embeddable":true,"href":"https:\/\/logitecplus.com\/de\/wp-json\/wp\/v2\/media\/195"}],"wp:attachment":[{"href":"https:\/\/logitecplus.com\/de\/wp-json\/wp\/v2\/media?parent=194"}],"wp:term":[{"taxonomy":"categorie","embeddable":true,"href":"https:\/\/logitecplus.com\/de\/wp-json\/wp\/v2\/categorie?post=194"}],"curies":[{"name":"wp","href":"https:\/\/api.w.org\/{rel}","templated":true}]}}