{"id":174,"date":"2024-07-11T14:07:50","date_gmt":"2024-07-11T14:07:50","guid":{"rendered":"https:\/\/logitecplus.com\/nieuw\/?page_id=174"},"modified":"2024-09-17T11:23:14","modified_gmt":"2024-09-17T09:23:14","slug":"brochures","status":"publish","type":"page","link":"https:\/\/logitecplus.com\/es\/brochures\/","title":{"rendered":"Folletos"},"content":{"rendered":"<style type=\"text\/css\" data-created_by=\"avia_inline_auto\" id=\"style-css-av-2o5xri-e00ce5f9bee3a879c4511c908525e353\">\n.avia-section.av-2o5xri-e00ce5f9bee3a879c4511c908525e353{\nbackground-color:#003477;\nbackground-image:url(https:\/\/logitecplus.com\/wp-content\/uploads\/2024\/08\/banner-brochure.jpg);\nbackground-repeat:no-repeat;\nbackground-position:50% 50%;\nbackground-attachment:scroll;\n}\n.avia-section.av-2o5xri-e00ce5f9bee3a879c4511c908525e353 .av-section-color-overlay{\nopacity:0.2;\nbackground-color:#003477;\n}\n<\/style>\n<div id='av_section_1'  class='avia-section av-2o5xri-e00ce5f9bee3a879c4511c908525e353 main_color avia-section-default avia-no-border-styling  avia-builder-el-0  el_before_av_section  avia-builder-el-first  avia-full-stretch avia-bg-style-scroll av-section-color-overlay-active av-minimum-height av-minimum-height-custom av-height-custom  container_wrap fullsize'  data-section-bg-repeat='stretch' data-av_minimum_height_px='585'><div class=\"av-section-color-overlay-wrap\"><div class=\"av-section-color-overlay\"><\/div><div class='container av-section-cont-open' style='height:585px'><main  role=\"main\" itemprop=\"mainContentOfPage\"  class='template-page content  av-content-full alpha units'><div class='post-entry post-entry-type-page post-entry-174'><div class='entry-content-wrapper clearfix'>\n<div  class='flex_column av-947py-0bf24536162018a1462ca663bc02b02d av_one_full  avia-builder-el-1  avia-builder-el-no-sibling  first flex_column_div'     ><section  class='av_textblock_section av-lyhce1a6-8c2ef03a868335b2560d41fef357be7f'   itemscope=\"itemscope\" itemtype=\"https:\/\/schema.org\/CreativeWork\" ><div class='avia_textblock banner-heading'  itemprop=\"text\" ><h1 style=\"text-align: center;\">Folletos<\/h1>\n<\/div><\/section><\/div>\n\n<\/div><\/div><\/main><!-- close content main element --><\/div><\/div><\/div><div id='av_section_2'  class='avia-section av-2eimoe-c2f38938e020190dd4d08b545fce2fa8 main_color avia-section-default avia-no-border-styling  avia-builder-el-3  el_after_av_section  el_before_av_section  avia-bg-style-scroll container_wrap fullsize'  ><div class='container av-section-cont-open' ><div class='template-page content  av-content-full alpha units'><div class='post-entry post-entry-type-page post-entry-174'><div class='entry-content-wrapper clearfix'>\n<div class='flex_column_table av-lyhceyd2-3666de68c47d4520e985176f66da1c9a sc-av_three_fifth av-equal-height-column-flextable'>\n<style type=\"text\/css\" data-created_by=\"avia_inline_auto\" id=\"style-css-av-lyhceyd2-3666de68c47d4520e985176f66da1c9a\">\n.flex_column.av-lyhceyd2-3666de68c47d4520e985176f66da1c9a{\nwidth:58.8%;\nmargin-left:0;\n}\n#top .flex_column_table.av-equal-height-column-flextable.av-lyhceyd2-3666de68c47d4520e985176f66da1c9a .av-flex-placeholder{\nwidth:3%;\n}\n<\/style>\n<div  class='flex_column av-lyhceyd2-3666de68c47d4520e985176f66da1c9a av_three_fifth  avia-builder-el-4  el_before_av_two_fifth  avia-builder-el-first  first flex_column_table_cell av-equal-height-column av-align-top'     ><section  class='av_textblock_section av-lyhcekmu-83b6f68c2e423100346087d910aec19c'   itemscope=\"itemscope\" itemtype=\"https:\/\/schema.org\/CreativeWork\" ><div class='avia_textblock'  itemprop=\"text\" ><h1>Folletos<\/h1>\n<p>Aqu\u00ed encontrar\u00e1 nuestros folletos con nuestras l\u00edneas de productos. Descargue y consulte nuestros folletos a trav\u00e9s del siguiente bot\u00f3n.<\/p>\n<\/div><\/section><br \/>\n\n<style type=\"text\/css\" data-created_by=\"avia_inline_auto\" id=\"style-css-av-8lae6-f33778e2bef8606c8cc1571716db813d\">\n#top .hr.hr-invisible.av-8lae6-f33778e2bef8606c8cc1571716db813d{\nheight:30px;\n}\n<\/style>\n<div  class='hr av-8lae6-f33778e2bef8606c8cc1571716db813d hr-invisible  avia-builder-el-6  el_after_av_textblock  el_before_av_buttonrow'><span class='hr-inner'><span class=\"hr-inner-style\"><\/span><\/span><\/div><br \/>\n<div  class='avia-buttonrow-wrap av-m0cezc6k-d2d2803457013a1ce4fd4e502133d7fb avia-buttonrow-center  avia-builder-el-7  el_after_av_hr  avia-builder-el-last'>\n\n<style type=\"text\/css\" data-created_by=\"avia_inline_auto\" id=\"style-css-av-m0ceww3z-4b35f6f546d70080a767d467298114eb\">\n#top #wrap_all .avia-button.av-m0ceww3z-4b35f6f546d70080a767d467298114eb{\nmargin-bottom:5px;\nmargin-right:3px;\nmargin-left:3px;\n}\n<\/style>\n<a href='https:\/\/logitecplus.com\/wp-content\/uploads\/2024\/07\/2024-Brochure-Batchmixer.pdf'  class='avia-button av-m0ceww3z-4b35f6f546d70080a767d467298114eb avia-icon_select-no avia-size-small avia-color-theme-color'  target=\"_blank\"  rel=\"noopener noreferrer\"  aria-label=\"Mezcladora por lotes\"><span class='avia_iconbox_title' >Mezcladora por lotes<\/span><\/a>\n\n<style type=\"text\/css\" data-created_by=\"avia_inline_auto\" id=\"style-css-av-m0cexobm-2ab0eeb33f085fef257ecf9502c1b8c8\">\n#top #wrap_all .avia-button.av-m0cexobm-2ab0eeb33f085fef257ecf9502c1b8c8{\nmargin-bottom:5px;\nmargin-right:3px;\nmargin-left:3px;\n}\n<\/style>\n<a href='https:\/\/logitecplus.com\/wp-content\/uploads\/2024\/07\/2024-Brochure-CM100.pdf'  class='avia-button av-m0cexobm-2ab0eeb33f085fef257ecf9502c1b8c8 avia-icon_select-no avia-size-small avia-color-theme-color'  target=\"_blank\"  rel=\"noopener noreferrer\"  aria-label=\"Molino de coco CM100\"><span class='avia_iconbox_title' >Molino de coco CM100<\/span><\/a>\n\n<style type=\"text\/css\" data-created_by=\"avia_inline_auto\" id=\"style-css-av-m0ceycoa-76bb0c795f36c55fd3e1fb4b79870d89\">\n#top #wrap_all .avia-button.av-m0ceycoa-76bb0c795f36c55fd3e1fb4b79870d89{\nmargin-bottom:5px;\nmargin-right:3px;\nmargin-left:3px;\n}\n<\/style>\n<a href='https:\/\/logitecplus.com\/wp-content\/uploads\/2024\/07\/2024-Brochure-CM200.pdf'  class='avia-button av-m0ceycoa-76bb0c795f36c55fd3e1fb4b79870d89 avia-icon_select-no avia-size-small avia-color-theme-color'  target=\"_blank\"  rel=\"noopener noreferrer\"  aria-label=\"Molino de coco CM200\"><span class='avia_iconbox_title' >Molino de coco CM200<\/span><\/a>\n\n<style type=\"text\/css\" data-created_by=\"avia_inline_auto\" id=\"style-css-av-m0ceza3z-d4b7148ba889761ec039af2abaeb6de0\">\n#top #wrap_all .avia-button.av-m0ceza3z-d4b7148ba889761ec039af2abaeb6de0{\nmargin-bottom:5px;\nmargin-right:3px;\nmargin-left:3px;\n}\n<\/style>\n<a href='https:\/\/logitecplus.com\/wp-content\/uploads\/2024\/07\/2024-Brochure-DB40-1.pdf'  class='avia-button av-m0ceza3z-d4b7148ba889761ec039af2abaeb6de0 avia-icon_select-no avia-size-small avia-color-theme-color'  target=\"_blank\"  rel=\"noopener noreferrer\"  aria-label=\"Big Dale Dosage Bunker DB40\"><span class='avia_iconbox_title' >Big Dale Dosage Bunker DB40<\/span><\/a>\n\n<style type=\"text\/css\" data-created_by=\"avia_inline_auto\" id=\"style-css-av-m14yw54c-691498470c9a761c1f38abc2e3ed3b7d\">\n#top #wrap_all .avia-button.av-m14yw54c-691498470c9a761c1f38abc2e3ed3b7d{\nmargin-bottom:5px;\nmargin-right:3px;\nmargin-left:3px;\n}\n<\/style>\n<a href='https:\/\/logitecplus.com\/wp-content\/uploads\/2024\/09\/2023-Logitec-Plus-Company-Brochure.pdf'  class='avia-button av-m14yw54c-691498470c9a761c1f38abc2e3ed3b7d avia-icon_select-no avia-size-small avia-color-theme-color'   aria-label=\"Folleto general\"><span class='avia_iconbox_title' >Folleto general<\/span><\/a>\n<\/div><\/p><\/div><div class='av-flex-placeholder'><\/div>\n<style type=\"text\/css\" data-created_by=\"avia_inline_auto\" id=\"style-css-av-2ase46-95ec3747ed13aff7a3104cc3fb38fb90\">\n.flex_column.av-2ase46-95ec3747ed13aff7a3104cc3fb38fb90{\nwidth:38.2%;\nmargin-left:0;\n}\n#top .flex_column_table.av-equal-height-column-flextable.av-2ase46-95ec3747ed13aff7a3104cc3fb38fb90 .av-flex-placeholder{\nwidth:3%;\n}\n<\/style>\n<div  class='flex_column av-2ase46-95ec3747ed13aff7a3104cc3fb38fb90 av_two_fifth  avia-builder-el-8  el_after_av_three_fifth  avia-builder-el-last  flex_column_table_cell av-equal-height-column av-align-top'     ><style type=\"text\/css\" data-created_by=\"avia_inline_auto\" id=\"style-css-av-lyhcet1d-8911e026d1faa08d6bdf8b32b90d31b3\">\n.avia-image-container.av-lyhcet1d-8911e026d1faa08d6bdf8b32b90d31b3 img.avia_image{\nbox-shadow:none;\n}\n.avia-image-container.av-lyhcet1d-8911e026d1faa08d6bdf8b32b90d31b3 .av-image-caption-overlay-center{\ncolor:#ffffff;\n}\n<\/style>\n<div  class='avia-image-container av-lyhcet1d-8911e026d1faa08d6bdf8b32b90d31b3 av-styling-no-styling avia-align-center  avia-builder-el-9  avia-builder-el-no-sibling'   itemprop=\"image\" itemscope=\"itemscope\" itemtype=\"https:\/\/schema.org\/ImageObject\" ><div class=\"avia-image-container-inner\"><div class=\"avia-image-overlay-wrap\"><img decoding=\"async\" fetchpriority=\"high\" class='wp-image-350 avia-img-lazy-loading-not-350 avia_image' src=\"https:\/\/logitecplus.com\/wp-content\/uploads\/2024\/08\/brochures.jpg\" alt='' title='folletos'  height=\"533\" width=\"486\"  itemprop=\"thumbnailUrl\" srcset=\"https:\/\/logitecplus.com\/wp-content\/uploads\/2024\/08\/brochures.jpg 486w, https:\/\/logitecplus.com\/wp-content\/uploads\/2024\/08\/brochures-274x300.jpg 274w\" sizes=\"(max-width: 486px) 100vw, 486px\" \/><\/div><\/div><\/div><\/div><\/div><!--close column table wrapper. Autoclose: 1 --><\/div><\/div><\/div><!-- close content main div --><\/div><\/div><div id='av_section_3'  class='avia-section av-x1iny-4c6edf98f6600225a64f368f25f1d5cd alternate_color avia-section-default avia-no-border-styling  avia-builder-el-10  el_after_av_section  avia-builder-el-last  avia-bg-style-scroll container_wrap fullsize'  ><div class='container av-section-cont-open' ><div class='template-page content  av-content-full alpha units'><div class='post-entry post-entry-type-page post-entry-174'><div class='entry-content-wrapper clearfix'>\n<div  class='flex_column av-ql9jy-fdf84a5e5907a807801ca6bfc38837d7 av_one_full  avia-builder-el-11  avia-builder-el-no-sibling  first flex_column_div'     ><section  class='av_textblock_section av-kz6v2-24b000ed598a233d8b925ee38b087bf1'   itemscope=\"itemscope\" itemtype=\"https:\/\/schema.org\/CreativeWork\" ><div class='avia_textblock titel-silder'  itemprop=\"text\" ><h3>una selecci\u00f3n de nuestras m\u00e1quinas<\/h3>\n<\/div><\/section><br \/>\n<br \/>\n\n<style type=\"text\/css\" data-created_by=\"avia_inline_auto\" id=\"style-css-av-9dorq-845ae1efc8f6a85cf829461e4fa31874\">\n#top .hr.hr-invisible.av-9dorq-845ae1efc8f6a85cf829461e4fa31874{\nheight:60px;\n}\n<\/style>\n<div  class='hr av-9dorq-845ae1efc8f6a85cf829461e4fa31874 hr-invisible  avia-builder-el-14  el_after_av_codeblock  el_before_av_button'><span class='hr-inner'><span class=\"hr-inner-style\"><\/span><\/span><\/div><br \/>\n<div  class='avia-button-wrap av-lyhch63x-a16210af4fb678eb6f64ba5385558176-wrap avia-button-center  avia-builder-el-15  el_after_av_hr  avia-builder-el-last'><a href='https:\/\/logitecplus.com\/es\/our-products\/'  class='avia-button av-lyhch63x-a16210af4fb678eb6f64ba5385558176 av-link-btn avia-icon_select-no avia-size-small avia-position-center avia-color-theme-color'   aria-label=\"Ver todas las m\u00e1quinas &lt;i class=&quot;fa-sharp fa-regular fa-arrow-right&quot;&gt;&lt;\/i&gt;\"><span class='avia_iconbox_title' >Ver todas las m\u00e1quinas <i class=\"fa-sharp fa-regular fa-arrow-right\"><\/i><\/span><\/a><\/div><\/p><\/div>\n<\/p>","protected":false},"excerpt":{"rendered":"","protected":false},"author":1,"featured_media":0,"parent":0,"menu_order":0,"comment_status":"closed","ping_status":"closed","template":"","meta":{"_acf_changed":false,"_monsterinsights_skip_tracking":false,"_monsterinsights_sitenote_active":false,"_monsterinsights_sitenote_note":"","_monsterinsights_sitenote_category":0,"footnotes":""},"class_list":["post-174","page","type-page","status-publish","hentry"],"acf":[],"_links":{"self":[{"href":"https:\/\/logitecplus.com\/es\/wp-json\/wp\/v2\/pages\/174","targetHints":{"allow":["GET"]}}],"collection":[{"href":"https:\/\/logitecplus.com\/es\/wp-json\/wp\/v2\/pages"}],"about":[{"href":"https:\/\/logitecplus.com\/es\/wp-json\/wp\/v2\/types\/page"}],"author":[{"embeddable":true,"href":"https:\/\/logitecplus.com\/es\/wp-json\/wp\/v2\/users\/1"}],"replies":[{"embeddable":true,"href":"https:\/\/logitecplus.com\/es\/wp-json\/wp\/v2\/comments?post=174"}],"version-history":[{"count":12,"href":"https:\/\/logitecplus.com\/es\/wp-json\/wp\/v2\/pages\/174\/revisions"}],"predecessor-version":[{"id":717,"href":"https:\/\/logitecplus.com\/es\/wp-json\/wp\/v2\/pages\/174\/revisions\/717"}],"wp:attachment":[{"href":"https:\/\/logitecplus.com\/es\/wp-json\/wp\/v2\/media?parent=174"}],"curies":[{"name":"wp","href":"https:\/\/api.w.org\/{rel}","templated":true}]}}