{"id":24,"date":"2024-07-04T11:41:37","date_gmt":"2024-07-04T11:41:37","guid":{"rendered":"https:\/\/logitecplus.com\/nieuw\/?page_id=24"},"modified":"2026-01-13T10:58:34","modified_gmt":"2026-01-13T09:58:34","slug":"home","status":"publish","type":"page","link":"https:\/\/logitecplus.com\/es\/","title":{"rendered":"Inicio"},"content":{"rendered":"<style type=\"text\/css\" data-created_by=\"avia_inline_auto\" id=\"style-css-av-lyfwalfg-dd37de89c75519145657ca0011fc60d0\">\n.avia-section.av-lyfwalfg-dd37de89c75519145657ca0011fc60d0{\nbackground-repeat:no-repeat;\nbackground-image:url(https:\/\/logitecplus.com\/wp-content\/uploads\/2024\/09\/banner-home-01.jpg);\nbackground-position:50% 50%;\nbackground-attachment:scroll;\n}\n.avia-section.av-lyfwalfg-dd37de89c75519145657ca0011fc60d0 .av-section-color-overlay{\nopacity:0.6;\nbackground-color:#003477;\n}\n<\/style>\n<div id='av_section_1'  class='avia-section av-lyfwalfg-dd37de89c75519145657ca0011fc60d0 main_color avia-section-default avia-no-border-styling  avia-builder-el-0  el_before_av_section  avia-builder-el-first  avia-bg-style-scroll av-section-color-overlay-active av-minimum-height av-minimum-height-custom av-height-custom  container_wrap fullsize'  data-section-bg-repeat='no-repeat' data-av_minimum_height_px='800'><div class=\"av-section-color-overlay-wrap\"><div class=\"av-section-color-overlay\"><\/div><div class='container av-section-cont-open' style='height:800px'><main  role=\"main\" itemprop=\"mainContentOfPage\"  class='template-page content  av-content-full alpha units'><div class='post-entry post-entry-type-page post-entry-24'><div class='entry-content-wrapper clearfix'>\n<div  class='flex_column av-yclc-140a13323d082d751f2763f138628d7b av_two_third  avia-builder-el-1  avia-builder-el-no-sibling  first flex_column_div'     ><style type=\"text\/css\" data-created_by=\"avia_inline_auto\" id=\"style-css-av-lyfwbj8n-10345bbbeeb82193dc2c65278b0135cf\">\n#top .av_textblock_section.av-lyfwbj8n-10345bbbeeb82193dc2c65278b0135cf .avia_textblock{\ncolor:#ffffff;\n}\n<\/style>\n<section  class='av_textblock_section av-lyfwbj8n-10345bbbeeb82193dc2c65278b0135cf'   itemscope=\"itemscope\" itemtype=\"https:\/\/schema.org\/CreativeWork\" ><div class='avia_textblock banner-heading av_inherit_color'  itemprop=\"text\" ><h1>Proveedor l\u00edder de<br \/>\nSoluciones hort\u00edcolas<\/h1>\n<\/div><\/section><br \/>\n\n<style type=\"text\/css\" data-created_by=\"avia_inline_auto\" id=\"style-css-av-lyh5zj62-ae223e28dcbaaafa15d236262b6c36ca\">\n#top .hr.hr-invisible.av-lyh5zj62-ae223e28dcbaaafa15d236262b6c36ca{\nheight:15px;\n}\n<\/style>\n<div  class='hr av-lyh5zj62-ae223e28dcbaaafa15d236262b6c36ca hr-invisible  avia-builder-el-3  el_after_av_textblock  el_before_av_textblock'><span class='hr-inner'><span class=\"hr-inner-style\"><\/span><\/span><\/div><br \/>\n\n<style type=\"text\/css\" data-created_by=\"avia_inline_auto\" id=\"style-css-av-lyfwbybj-9dd04b274422133e7eb78d81a3037513\">\n#top .av_textblock_section.av-lyfwbybj-9dd04b274422133e7eb78d81a3037513 .avia_textblock{\ncolor:#ffffff;\n}\n<\/style>\n<section  class='av_textblock_section av-lyfwbybj-9dd04b274422133e7eb78d81a3037513'   itemscope=\"itemscope\" itemtype=\"https:\/\/schema.org\/CreativeWork\" ><div class='avia_textblock banner-links av_inherit_color'  itemprop=\"text\" ><ul>\n<li>Tecnolog\u00eda innovadora<\/li>\n<li>Soluciones sostenibles<\/li>\n<li>Alcance mundial (m\u00e1s de 100 pa\u00edses)<\/li>\n<li>M\u00e1s de 20 a\u00f1os de experiencia en los Pa\u00edses Bajos<\/li>\n<\/ul>\n<\/div><\/section><\/p><\/div>\n\n<\/div><\/div><\/main><!-- close content main element --><\/div><\/div><\/div><div id='av_section_2'  class='avia-section av-utl4-2b676fce981fe392acce27d65a5b4538 main_color avia-section-default avia-no-border-styling  avia-builder-el-5  el_after_av_section  el_before_av_section  avia-bg-style-scroll container_wrap fullsize'  ><div class='container av-section-cont-open' ><div class='template-page content  av-content-full alpha units'><div class='post-entry post-entry-type-page post-entry-24'><div class='entry-content-wrapper clearfix'>\n<div class='flex_column_table av-1iueg-3cf060f32138f6e00ff31ff2b69cdbae sc-av_one_half av-equal-height-column-flextable'>\n<style type=\"text\/css\" data-created_by=\"avia_inline_auto\" id=\"style-css-av-1iueg-3cf060f32138f6e00ff31ff2b69cdbae\">\n.flex_column.av-1iueg-3cf060f32138f6e00ff31ff2b69cdbae{\nwidth:48.5%;\nmargin-left:0;\n}\n#top .flex_column_table.av-equal-height-column-flextable.av-1iueg-3cf060f32138f6e00ff31ff2b69cdbae .av-flex-placeholder{\nwidth:3%;\n}\n<\/style>\n<div  class='flex_column av-1iueg-3cf060f32138f6e00ff31ff2b69cdbae av_one_half  avia-builder-el-6  el_before_av_one_half  avia-builder-el-first  first flex_column_table_cell av-equal-height-column av-align-middle'     ><p>\n<style type=\"text\/css\" data-created_by=\"avia_inline_auto\" id=\"style-css-av-lyfwd66t-e78fcecac30b171855dad6789ca8e41c\">\n#top .av-special-heading.av-lyfwd66t-e78fcecac30b171855dad6789ca8e41c{\npadding-bottom:10px;\n}\nbody .av-special-heading.av-lyfwd66t-e78fcecac30b171855dad6789ca8e41c .av-special-heading-tag .heading-char{\nfont-size:25px;\n}\n.av-special-heading.av-lyfwd66t-e78fcecac30b171855dad6789ca8e41c .av-subheading{\nfont-size:15px;\n}\n<\/style>\n<div  class='av-special-heading av-lyfwd66t-e78fcecac30b171855dad6789ca8e41c av-special-heading-h1 blockquote modern-quote  avia-builder-el-7  el_before_av_textblock  avia-builder-el-first'><div class='av-subheading av-subheading_above'><p>Qui\u00e9nes somos<\/p>\n<\/div><h1 class='av-special-heading-tag'  itemprop=\"headline\"  >Proveedor l\u00edder de soluciones hort\u00edcolas<\/h1><div class=\"special-heading-border\"><div class=\"special-heading-inner-border\"><\/div><\/div><\/div><br \/>\n<section  class='av_textblock_section av-lyfwdwn5-dfcdabb5853428c65fc83dbd1e0a6e35'   itemscope=\"itemscope\" itemtype=\"https:\/\/schema.org\/CreativeWork\" ><div class='avia_textblock'  itemprop=\"text\" ><p>Logitec Plus es un fabricante holand\u00e9s de primera l\u00ednea que ofrece soluciones avanzadas de automatizaci\u00f3n para agricultores. Desde 1998, nos hemos centrado en reducir los costes de transporte y minimizar el impacto medioambiental. Nuestra amplia experiencia y nuestra red mundial de distribuidores garantizan un servicio y una asistencia de primera categor\u00eda.<\/p>\n<h2>Maquinaria innovadora y sostenible<\/h2>\n<p>Logitec Plus ofrece sus servicios a clientes de m\u00e1s de 100 pa\u00edses:<\/p>\n<ul>\n<li>Dosificadores Big Bale<\/li>\n<li>Coco Mills<\/li>\n<li>L\u00edneas de mezcla de sustratos<\/li>\n<li>L\u00edneas de manipulaci\u00f3n de suelos<\/li>\n<\/ul>\n<\/div><\/section><br \/>\n\n<style type=\"text\/css\" data-created_by=\"avia_inline_auto\" id=\"style-css-av-28rw0-4d7cf565f85acdc3fd9d427d4d1d0293\">\n#top .hr.hr-invisible.av-28rw0-4d7cf565f85acdc3fd9d427d4d1d0293{\nheight:30px;\n}\n<\/style>\n<div  class='hr av-28rw0-4d7cf565f85acdc3fd9d427d4d1d0293 hr-invisible  avia-builder-el-9  el_after_av_textblock  el_before_av_button'><span class='hr-inner'><span class=\"hr-inner-style\"><\/span><\/span><\/div><br \/>\n<div  class='avia-button-wrap av-1jm0w-28bc21b5672c28e4100bae4f69eab91f-wrap avia-button-left  avia-builder-el-10  el_after_av_hr  avia-builder-el-last'><a href='https:\/\/logitecplus.com\/es\/about-us\/'  class='avia-button av-1jm0w-28bc21b5672c28e4100bae4f69eab91f av-link-btn avia-icon_select-no avia-size-small avia-position-left avia-color-theme-color'   aria-label=\"Sobre nosotros &lt;i class=&quot;fa-sharp fa-regular fa-arrow-right&quot;&gt;&lt;\/i&gt;\"><span class='avia_iconbox_title' >Qui\u00e9nes somos <i class=\"fa-sharp fa-regular fa-arrow-right\"><\/i><\/span><\/a><\/div><\/p><\/div><div class='av-flex-placeholder'><\/div>\n<style type=\"text\/css\" data-created_by=\"avia_inline_auto\" id=\"style-css-av-q75g-1a171fd2d46be9899c7236f99c65105e\">\n.flex_column.av-q75g-1a171fd2d46be9899c7236f99c65105e{\nwidth:48.5%;\nmargin-left:0;\n}\n#top .flex_column_table.av-equal-height-column-flextable.av-q75g-1a171fd2d46be9899c7236f99c65105e .av-flex-placeholder{\nwidth:3%;\n}\n<\/style>\n<div  class='flex_column av-q75g-1a171fd2d46be9899c7236f99c65105e av_one_half  avia-builder-el-11  el_after_av_one_half  avia-builder-el-last  flex_column_table_cell av-equal-height-column av-align-middle'     ><p>\n<style type=\"text\/css\" data-created_by=\"avia_inline_auto\" id=\"style-css-av-lyfwfm9n-9cfee96acffa8c0f111de74e13496c45\">\n.avia-image-container.av-lyfwfm9n-9cfee96acffa8c0f111de74e13496c45 img.avia_image{\nbox-shadow:none;\n}\n.avia-image-container.av-lyfwfm9n-9cfee96acffa8c0f111de74e13496c45 .av-image-caption-overlay-center{\ncolor:#ffffff;\n}\n<\/style>\n<div  class='avia-image-container av-lyfwfm9n-9cfee96acffa8c0f111de74e13496c45 av-styling-no-styling avia-align-center  avia-builder-el-12  el_before_av_video  avia-builder-el-first'   itemprop=\"image\" itemscope=\"itemscope\" itemtype=\"https:\/\/schema.org\/ImageObject\" ><div class=\"avia-image-container-inner\"><div class=\"avia-image-overlay-wrap\"><img decoding=\"async\" fetchpriority=\"high\" class='wp-image-74 avia-img-lazy-loading-not-74 avia_image' src=\"https:\/\/logitecplus.com\/wp-content\/uploads\/2024\/07\/Foto01.jpg\" alt='' title='Foto01'  height=\"1480\" width=\"1440\"  itemprop=\"thumbnailUrl\" srcset=\"https:\/\/logitecplus.com\/wp-content\/uploads\/2024\/07\/Foto01.jpg 1440w, https:\/\/logitecplus.com\/wp-content\/uploads\/2024\/07\/Foto01-292x300.jpg 292w, https:\/\/logitecplus.com\/wp-content\/uploads\/2024\/07\/Foto01-1002x1030.jpg 1002w, https:\/\/logitecplus.com\/wp-content\/uploads\/2024\/07\/Foto01-768x789.jpg 768w, https:\/\/logitecplus.com\/wp-content\/uploads\/2024\/07\/Foto01-36x36.jpg 36w, https:\/\/logitecplus.com\/wp-content\/uploads\/2024\/07\/Foto01-686x705.jpg 686w\" sizes=\"(max-width: 1440px) 100vw, 1440px\" \/><\/div><\/div><\/div><br \/>\n<div  class='avia-video av-mkcf52vc-3b9c4acf37c71487c9d0114c8b2e0e72 avia-video-16-9 av-no-preview-image avia-video-load-always av-lazyload-immediate av-lazyload-video-embed'  itemprop=\"video\" itemtype=\"https:\/\/schema.org\/VideoObject\"  data-original_url='https:\/\/www.youtube.com\/watch?v=npy_xgujuaU'><script type='text\/html' class='av-video-tmpl'><div class='avia-iframe-wrap'><iframe loading=\"lazy\" title=\"Logitec Plus Peat Sod Fractioning Line\" width=\"1500\" height=\"844\" src=\"https:\/\/www.youtube.com\/embed\/npy_xgujuaU?feature=oembed&autoplay=1&loop=1&controls=0&mute=1&playlist=npy_xgujuaU\" frameborder=\"0\" allow=\"accelerometer; autoplay; clipboard-write; encrypted-media; gyroscope; picture-in-picture; web-share\" referrerpolicy=\"strict-origin-when-cross-origin\" allowfullscreen><\/iframe><\/div><\/script><div class='av-click-to-play-overlay'><div class=\"avia_playpause_icon\"><\/div><\/div><\/div><\/p><\/div><\/div><!--close column table wrapper. Autoclose: 1 --><\/div><\/div><\/div><!-- close content main div --><\/div><\/div><div id='av_section_3'  class='avia-section av-lyfwmj8m-758f3108e1bbf0aaeba42eff78515f65 alternate_color avia-section-default avia-no-border-styling  avia-builder-el-14  el_after_av_section  el_before_av_section  avia-bg-style-scroll container_wrap fullsize'  ><div class='container av-section-cont-open' ><div class='template-page content  av-content-full alpha units'><div class='post-entry post-entry-type-page post-entry-24'><div class='entry-content-wrapper clearfix'>\n<div  class='flex_column av-np10-8ba94bc22425b1333a987f96d57db842 av_one_full  avia-builder-el-15  avia-builder-el-no-sibling  first flex_column_div'     ><section  class='av_textblock_section av-lyfwmfg6-2c24dca7f40047bbebe71c5b9b7dfbca'   itemscope=\"itemscope\" itemtype=\"https:\/\/schema.org\/CreativeWork\" ><div class='avia_textblock titel-silder'  itemprop=\"text\" ><h3>una selecci\u00f3n de nuestras m\u00e1quinas<\/h3>\n<\/div><\/section><br \/>\n<br \/>\n\n<style type=\"text\/css\" data-created_by=\"avia_inline_auto\" id=\"style-css-av-lygzqgit-75cfb92cc6d611246f29703278da4190\">\n#top .hr.hr-invisible.av-lygzqgit-75cfb92cc6d611246f29703278da4190{\nheight:60px;\n}\n<\/style>\n<div  class='hr av-lygzqgit-75cfb92cc6d611246f29703278da4190 hr-invisible  avia-builder-el-18  el_after_av_codeblock  el_before_av_button'><span class='hr-inner'><span class=\"hr-inner-style\"><\/span><\/span><\/div><br \/>\n<div  class='avia-button-wrap av-pxi8-198b5854eb8dc31e89f83c76b568eea7-wrap avia-button-center  avia-builder-el-19  el_after_av_hr  avia-builder-el-last'><a href=''  class='avia-button av-pxi8-198b5854eb8dc31e89f83c76b568eea7 av-link-btn avia-icon_select-no avia-size-small avia-position-center avia-color-theme-color'   aria-label=\"Ver todas las m\u00e1quinas &lt;i class=&quot;fa-sharp fa-regular fa-arrow-right&quot;&gt;&lt;\/i&gt;\"><span class='avia_iconbox_title' >Ver todas las m\u00e1quinas <i class=\"fa-sharp fa-regular fa-arrow-right\"><\/i><\/span><\/a><\/div><\/p><\/div>\n<\/p>\n<\/div><\/div><\/div><!-- close content main div --><\/div><\/div><div id='av_section_4'  class='avia-section av-1loeo-b44932514d76e4844946baf8806bcf1d main_color avia-section-default avia-no-border-styling  avia-builder-el-20  el_after_av_section  avia-builder-el-last  avia-bg-style-scroll container_wrap fullsize'  ><div class='container av-section-cont-open' ><div class='template-page content  av-content-full alpha units'><div class='post-entry post-entry-type-page post-entry-24'><div class='entry-content-wrapper clearfix'>\n<div class='flex_column_table av-lyfwoiuw-6b495536a686e9c5bf97a3bd6e4de751 sc-av_one_half av-equal-height-column-flextable'>\n<style type=\"text\/css\" data-created_by=\"avia_inline_auto\" id=\"style-css-av-lyfwoiuw-6b495536a686e9c5bf97a3bd6e4de751\">\n.flex_column.av-lyfwoiuw-6b495536a686e9c5bf97a3bd6e4de751{\nwidth:48.5%;\nmargin-left:0;\n}\n#top .flex_column_table.av-equal-height-column-flextable.av-lyfwoiuw-6b495536a686e9c5bf97a3bd6e4de751 .av-flex-placeholder{\nwidth:3%;\n}\n<\/style>\n<div  class='flex_column av-lyfwoiuw-6b495536a686e9c5bf97a3bd6e4de751 av_one_half  avia-builder-el-21  el_before_av_one_half  avia-builder-el-first  first flex_column_table_cell av-equal-height-column av-align-middle'     ><style type=\"text\/css\" data-created_by=\"avia_inline_auto\" id=\"style-css-av-lyfwnr2f-5bbd2959aace0d5d83f9e0090c562891\">\n.avia-image-container.av-lyfwnr2f-5bbd2959aace0d5d83f9e0090c562891 img.avia_image{\nbox-shadow:none;\n}\n.avia-image-container.av-lyfwnr2f-5bbd2959aace0d5d83f9e0090c562891 .av-image-caption-overlay-center{\ncolor:#ffffff;\n}\n<\/style>\n<div  class='avia-image-container av-lyfwnr2f-5bbd2959aace0d5d83f9e0090c562891 av-styling-no-styling avia-align-center  avia-builder-el-22  avia-builder-el-no-sibling'   itemprop=\"image\" itemscope=\"itemscope\" itemtype=\"https:\/\/schema.org\/ImageObject\" ><div class=\"avia-image-container-inner\"><div class=\"avia-image-overlay-wrap\"><img decoding=\"async\" fetchpriority=\"high\" class='wp-image-78 avia-img-lazy-loading-not-78 avia_image' src=\"https:\/\/logitecplus.com\/wp-content\/uploads\/2024\/07\/Foto02.jpg\" alt='' title='Foto02'  height=\"1022\" width=\"1440\"  itemprop=\"thumbnailUrl\" srcset=\"https:\/\/logitecplus.com\/wp-content\/uploads\/2024\/07\/Foto02.jpg 1440w, https:\/\/logitecplus.com\/wp-content\/uploads\/2024\/07\/Foto02-300x213.jpg 300w, https:\/\/logitecplus.com\/wp-content\/uploads\/2024\/07\/Foto02-1030x731.jpg 1030w, https:\/\/logitecplus.com\/wp-content\/uploads\/2024\/07\/Foto02-768x545.jpg 768w, https:\/\/logitecplus.com\/wp-content\/uploads\/2024\/07\/Foto02-260x185.jpg 260w, https:\/\/logitecplus.com\/wp-content\/uploads\/2024\/07\/Foto02-705x500.jpg 705w\" sizes=\"(max-width: 1440px) 100vw, 1440px\" \/><\/div><\/div><\/div><\/div><div class='av-flex-placeholder'><\/div>\n<style type=\"text\/css\" data-created_by=\"avia_inline_auto\" id=\"style-css-av-yyfg-fadb3149be8ff04f200e51f2e14b5373\">\n.flex_column.av-yyfg-fadb3149be8ff04f200e51f2e14b5373{\nwidth:48.5%;\nmargin-left:0;\n}\n#top .flex_column_table.av-equal-height-column-flextable.av-yyfg-fadb3149be8ff04f200e51f2e14b5373 .av-flex-placeholder{\nwidth:3%;\n}\n<\/style>\n<div  class='flex_column av-yyfg-fadb3149be8ff04f200e51f2e14b5373 av_one_half  avia-builder-el-23  el_after_av_one_half  avia-builder-el-last  flex_column_table_cell av-equal-height-column av-align-middle'     ><p>\n<style type=\"text\/css\" data-created_by=\"avia_inline_auto\" id=\"style-css-av-lyfwo8re-86249c685a7f32836bad402ee4e52158\">\n#top .av-special-heading.av-lyfwo8re-86249c685a7f32836bad402ee4e52158{\npadding-bottom:10px;\n}\nbody .av-special-heading.av-lyfwo8re-86249c685a7f32836bad402ee4e52158 .av-special-heading-tag .heading-char{\nfont-size:25px;\n}\n.av-special-heading.av-lyfwo8re-86249c685a7f32836bad402ee4e52158 .av-subheading{\nfont-size:15px;\n}\n<\/style>\n<div  class='av-special-heading av-lyfwo8re-86249c685a7f32836bad402ee4e52158 av-special-heading-h1 blockquote modern-quote  avia-builder-el-24  el_before_av_textblock  avia-builder-el-first'><div class='av-subheading av-subheading_above'><p>Soluciones a medida<\/p>\n<\/div><h1 class='av-special-heading-tag'  itemprop=\"headline\"  >Soluciones de automatizaci\u00f3n a medida<\/h1><div class=\"special-heading-border\"><div class=\"special-heading-inner-border\"><\/div><\/div><\/div><br \/>\n<section  class='av_textblock_section av-lyfwnw23-d8a28529eabe869b43fb4b9ed2ed72e5'   itemscope=\"itemscope\" itemtype=\"https:\/\/schema.org\/CreativeWork\" ><div class='avia_textblock'  itemprop=\"text\" ><p>Nuestro equipo interno de dise\u00f1o en 3D elabora soluciones de automatizaci\u00f3n personalizadas adaptadas a sus necesidades. Colaboramos con los principales proveedores de m\u00e1quinas enmacetadoras, rellenadoras y transplantadoras para ofrecer soluciones llave en mano.<\/p>\n<\/div><\/section><br \/>\n\n<style type=\"text\/css\" data-created_by=\"avia_inline_auto\" id=\"style-css-av-lyfwugqd-cf58495fe40b761ade40c65dd69c2b89\">\n#top .hr.hr-invisible.av-lyfwugqd-cf58495fe40b761ade40c65dd69c2b89{\nheight:30px;\n}\n<\/style>\n<div  class='hr av-lyfwugqd-cf58495fe40b761ade40c65dd69c2b89 hr-invisible  avia-builder-el-26  el_after_av_textblock  el_before_av_button'><span class='hr-inner'><span class=\"hr-inner-style\"><\/span><\/span><\/div><br \/>\n<div  class='avia-button-wrap av-lyfwrc8e-e36538f15134d0b1f86e3212cc62fa4b-wrap avia-button-left  avia-builder-el-27  el_after_av_hr  avia-builder-el-last'><a href='https:\/\/logitecplus.com\/es\/our-products\/'  class='avia-button av-lyfwrc8e-e36538f15134d0b1f86e3212cc62fa4b av-link-btn avia-icon_select-no avia-size-small avia-position-left avia-color-theme-color'   aria-label=\"Explore nuestras soluciones &lt;i class=&quot;fa-sharp fa-regular fa-arrow-right&quot;&gt;&lt;\/i&gt;\"><span class='avia_iconbox_title' >Descubra nuestras soluciones <i class=\"fa-sharp fa-regular fa-arrow-right\"><\/i><\/span><\/a><\/div><\/p><\/div><\/div><!--close column table wrapper. Autoclose: 1 -->","protected":false},"excerpt":{"rendered":"","protected":false},"author":1,"featured_media":0,"parent":0,"menu_order":0,"comment_status":"closed","ping_status":"closed","template":"","meta":{"_acf_changed":false,"_monsterinsights_skip_tracking":false,"_monsterinsights_sitenote_active":false,"_monsterinsights_sitenote_note":"","_monsterinsights_sitenote_category":0,"footnotes":""},"class_list":["post-24","page","type-page","status-publish","hentry"],"acf":[],"_links":{"self":[{"href":"https:\/\/logitecplus.com\/es\/wp-json\/wp\/v2\/pages\/24","targetHints":{"allow":["GET"]}}],"collection":[{"href":"https:\/\/logitecplus.com\/es\/wp-json\/wp\/v2\/pages"}],"about":[{"href":"https:\/\/logitecplus.com\/es\/wp-json\/wp\/v2\/types\/page"}],"author":[{"embeddable":true,"href":"https:\/\/logitecplus.com\/es\/wp-json\/wp\/v2\/users\/1"}],"replies":[{"embeddable":true,"href":"https:\/\/logitecplus.com\/es\/wp-json\/wp\/v2\/comments?post=24"}],"version-history":[{"count":40,"href":"https:\/\/logitecplus.com\/es\/wp-json\/wp\/v2\/pages\/24\/revisions"}],"predecessor-version":[{"id":735,"href":"https:\/\/logitecplus.com\/es\/wp-json\/wp\/v2\/pages\/24\/revisions\/735"}],"wp:attachment":[{"href":"https:\/\/logitecplus.com\/es\/wp-json\/wp\/v2\/media?parent=24"}],"curies":[{"name":"wp","href":"https:\/\/api.w.org\/{rel}","templated":true}]}}