{"id":135,"date":"2024-07-11T07:40:30","date_gmt":"2024-07-11T07:40:30","guid":{"rendered":"https:\/\/logitecplus.com\/nieuw\/?post_type=product&#038;p=135"},"modified":"2026-03-20T14:10:16","modified_gmt":"2026-03-20T13:10:16","slug":"coco-mill-cm100","status":"publish","type":"product","link":"https:\/\/logitecplus.com\/es\/product\/coco-mill-cm100\/","title":{"rendered":"Molino de coco CM100"},"content":{"rendered":"<div id='av_section_1'  class='avia-section av-2wpjt3-82f71c9ce800902cb5ab44182de6c947 main_color avia-section-default avia-no-border-styling  avia-builder-el-0  el_before_av_submenu  avia-builder-el-first  avia-bg-style-scroll container_wrap fullsize'  ><div class='container av-section-cont-open' ><main  role=\"main\" itemprop=\"mainContentOfPage\"  class='template-page content  av-content-full alpha units'><div class='post-entry post-entry-type-page post-entry-135'><div class='entry-content-wrapper clearfix'>\n<div class='flex_column_table av-2rat07-a205a81b4a70adda23fbe32ffd67e13b sc-av_one_half av-equal-height-column-flextable'>\n<style type=\"text\/css\" data-created_by=\"avia_inline_auto\" id=\"style-css-av-2rat07-a205a81b4a70adda23fbe32ffd67e13b\">\n.flex_column.av-2rat07-a205a81b4a70adda23fbe32ffd67e13b{\nwidth:48.5%;\nmargin-left:0;\n}\n#top .flex_column_table.av-equal-height-column-flextable.av-2rat07-a205a81b4a70adda23fbe32ffd67e13b .av-flex-placeholder{\nwidth:3%;\n}\n<\/style>\n<div  class='flex_column av-2rat07-a205a81b4a70adda23fbe32ffd67e13b av_one_half  avia-builder-el-1  el_before_av_one_half  avia-builder-el-first  first flex_column_table_cell av-equal-height-column av-align-top'     ><style type=\"text\/css\" data-created_by=\"avia_inline_auto\" id=\"style-css-av-2jcci7-654afa8be87f09f84bef7f5189010ca1\">\n#top .avia-gallery.av-2jcci7-654afa8be87f09f84bef7f5189010ca1 .avia-gallery-thumb a{\nwidth:20%;\n}\n<\/style>\n<div  class='avia-gallery av-2jcci7-654afa8be87f09f84bef7f5189010ca1 avia_animate_when_visible  avia-builder-el-2  avia-builder-el-no-sibling  avia_lazyload av-slideshow-ui av-loop-manual-endless av-control-hidden av-navigate-arrows hover-effect av-control-hidden avia-gallery-animate avia-gallery-1'  itemprop=\"image\" itemscope=\"itemscope\" itemtype=\"https:\/\/schema.org\/ImageObject\" ><meta itemprop=\"contentURL\" content=\"https:\/\/logitecplus.com\/es\/product\/coco-mill-cm100\/\"><div class='avia-gallery-big-wrapper'><a class='avia-gallery-big fakeLightbox lightbox avia-gallery-big-crop-thumb' href=\"https:\/\/logitecplus.com\/wp-content\/uploads\/2024\/07\/CM100v1-1030x579.png\" data-srcset=\"https:\/\/logitecplus.com\/wp-content\/uploads\/2024\/07\/CM100v1-1030x579.png 1030w, https:\/\/logitecplus.com\/wp-content\/uploads\/2024\/07\/CM100v1-300x169.png 300w, https:\/\/logitecplus.com\/wp-content\/uploads\/2024\/07\/CM100v1-768x432.png 768w, https:\/\/logitecplus.com\/wp-content\/uploads\/2024\/07\/CM100v1-1536x864.png 1536w, https:\/\/logitecplus.com\/wp-content\/uploads\/2024\/07\/CM100v1-2048x1152.png 2048w, https:\/\/logitecplus.com\/wp-content\/uploads\/2024\/07\/CM100v1-18x10.png 18w, https:\/\/logitecplus.com\/wp-content\/uploads\/2024\/07\/CM100v1-1500x844.png 1500w, https:\/\/logitecplus.com\/wp-content\/uploads\/2024\/07\/CM100v1-705x397.png 705w\" data-sizes=\"(max-width: 1030px) 100vw, 1030px\"  data-onclick='1' title='CM100v1' ><span class='avia-gallery-big-inner'  itemprop=\"thumbnailUrl\" ><img decoding=\"async\" fetchpriority=\"high\" class=\"wp-image-742 avia-img-lazy-loading-not-742\"  width=\"1500\" height=\"844\" src=\"https:\/\/logitecplus.com\/wp-content\/uploads\/2024\/07\/CM100v1-1500x844.png\" title='CM100v1' alt='' srcset=\"https:\/\/logitecplus.com\/wp-content\/uploads\/2024\/07\/CM100v1-1500x844.png 1500w, https:\/\/logitecplus.com\/wp-content\/uploads\/2024\/07\/CM100v1-300x169.png 300w, https:\/\/logitecplus.com\/wp-content\/uploads\/2024\/07\/CM100v1-1030x579.png 1030w, https:\/\/logitecplus.com\/wp-content\/uploads\/2024\/07\/CM100v1-768x432.png 768w, https:\/\/logitecplus.com\/wp-content\/uploads\/2024\/07\/CM100v1-1536x864.png 1536w, https:\/\/logitecplus.com\/wp-content\/uploads\/2024\/07\/CM100v1-2048x1152.png 2048w, https:\/\/logitecplus.com\/wp-content\/uploads\/2024\/07\/CM100v1-18x10.png 18w, https:\/\/logitecplus.com\/wp-content\/uploads\/2024\/07\/CM100v1-705x397.png 705w\" sizes=\"(max-width: 1500px) 100vw, 1500px\" \/><\/span><\/a><\/div><div class='avia-gallery-thumb'><a href=\"https:\/\/logitecplus.com\/wp-content\/uploads\/2024\/07\/CM100v1-1030x579.png\" data-srcset=\"https:\/\/logitecplus.com\/wp-content\/uploads\/2024\/07\/CM100v1-1030x579.png 1030w, https:\/\/logitecplus.com\/wp-content\/uploads\/2024\/07\/CM100v1-300x169.png 300w, https:\/\/logitecplus.com\/wp-content\/uploads\/2024\/07\/CM100v1-768x432.png 768w, https:\/\/logitecplus.com\/wp-content\/uploads\/2024\/07\/CM100v1-1536x864.png 1536w, https:\/\/logitecplus.com\/wp-content\/uploads\/2024\/07\/CM100v1-2048x1152.png 2048w, https:\/\/logitecplus.com\/wp-content\/uploads\/2024\/07\/CM100v1-18x10.png 18w, https:\/\/logitecplus.com\/wp-content\/uploads\/2024\/07\/CM100v1-1500x844.png 1500w, https:\/\/logitecplus.com\/wp-content\/uploads\/2024\/07\/CM100v1-705x397.png 705w\" data-sizes=\"(max-width: 1030px) 100vw, 1030px\" data-rel='gallery-1' data-prev-img='https:\/\/logitecplus.com\/wp-content\/uploads\/2024\/07\/CM100v1-1500x844.png' class='first_thumb lightbox' data-onclick='1' title='CM100v1'  itemprop=\"thumbnailUrl\"  ><img decoding=\"async\" fetchpriority=\"high\" class=\"wp-image-742 avia-img-lazy-loading-not-742\"   src=\"https:\/\/logitecplus.com\/wp-content\/uploads\/2024\/07\/CM100v1-180x180.png\" width=\"180\" height=\"180\"  title='CM100v1' alt='' srcset=\"https:\/\/logitecplus.com\/wp-content\/uploads\/2024\/07\/CM100v1-180x180.png 180w, https:\/\/logitecplus.com\/wp-content\/uploads\/2024\/07\/CM100v1-80x80.png 80w, https:\/\/logitecplus.com\/wp-content\/uploads\/2024\/07\/CM100v1-36x36.png 36w\" sizes=\"(max-width: 180px) 100vw, 180px\" \/><div class='big-prev-fake'><img decoding=\"async\" loading=\"lazy\" class=\"wp-image-742 avia-img-lazy-loading-742\"  width=\"1500\" height=\"844\" src=\"https:\/\/logitecplus.com\/wp-content\/uploads\/2024\/07\/CM100v1-1500x844.png\" title='CM100v1' alt='' srcset=\"https:\/\/logitecplus.com\/wp-content\/uploads\/2024\/07\/CM100v1-1500x844.png 1500w, https:\/\/logitecplus.com\/wp-content\/uploads\/2024\/07\/CM100v1-300x169.png 300w, https:\/\/logitecplus.com\/wp-content\/uploads\/2024\/07\/CM100v1-1030x579.png 1030w, https:\/\/logitecplus.com\/wp-content\/uploads\/2024\/07\/CM100v1-768x432.png 768w, https:\/\/logitecplus.com\/wp-content\/uploads\/2024\/07\/CM100v1-1536x864.png 1536w, https:\/\/logitecplus.com\/wp-content\/uploads\/2024\/07\/CM100v1-2048x1152.png 2048w, https:\/\/logitecplus.com\/wp-content\/uploads\/2024\/07\/CM100v1-18x10.png 18w, https:\/\/logitecplus.com\/wp-content\/uploads\/2024\/07\/CM100v1-705x397.png 705w\" sizes=\"auto, (max-width: 1500px) 100vw, 1500px\" \/><\/div><\/a><\/div><\/div><\/div><div class='av-flex-placeholder'><\/div>\n<style type=\"text\/css\" data-created_by=\"avia_inline_auto\" id=\"style-css-av-2c0o7z-cdfaeae9d82cb438572be11b9c361f40\">\n.flex_column.av-2c0o7z-cdfaeae9d82cb438572be11b9c361f40{\nwidth:48.5%;\nmargin-left:0;\n}\n#top .flex_column_table.av-equal-height-column-flextable.av-2c0o7z-cdfaeae9d82cb438572be11b9c361f40 .av-flex-placeholder{\nwidth:3%;\n}\n<\/style>\n<div  class='flex_column av-2c0o7z-cdfaeae9d82cb438572be11b9c361f40 av_one_half  avia-builder-el-3  el_after_av_one_half  avia-builder-el-last  flex_column_table_cell av-equal-height-column av-align-top'     ><p>\n<style type=\"text\/css\" data-created_by=\"avia_inline_auto\" id=\"style-css-av-lyhcxp8c-6328937745dce3ba8077e635f8ef4ac6\">\n#top .av-special-heading.av-lyhcxp8c-6328937745dce3ba8077e635f8ef4ac6{\npadding-bottom:10px;\n}\nbody .av-special-heading.av-lyhcxp8c-6328937745dce3ba8077e635f8ef4ac6 .av-special-heading-tag .heading-char{\nfont-size:25px;\n}\n.av-special-heading.av-lyhcxp8c-6328937745dce3ba8077e635f8ef4ac6 .av-subheading{\nfont-size:15px;\n}\n<\/style>\n<div  class='av-special-heading av-lyhcxp8c-6328937745dce3ba8077e635f8ef4ac6 av-special-heading-h1 blockquote modern-quote  avia-builder-el-4  el_before_av_textblock  avia-builder-el-first'><div class='av-subheading av-subheading_above'><p>Relleno<\/p>\n<\/div><h1 class='av-special-heading-tag'  itemprop=\"headline\"  >Molino de coco CM100<\/h1><div class=\"special-heading-border\"><div class=\"special-heading-inner-border\"><\/div><\/div><\/div><br \/>\n<section  class='av_textblock_section av-lyhczsev-d4f0385b8dbd50b7030393d66cb718bc'   itemscope=\"itemscope\" itemtype=\"https:\/\/schema.org\/CreativeWork\" ><div class='avia_textblock'  itemprop=\"text\" ><p>El molino de coco CM100 es una m\u00e1quina hort\u00edcola de dise\u00f1o innovador y tecnolog\u00eda avanzada, dise\u00f1ada para rehidratar bloques de coco comprimidos de 5 kg de forma sencilla, eficaz y r\u00e1pida. A medida que los bloques de coco se voltean suavemente en su interior, el CM100 a\u00f1ade agua gradualmente, garantizando una r\u00e1pida absorci\u00f3n y manteniendo la estructura del coco. Dispone de una funci\u00f3n de arranque\/parada autom\u00e1tica controlada por un sensor de nivel en la cinta transportadora.<\/p>\n<h2>Ventajas:<\/h2>\n<ul>\n<li>Rehidrataci\u00f3n autom\u00e1tica de bloques de coco de 5 kg<\/li>\n<li>No se forma polvo<\/li>\n<li>Ahorro de agua<\/li>\n<li>Sin p\u00e9rdida de volumen ni estructura<\/li>\n<li>Procesa aprox. 5-10m\u00b3 por hora<\/li>\n<\/ul>\n<\/div><\/section><\/p><\/div><\/div><!--close column table wrapper. Autoclose: 1 --><\/div><\/div><\/main><!-- close content main element --><\/div><\/div><div class='clear'><\/div><div id='sub_menu1'  class='av-submenu-container av-lyhd3d94-c456cc5ea75132643473f7f949215f3d main_color  avia-builder-el-6  el_after_av_section  el_before_av_section  av-sticky-submenu submenu-not-first container_wrap fullsize' style='z-index:301' ><div class='container av-menu-mobile-disabled av-submenu-pos-center'><ul id='av-custom-submenu-1' class='av-subnav-menu' role='menu'>\n<li class='menu-item av-28ge5z-cc35067474f517d6e36fa48deb0ef19c menu-item-top-level menu-item-top-level-1' role='menuitem'><a href='#specifications'  ><span class='avia-bullet'><\/span><span class='avia-menu-text'>Especificaciones<\/span><\/a><\/li>\n<li class='menu-item av-22tdiv-8204f03ec280846f28dc4a06d77f5f2a menu-item-top-level menu-item-top-level-2' role='menuitem'><a href='#options'  ><span class='avia-bullet'><\/span><span class='avia-menu-text'>Opciones<\/span><\/a><\/li>\n<li class='menu-item av-1z3i2v-2e560c0f46eb59a7e531e92828f46875 menu-item-top-level av-menu-button av-menu-button-colored menu-item-top-level-3' role='menuitem'><a href='https:\/\/logitecplus.com\/wp-content\/uploads\/2024\/07\/2024-Brochure-CM100.pdf'  target=\"_blank\"  rel=\"noopener noreferrer\" ><span class='avia-bullet'><\/span><span class='avia-menu-text'> Descargar folleto<\/span><\/a><\/li>\n<\/ul><\/div><\/div><div class='sticky_placeholder'><\/div><\/p>\n<div id='av_section_2'  class='avia-section av-67273-2c93f5abdbd8b8409956e21196fcf63d main_color avia-section-default avia-no-border-styling  avia-builder-el-7  el_after_av_submenu  el_before_av_section  avia-bg-style-scroll container_wrap fullsize'  ><div class='container av-section-cont-open' ><div class='template-page content  av-content-full alpha units'><div class='post-entry post-entry-type-page post-entry-135'><div class='entry-content-wrapper clearfix'>\n<div  class='flex_column av-1kgbon-e4c7174d4509b7f467609dbbd74c23f7 av_one_fifth  avia-builder-el-8  el_before_av_three_fifth  avia-builder-el-first  first flex_column_div'     ><\/div><div  class='flex_column av-1e1j1j-db162341ce2215af5a2feaa988edc1aa av_three_fifth  avia-builder-el-9  el_after_av_one_fifth  el_before_av_one_fifth  flex_column_div'     ><section  id=\"specifications\"  class='av_textblock_section av-lyhd398x-aa64cd364bea0e73e9d3dd0669527f3f'   itemscope=\"itemscope\" itemtype=\"https:\/\/schema.org\/CreativeWork\" ><div class='avia_textblock'  itemprop=\"text\" ><h2>Especificaciones<\/h2>\n<table>\n<tbody>\n<tr>\n<th>Marca:<\/th>\n<td>Logitec Plus<\/td>\n<\/tr>\n<tr>\n<th>Modelo:<\/th>\n<td>Molino de coco CM100<\/td>\n<\/tr>\n<tr>\n<th>Dimensiones de trabajo:<\/th>\n<td>433 x 154,5 x 206,5 cm (LxAxA)<\/td>\n<\/tr>\n<tr>\n<th>Dimensiones de transporte:<\/th>\n<td>300 x 154,5 x 206,5 cm (LxAxA)<\/td>\n<\/tr>\n<tr>\n<th>Tama\u00f1o de los bloques de coco:<\/th>\n<td>30 x 30 x 10 cm (LxAxA)<\/td>\n<\/tr>\n<tr>\n<th>Capacidad de dosificaci\u00f3n:<\/th>\n<td>5-10m\u00b3 por hora<\/td>\n<\/tr>\n<tr>\n<th>Peso m\u00e1ximo de carga:<\/th>\n<td>10-12 bloques de 5 kg<\/td>\n<\/tr>\n<tr>\n<th>Peso:<\/th>\n<td>1100-1400 kg<\/td>\n<\/tr>\n<tr>\n<th>Energ\u00eda el\u00e9ctrica:<\/th>\n<td>Total 3,52 kW (1 x 1,5 kW + 1 x 1,1 kW + 1 x 0,55 kW + 1 x 0,37 kW) 400 V\/3 fases\/50 Hz (otras tensiones bajo pedido)<\/td>\n<\/tr>\n<tr>\n<th>Cinta de alimentaci\u00f3n opcional:<\/th>\n<td>Total 3,89 kW (+0,37 kW)<\/td>\n<\/tr>\n<\/tbody>\n<\/table>\n<h5><\/h5>\n<\/div><\/section><br \/>\n\n<style type=\"text\/css\" data-created_by=\"avia_inline_auto\" id=\"style-css-av-1bcdcv-6b8083280981e879197dbfd0024c6e87\">\n#top .hr.hr-invisible.av-1bcdcv-6b8083280981e879197dbfd0024c6e87{\nheight:55px;\n}\n<\/style>\n<div  class='hr av-1bcdcv-6b8083280981e879197dbfd0024c6e87 hr-invisible  avia-builder-el-11  el_after_av_textblock  el_before_av_textblock'><span class='hr-inner'><span class=\"hr-inner-style\"><\/span><\/span><\/div><br \/>\n<section  id=\"options\"  class='av_textblock_section av-lyhd3q3d-a093583e1f96063ef290c4e3a1734077'   itemscope=\"itemscope\" itemtype=\"https:\/\/schema.org\/CreativeWork\" ><div class='avia_textblock'  itemprop=\"text\" ><h2>Opciones<\/h2>\n<ul>\n<li>Cinta de salida de 2900 mm de longitud<\/li>\n<li>Grandes ruedas de goma para terrenos sin asfaltar<\/li>\n<li>Cinta de alimentaci\u00f3n semiautom\u00e1tica<\/li>\n<li>Plataforma de alimentaci\u00f3n manual<\/li>\n<li>Iluminaci\u00f3n LED<\/li>\n<\/ul>\n<\/div><\/section><\/p><\/div><div  class='flex_column av-11cs53-fe74f0be4aeea3a219ecad48b2995a88 av_one_fifth  avia-builder-el-13  el_after_av_three_fifth  avia-builder-el-last  flex_column_div'     ><\/div>\n\n<\/div><\/div><\/div><!-- close content main div --><\/div><\/div><div id='av_section_3'  class='avia-section av-ydw5b-15851d462e44847f020137896955cf75 alternate_color avia-section-default avia-no-border-styling  avia-builder-el-14  el_after_av_section  avia-builder-el-last  avia-bg-style-scroll container_wrap fullsize'  ><div class='container av-section-cont-open' ><div class='template-page content  av-content-full alpha units'><div class='post-entry post-entry-type-page post-entry-135'><div class='entry-content-wrapper clearfix'>\n<div  class='flex_column av-2or4n-ae6059b4e849013d590f9ab91096469a av_one_full  avia-builder-el-15  avia-builder-el-no-sibling  first flex_column_div'     ><section  class='av_textblock_section av-21jhb-b414f310392cf94625ae3b32ca47fd1a'   itemscope=\"itemscope\" itemtype=\"https:\/\/schema.org\/CreativeWork\" ><div class='avia_textblock titel-silder'  itemprop=\"text\" ><h3>una selecci\u00f3n de nuestras m\u00e1quinas<\/h3>\n<\/div><\/section><br \/>\n<br \/>\n\n<style type=\"text\/css\" data-created_by=\"avia_inline_auto\" id=\"style-css-av-8yrpb-d9ac4d4b09549c1e1f4f04666da7f601\">\n#top .hr.hr-invisible.av-8yrpb-d9ac4d4b09549c1e1f4f04666da7f601{\nheight:60px;\n}\n<\/style>\n<div  class='hr av-8yrpb-d9ac4d4b09549c1e1f4f04666da7f601 hr-invisible  avia-builder-el-18  el_after_av_codeblock  el_before_av_button'><span class='hr-inner'><span class=\"hr-inner-style\"><\/span><\/span><\/div><br \/>\n<div  class='avia-button-wrap av-lyhd43n6-1ea34dca723f624e0fb630e56ce2b76b-wrap avia-button-center  avia-builder-el-19  el_after_av_hr  avia-builder-el-last'><a href='https:\/\/logitecplus.com\/es\/our-products\/'  class='avia-button av-lyhd43n6-1ea34dca723f624e0fb630e56ce2b76b av-link-btn avia-icon_select-no avia-size-small avia-position-center avia-color-theme-color'   aria-label=\"Ver todas las m\u00e1quinas &lt;i class=&quot;fa-sharp fa-regular fa-arrow-right&quot;&gt;&lt;\/i&gt;\"><span class='avia_iconbox_title' >Ver todas las m\u00e1quinas <i class=\"fa-sharp fa-regular fa-arrow-right\"><\/i><\/span><\/a><\/div><\/p><\/div>","protected":false},"featured_media":742,"parent":0,"template":"","meta":{"_acf_changed":false,"_monsterinsights_skip_tracking":false,"_monsterinsights_sitenote_active":false,"_monsterinsights_sitenote_note":"","_monsterinsights_sitenote_category":0},"categorie":[4],"class_list":["post-135","product","type-product","status-publish","has-post-thumbnail","hentry","categorie-filling"],"acf":[],"_links":{"self":[{"href":"https:\/\/logitecplus.com\/es\/wp-json\/wp\/v2\/product\/135","targetHints":{"allow":["GET"]}}],"collection":[{"href":"https:\/\/logitecplus.com\/es\/wp-json\/wp\/v2\/product"}],"about":[{"href":"https:\/\/logitecplus.com\/es\/wp-json\/wp\/v2\/types\/product"}],"wp:featuredmedia":[{"embeddable":true,"href":"https:\/\/logitecplus.com\/es\/wp-json\/wp\/v2\/media\/742"}],"wp:attachment":[{"href":"https:\/\/logitecplus.com\/es\/wp-json\/wp\/v2\/media?parent=135"}],"wp:term":[{"taxonomy":"categorie","embeddable":true,"href":"https:\/\/logitecplus.com\/es\/wp-json\/wp\/v2\/categorie?post=135"}],"curies":[{"name":"wp","href":"https:\/\/api.w.org\/{rel}","templated":true}]}}