{"id":183,"date":"2024-07-11T14:36:55","date_gmt":"2024-07-11T14:36:55","guid":{"rendered":"https:\/\/logitecplus.com\/nieuw\/?post_type=product&#038;p=183"},"modified":"2026-03-20T14:13:16","modified_gmt":"2026-03-20T13:13:16","slug":"coco-mill-cm-200-with-bulk-infeed","status":"publish","type":"product","link":"https:\/\/logitecplus.com\/es\/product\/coco-mill-cm-200-with-bulk-infeed\/","title":{"rendered":"Molino de coco CM 200 con alimentaci\u00f3n a granel"},"content":{"rendered":"<div id='av_section_1'  class='avia-section av-341crb-e2ad342e31a18a2bdc0689ec0a4443e0 main_color avia-section-default avia-no-border-styling  avia-builder-el-0  el_before_av_submenu  avia-builder-el-first  avia-bg-style-scroll container_wrap fullsize'  ><div class='container av-section-cont-open' ><main  role=\"main\" itemprop=\"mainContentOfPage\"  class='template-page content  av-content-full alpha units'><div class='post-entry post-entry-type-page post-entry-183'><div class='entry-content-wrapper clearfix'>\n<div class='flex_column_table av-aie1z-2323cf3e22682e3c20825461c57935c3 sc-av_one_half av-equal-height-column-flextable'>\n<style type=\"text\/css\" data-created_by=\"avia_inline_auto\" id=\"style-css-av-aie1z-2323cf3e22682e3c20825461c57935c3\">\n.flex_column.av-aie1z-2323cf3e22682e3c20825461c57935c3{\nwidth:48.5%;\nmargin-left:0;\n}\n#top .flex_column_table.av-equal-height-column-flextable.av-aie1z-2323cf3e22682e3c20825461c57935c3 .av-flex-placeholder{\nwidth:3%;\n}\n<\/style>\n<div  class='flex_column av-aie1z-2323cf3e22682e3c20825461c57935c3 av_one_half  avia-builder-el-1  el_before_av_one_half  avia-builder-el-first  first flex_column_table_cell av-equal-height-column av-align-top'     ><style type=\"text\/css\" data-created_by=\"avia_inline_auto\" id=\"style-css-av-2r485r-c1bbdfceb31ae0ea7c0a27263ee3ba0e\">\n#top .avia-gallery.av-2r485r-c1bbdfceb31ae0ea7c0a27263ee3ba0e .avia-gallery-thumb a{\nwidth:20%;\n}\n<\/style>\n<div  class='avia-gallery av-2r485r-c1bbdfceb31ae0ea7c0a27263ee3ba0e avia_animate_when_visible  avia-builder-el-2  avia-builder-el-no-sibling  avia_lazyload av-slideshow-ui av-loop-manual-endless av-control-hidden av-navigate-arrows hover-effect av-control-hidden avia-gallery-animate avia-gallery-1'  itemprop=\"image\" itemscope=\"itemscope\" itemtype=\"https:\/\/schema.org\/ImageObject\" ><meta itemprop=\"contentURL\" content=\"https:\/\/logitecplus.com\/es\/product\/coco-mill-cm-200-with-bulk-infeed\/\"><div class='avia-gallery-big-wrapper'><a class='avia-gallery-big fakeLightbox lightbox avia-gallery-big-crop-thumb' href=\"https:\/\/logitecplus.com\/wp-content\/uploads\/2024\/07\/CM200b-1030x579.png\" data-srcset=\"https:\/\/logitecplus.com\/wp-content\/uploads\/2024\/07\/CM200b-1030x579.png 1030w, https:\/\/logitecplus.com\/wp-content\/uploads\/2024\/07\/CM200b-300x169.png 300w, https:\/\/logitecplus.com\/wp-content\/uploads\/2024\/07\/CM200b-768x432.png 768w, https:\/\/logitecplus.com\/wp-content\/uploads\/2024\/07\/CM200b-1536x864.png 1536w, https:\/\/logitecplus.com\/wp-content\/uploads\/2024\/07\/CM200b-2048x1152.png 2048w, https:\/\/logitecplus.com\/wp-content\/uploads\/2024\/07\/CM200b-18x10.png 18w, https:\/\/logitecplus.com\/wp-content\/uploads\/2024\/07\/CM200b-1500x844.png 1500w, https:\/\/logitecplus.com\/wp-content\/uploads\/2024\/07\/CM200b-705x397.png 705w\" data-sizes=\"(max-width: 1030px) 100vw, 1030px\"  data-onclick='1' title='CM200b' ><span class='avia-gallery-big-inner'  itemprop=\"thumbnailUrl\" ><img decoding=\"async\" fetchpriority=\"high\" class=\"wp-image-748 avia-img-lazy-loading-not-748\"  width=\"1500\" height=\"844\" src=\"https:\/\/logitecplus.com\/wp-content\/uploads\/2024\/07\/CM200b-1500x844.png\" title='CM200b' alt='' srcset=\"https:\/\/logitecplus.com\/wp-content\/uploads\/2024\/07\/CM200b-1500x844.png 1500w, https:\/\/logitecplus.com\/wp-content\/uploads\/2024\/07\/CM200b-300x169.png 300w, https:\/\/logitecplus.com\/wp-content\/uploads\/2024\/07\/CM200b-1030x579.png 1030w, https:\/\/logitecplus.com\/wp-content\/uploads\/2024\/07\/CM200b-768x432.png 768w, https:\/\/logitecplus.com\/wp-content\/uploads\/2024\/07\/CM200b-1536x864.png 1536w, https:\/\/logitecplus.com\/wp-content\/uploads\/2024\/07\/CM200b-2048x1152.png 2048w, https:\/\/logitecplus.com\/wp-content\/uploads\/2024\/07\/CM200b-18x10.png 18w, https:\/\/logitecplus.com\/wp-content\/uploads\/2024\/07\/CM200b-705x397.png 705w\" sizes=\"(max-width: 1500px) 100vw, 1500px\" \/><\/span><\/a><\/div><div class='avia-gallery-thumb'><a href=\"https:\/\/logitecplus.com\/wp-content\/uploads\/2024\/07\/CM200b-1030x579.png\" data-srcset=\"https:\/\/logitecplus.com\/wp-content\/uploads\/2024\/07\/CM200b-1030x579.png 1030w, https:\/\/logitecplus.com\/wp-content\/uploads\/2024\/07\/CM200b-300x169.png 300w, https:\/\/logitecplus.com\/wp-content\/uploads\/2024\/07\/CM200b-768x432.png 768w, https:\/\/logitecplus.com\/wp-content\/uploads\/2024\/07\/CM200b-1536x864.png 1536w, https:\/\/logitecplus.com\/wp-content\/uploads\/2024\/07\/CM200b-2048x1152.png 2048w, https:\/\/logitecplus.com\/wp-content\/uploads\/2024\/07\/CM200b-18x10.png 18w, https:\/\/logitecplus.com\/wp-content\/uploads\/2024\/07\/CM200b-1500x844.png 1500w, https:\/\/logitecplus.com\/wp-content\/uploads\/2024\/07\/CM200b-705x397.png 705w\" data-sizes=\"(max-width: 1030px) 100vw, 1030px\" data-rel='gallery-1' data-prev-img='https:\/\/logitecplus.com\/wp-content\/uploads\/2024\/07\/CM200b-1500x844.png' class='first_thumb lightbox' data-onclick='1' title='CM200b'  itemprop=\"thumbnailUrl\"  ><img decoding=\"async\" fetchpriority=\"high\" class=\"wp-image-748 avia-img-lazy-loading-not-748\"   src=\"https:\/\/logitecplus.com\/wp-content\/uploads\/2024\/07\/CM200b-180x180.png\" width=\"180\" height=\"180\"  title='CM200b' alt='' srcset=\"https:\/\/logitecplus.com\/wp-content\/uploads\/2024\/07\/CM200b-180x180.png 180w, https:\/\/logitecplus.com\/wp-content\/uploads\/2024\/07\/CM200b-80x80.png 80w, https:\/\/logitecplus.com\/wp-content\/uploads\/2024\/07\/CM200b-36x36.png 36w\" sizes=\"(max-width: 180px) 100vw, 180px\" \/><div class='big-prev-fake'><img decoding=\"async\" loading=\"lazy\" class=\"wp-image-748 avia-img-lazy-loading-748\"  width=\"1500\" height=\"844\" src=\"https:\/\/logitecplus.com\/wp-content\/uploads\/2024\/07\/CM200b-1500x844.png\" title='CM200b' alt='' srcset=\"https:\/\/logitecplus.com\/wp-content\/uploads\/2024\/07\/CM200b-1500x844.png 1500w, https:\/\/logitecplus.com\/wp-content\/uploads\/2024\/07\/CM200b-300x169.png 300w, https:\/\/logitecplus.com\/wp-content\/uploads\/2024\/07\/CM200b-1030x579.png 1030w, https:\/\/logitecplus.com\/wp-content\/uploads\/2024\/07\/CM200b-768x432.png 768w, https:\/\/logitecplus.com\/wp-content\/uploads\/2024\/07\/CM200b-1536x864.png 1536w, https:\/\/logitecplus.com\/wp-content\/uploads\/2024\/07\/CM200b-2048x1152.png 2048w, https:\/\/logitecplus.com\/wp-content\/uploads\/2024\/07\/CM200b-18x10.png 18w, https:\/\/logitecplus.com\/wp-content\/uploads\/2024\/07\/CM200b-705x397.png 705w\" sizes=\"auto, (max-width: 1500px) 100vw, 1500px\" \/><\/div><\/a><\/div><\/div><\/div><div class='av-flex-placeholder'><\/div>\n<style type=\"text\/css\" data-created_by=\"avia_inline_auto\" id=\"style-css-av-2k30f3-c9467849e4f4a2bdb2f3c310e33b8f9c\">\n.flex_column.av-2k30f3-c9467849e4f4a2bdb2f3c310e33b8f9c{\nwidth:48.5%;\nmargin-left:0;\n}\n#top .flex_column_table.av-equal-height-column-flextable.av-2k30f3-c9467849e4f4a2bdb2f3c310e33b8f9c .av-flex-placeholder{\nwidth:3%;\n}\n<\/style>\n<div  class='flex_column av-2k30f3-c9467849e4f4a2bdb2f3c310e33b8f9c av_one_half  avia-builder-el-3  el_after_av_one_half  avia-builder-el-last  flex_column_table_cell av-equal-height-column av-align-top'     ><p>\n<style type=\"text\/css\" data-created_by=\"avia_inline_auto\" id=\"style-css-av-lyhddzdh-e5b6d2838bbc68a722432b664bfbfd54\">\n#top .av-special-heading.av-lyhddzdh-e5b6d2838bbc68a722432b664bfbfd54{\npadding-bottom:10px;\n}\nbody .av-special-heading.av-lyhddzdh-e5b6d2838bbc68a722432b664bfbfd54 .av-special-heading-tag .heading-char{\nfont-size:25px;\n}\n.av-special-heading.av-lyhddzdh-e5b6d2838bbc68a722432b664bfbfd54 .av-subheading{\nfont-size:15px;\n}\n<\/style>\n<div  class='av-special-heading av-lyhddzdh-e5b6d2838bbc68a722432b664bfbfd54 av-special-heading-h1 blockquote modern-quote  avia-builder-el-4  el_before_av_textblock  avia-builder-el-first'><div class='av-subheading av-subheading_above'><p>Relleno<\/p>\n<\/div><h1 class='av-special-heading-tag'  itemprop=\"headline\"  >Molino de coco CM 200 con alimentaci\u00f3n a granel<\/h1><div class=\"special-heading-border\"><div class=\"special-heading-inner-border\"><\/div><\/div><\/div><br \/>\n<section  class='av_textblock_section av-lyhdf1zb-00e5fa43b7d778efd1bebdabc2452d1a'   itemscope=\"itemscope\" itemtype=\"https:\/\/schema.org\/CreativeWork\" ><div class='avia_textblock'  itemprop=\"text\" ><p>El CM200 ofrece una soluci\u00f3n para que los productores de sustrato y los grandes viveros rehidraten grandes vol\u00famenes de fibra de coco de forma autom\u00e1tica. Hace girar suavemente los bloques de fibra de coco mientras a\u00f1ade agua para alcanzar el porcentaje de humedad deseado. Equipada con una tolva inclinada y c\u00e9lulas de carga, la CM200 garantiza un llenado autom\u00e1tico preciso.<\/p>\n<h2>Ventajas<\/h2>\n<ul>\n<li>Sin p\u00e9rdida de agua y estructura<\/li>\n<li>No se forma polvo<\/li>\n<li>Volumen m\u00e1ximo de salida<\/li>\n<li>Llenado autom\u00e1tico<\/li>\n<li>No se derrama agua (sucia)<\/li>\n<li>Procesa de 13 a 22 m\u00b3 por hora<\/li>\n<li>Adecuado para procesar bloques de 5 kg<\/li>\n<li>Compresi\u00f3n m\u00e1xima del bloque 8:1<\/li>\n<li>Adecuado para tipos finos o gruesos de fibra de coco<\/li>\n<\/ul>\n<\/div><\/section><\/p><\/div><\/div><!--close column table wrapper. Autoclose: 1 --><\/div><\/div><\/main><!-- close content main element --><\/div><\/div><div class='clear'><\/div><div id='sub_menu1'  class='av-submenu-container av-lyhdf9ft-25b6fde116a0eb4bbfd0efce41c16902 main_color  avia-builder-el-6  el_after_av_section  el_before_av_section  av-sticky-submenu submenu-not-first container_wrap fullsize' style='z-index:301' ><div class='container av-menu-mobile-disabled av-submenu-pos-center'><ul id='av-custom-submenu-1' class='av-subnav-menu' role='menu'>\n<li class='menu-item av-2d8qof-4e121ca8af61383cdcd6ab0fd7394ec4 menu-item-top-level menu-item-top-level-1' role='menuitem'><a href='#specifications'  ><span class='avia-bullet'><\/span><span class='avia-menu-text'>Especificaciones<\/span><\/a><\/li>\n<li class='menu-item av-27m4p3-38c4133b489c9fc2ccb34aec011a1058 menu-item-top-level menu-item-top-level-2' role='menuitem'><a href='#options'  ><span class='avia-bullet'><\/span><span class='avia-menu-text'>Opciones<\/span><\/a><\/li>\n<li class='menu-item av-22iquf-c1bbf75fd1449e7f4cffc16930185eca menu-item-top-level av-menu-button av-menu-button-colored menu-item-top-level-3' role='menuitem'><a href='https:\/\/logitecplus.com\/wp-content\/uploads\/2024\/07\/2024-Brochure-CM200.pdf'  target=\"_blank\"  rel=\"noopener noreferrer\" ><span class='avia-bullet'><\/span><span class='avia-menu-text'> Descargar folleto<\/span><\/a><\/li>\n<\/ul><\/div><\/div><div class='sticky_placeholder'><\/div><\/p>\n<div id='av_section_2'  class='avia-section av-pehr-b2749fa6c5c6c1a633b43b60fd46f375 main_color avia-section-default avia-no-border-styling  avia-builder-el-7  el_after_av_submenu  el_before_av_section  avia-bg-style-scroll container_wrap fullsize'  ><div class='container av-section-cont-open' ><div class='template-page content  av-content-full alpha units'><div class='post-entry post-entry-type-page post-entry-183'><div class='entry-content-wrapper clearfix'>\n<div  class='flex_column av-1paa2f-ce8ca746f607d465241b20af04b17c73 av_one_fifth  avia-builder-el-8  el_before_av_three_fifth  avia-builder-el-first  first flex_column_div'     ><\/div><div  class='flex_column av-1mqqjj-ce5a4ce1bc6a3414d53ecf9032673008 av_three_fifth  avia-builder-el-9  el_after_av_one_fifth  el_before_av_one_fifth  flex_column_div'     ><section  id=\"specifications\"  class='av_textblock_section av-lyhdgym3-6381863773b66315f2096c0715aad51c'   itemscope=\"itemscope\" itemtype=\"https:\/\/schema.org\/CreativeWork\" ><div class='avia_textblock'  itemprop=\"text\" ><h2>Especificaciones<\/h2>\n<table>\n<tbody>\n<tr>\n<th>Marca:<\/th>\n<td>Logitec Plus<\/td>\n<\/tr>\n<tr>\n<th>Modelo:<\/th>\n<td>Molino de coco CM200<\/td>\n<\/tr>\n<tr>\n<th>Dimensiones:<\/th>\n<td>9328 x 391 x 528 cm (LxAxA)<\/td>\n<\/tr>\n<tr>\n<th>Capacidad de procesamiento:<\/th>\n<td>13-22m\u00b3 por hora<\/td>\n<\/tr>\n<tr>\n<th>Peso m\u00e1ximo de carga:<\/th>\n<td>Cargadora frontal de 1-2 cucharas<\/td>\n<\/tr>\n<tr>\n<th>Peso:<\/th>\n<td>6500 kg<\/td>\n<\/tr>\n<tr>\n<th>Energ\u00eda el\u00e9ctrica:<\/th>\n<td>Total 17,7 kW (1 x 3 kW + 1 x 3 kW + 1 x 2,2 kW + 1 x 4 kW + 1 x 5,5 kW) 400 V\/3 fases\/50 Hz<\/td>\n<\/tr>\n<\/tbody>\n<\/table>\n<h5><\/h5>\n<\/div><\/section><br \/>\n\n<style type=\"text\/css\" data-created_by=\"avia_inline_auto\" id=\"style-css-av-1e156v-104f88e1e454c0bf6fa83e5ee786a169\">\n#top .hr.hr-invisible.av-1e156v-104f88e1e454c0bf6fa83e5ee786a169{\nheight:55px;\n}\n<\/style>\n<div  class='hr av-1e156v-104f88e1e454c0bf6fa83e5ee786a169 hr-invisible  avia-builder-el-11  el_after_av_textblock  el_before_av_textblock'><span class='hr-inner'><span class=\"hr-inner-style\"><\/span><\/span><\/div><br \/>\n<section  id=\"options\"  class='av_textblock_section av-lyhdhbl4-b5fc8de2d640c88430a83948f717c6e6'   itemscope=\"itemscope\" itemtype=\"https:\/\/schema.org\/CreativeWork\" ><div class='avia_textblock'  itemprop=\"text\" ><h2>Opciones<\/h2>\n<ul>\n<li>Cinturones de salida extendidos<\/li>\n<li>Varias tensiones<\/li>\n<\/ul>\n<\/div><\/section><\/p><\/div><div  class='flex_column av-h33z-309169f44db36133da071e1f8ebb3a69 av_one_fifth  avia-builder-el-13  el_after_av_three_fifth  avia-builder-el-last  flex_column_div'     ><\/div>\n\n<\/div><\/div><\/div><!-- close content main div --><\/div><\/div><div id='av_section_3'  class='avia-section av-14acbz-92f3290cb25b5001b1c0f6e79088fa55 alternate_color avia-section-default avia-no-border-styling  avia-builder-el-14  el_after_av_section  avia-builder-el-last  avia-bg-style-scroll container_wrap fullsize'  ><div class='container av-section-cont-open' ><div class='template-page content  av-content-full alpha units'><div class='post-entry post-entry-type-page post-entry-183'><div class='entry-content-wrapper clearfix'>\n<div  class='flex_column av-zmrxb-43de41f13a0225c3d10dba662d3e3cfc av_one_full  avia-builder-el-15  avia-builder-el-no-sibling  first flex_column_div'     ><section  class='av_textblock_section av-t20rz-aac9770c25d57ad85bda725659acf9ee'   itemscope=\"itemscope\" itemtype=\"https:\/\/schema.org\/CreativeWork\" ><div class='avia_textblock titel-silder'  itemprop=\"text\" ><h3>una selecci\u00f3n de nuestras m\u00e1quinas<\/h3>\n<\/div><\/section><br \/>\n<br \/>\n\n<style type=\"text\/css\" data-created_by=\"avia_inline_auto\" id=\"style-css-av-dqcfr-c897b7ad0c13b6bb3ec86d655648f7d8\">\n#top .hr.hr-invisible.av-dqcfr-c897b7ad0c13b6bb3ec86d655648f7d8{\nheight:60px;\n}\n<\/style>\n<div  class='hr av-dqcfr-c897b7ad0c13b6bb3ec86d655648f7d8 hr-invisible  avia-builder-el-18  el_after_av_codeblock  el_before_av_button'><span class='hr-inner'><span class=\"hr-inner-style\"><\/span><\/span><\/div><br \/>\n<div  class='avia-button-wrap av-am4bb-1f38974770d3ddee05d87b9e6fa0ee26-wrap avia-button-center  avia-builder-el-19  el_after_av_hr  avia-builder-el-last'><a href='https:\/\/logitecplus.com\/es\/our-products\/'  class='avia-button av-am4bb-1f38974770d3ddee05d87b9e6fa0ee26 av-link-btn avia-icon_select-no avia-size-small avia-position-center avia-color-theme-color'   aria-label=\"Ver todas las m\u00e1quinas &lt;i class=&quot;fa-sharp fa-regular fa-arrow-right&quot;&gt;&lt;\/i&gt;\"><span class='avia_iconbox_title' >Ver todas las m\u00e1quinas <i class=\"fa-sharp fa-regular fa-arrow-right\"><\/i><\/span><\/a><\/div><\/p><\/div>","protected":false},"featured_media":748,"parent":0,"template":"","meta":{"_acf_changed":false,"_monsterinsights_skip_tracking":false,"_monsterinsights_sitenote_active":false,"_monsterinsights_sitenote_note":"","_monsterinsights_sitenote_category":0},"categorie":[4],"class_list":["post-183","product","type-product","status-publish","has-post-thumbnail","hentry","categorie-filling"],"acf":[],"_links":{"self":[{"href":"https:\/\/logitecplus.com\/es\/wp-json\/wp\/v2\/product\/183","targetHints":{"allow":["GET"]}}],"collection":[{"href":"https:\/\/logitecplus.com\/es\/wp-json\/wp\/v2\/product"}],"about":[{"href":"https:\/\/logitecplus.com\/es\/wp-json\/wp\/v2\/types\/product"}],"wp:featuredmedia":[{"embeddable":true,"href":"https:\/\/logitecplus.com\/es\/wp-json\/wp\/v2\/media\/748"}],"wp:attachment":[{"href":"https:\/\/logitecplus.com\/es\/wp-json\/wp\/v2\/media?parent=183"}],"wp:term":[{"taxonomy":"categorie","embeddable":true,"href":"https:\/\/logitecplus.com\/es\/wp-json\/wp\/v2\/categorie?post=183"}],"curies":[{"name":"wp","href":"https:\/\/api.w.org\/{rel}","templated":true}]}}