{"id":197,"date":"2024-07-11T14:52:31","date_gmt":"2024-07-11T14:52:31","guid":{"rendered":"https:\/\/logitecplus.com\/nieuw\/?post_type=product&#038;p=197"},"modified":"2024-09-12T11:44:18","modified_gmt":"2024-09-12T09:44:18","slug":"soil-handling-lines","status":"publish","type":"product","link":"https:\/\/logitecplus.com\/es\/product\/soil-handling-lines\/","title":{"rendered":"L\u00edneas de manipulaci\u00f3n de suelos"},"content":{"rendered":"<div id='av_section_1'  class='avia-section av-2qpv71-cdb85204f9ec189d3f6181621b658c5a main_color avia-section-default avia-no-border-styling  avia-builder-el-0  el_before_av_submenu  avia-builder-el-first  avia-bg-style-scroll container_wrap fullsize'  ><div class='container av-section-cont-open' ><main  role=\"main\" itemprop=\"mainContentOfPage\"  class='template-page content  av-content-full alpha units'><div class='post-entry post-entry-type-page post-entry-197'><div class='entry-content-wrapper clearfix'>\n<div class='flex_column_table av-2jt0v1-cb9e29e630faeca206df10c70f6fe8d2 sc-av_one_half av-equal-height-column-flextable'>\n<style type=\"text\/css\" data-created_by=\"avia_inline_auto\" id=\"style-css-av-2jt0v1-cb9e29e630faeca206df10c70f6fe8d2\">\n.flex_column.av-2jt0v1-cb9e29e630faeca206df10c70f6fe8d2{\nwidth:48.5%;\nmargin-left:0;\n}\n#top .flex_column_table.av-equal-height-column-flextable.av-2jt0v1-cb9e29e630faeca206df10c70f6fe8d2 .av-flex-placeholder{\nwidth:3%;\n}\n<\/style>\n<div  class='flex_column av-2jt0v1-cb9e29e630faeca206df10c70f6fe8d2 av_one_half  avia-builder-el-1  el_before_av_one_half  avia-builder-el-first  first flex_column_table_cell av-equal-height-column av-align-top'     ><style type=\"text\/css\" data-created_by=\"avia_inline_auto\" id=\"style-css-av-8e7s5-f1137408ba35ced859dcde61e938cbcf\">\n#top .avia-gallery.av-8e7s5-f1137408ba35ced859dcde61e938cbcf .avia-gallery-thumb a{\nwidth:20%;\n}\n<\/style>\n<div  class='avia-gallery av-8e7s5-f1137408ba35ced859dcde61e938cbcf avia_animate_when_visible  avia-builder-el-2  avia-builder-el-no-sibling  avia_lazyload av-slideshow-ui av-loop-manual-endless av-control-hidden av-navigate-arrows hover-effect av-control-hidden avia-gallery-animate avia-gallery-1'  itemprop=\"image\" itemscope=\"itemscope\" itemtype=\"https:\/\/schema.org\/ImageObject\" ><meta itemprop=\"contentURL\" content=\"https:\/\/logitecplus.com\/es\/product\/soil-handling-lines\/\"><div class='avia-gallery-big-wrapper'><a class='avia-gallery-big fakeLightbox lightbox avia-gallery-big-crop-thumb' href=\"https:\/\/logitecplus.com\/wp-content\/uploads\/2024\/07\/Tree-Global-3.jpg\" data-srcset=\"https:\/\/logitecplus.com\/wp-content\/uploads\/2024\/07\/Tree-Global-3.jpg 960w, https:\/\/logitecplus.com\/wp-content\/uploads\/2024\/07\/Tree-Global-3-300x180.jpg 300w, https:\/\/logitecplus.com\/wp-content\/uploads\/2024\/07\/Tree-Global-3-768x461.jpg 768w, https:\/\/logitecplus.com\/wp-content\/uploads\/2024\/07\/Tree-Global-3-705x423.jpg 705w\" data-sizes=\"(max-width: 960px) 100vw, 960px\"  data-onclick='1' title='L\u00edneas de manipulaci\u00f3n de suelos' ><span class='avia-gallery-big-inner'  itemprop=\"thumbnailUrl\" ><img decoding=\"async\" fetchpriority=\"high\" class=\"wp-image-198 avia-img-lazy-loading-not-198\"  width=\"960\" height=\"576\" src=\"https:\/\/logitecplus.com\/wp-content\/uploads\/2024\/07\/Tree-Global-3.jpg\" title='L\u00edneas de manipulaci\u00f3n de suelos' alt='' srcset=\"https:\/\/logitecplus.com\/wp-content\/uploads\/2024\/07\/Tree-Global-3.jpg 960w, https:\/\/logitecplus.com\/wp-content\/uploads\/2024\/07\/Tree-Global-3-300x180.jpg 300w, https:\/\/logitecplus.com\/wp-content\/uploads\/2024\/07\/Tree-Global-3-768x461.jpg 768w, https:\/\/logitecplus.com\/wp-content\/uploads\/2024\/07\/Tree-Global-3-705x423.jpg 705w\" sizes=\"(max-width: 960px) 100vw, 960px\" \/><\/span><\/a><\/div><div class='avia-gallery-thumb'><a href=\"https:\/\/logitecplus.com\/wp-content\/uploads\/2024\/07\/Tree-Global-3.jpg\" data-srcset=\"https:\/\/logitecplus.com\/wp-content\/uploads\/2024\/07\/Tree-Global-3.jpg 960w, https:\/\/logitecplus.com\/wp-content\/uploads\/2024\/07\/Tree-Global-3-300x180.jpg 300w, https:\/\/logitecplus.com\/wp-content\/uploads\/2024\/07\/Tree-Global-3-768x461.jpg 768w, https:\/\/logitecplus.com\/wp-content\/uploads\/2024\/07\/Tree-Global-3-705x423.jpg 705w\" data-sizes=\"(max-width: 960px) 100vw, 960px\" data-rel='gallery-1' data-prev-img='https:\/\/logitecplus.com\/wp-content\/uploads\/2024\/07\/Tree-Global-3.jpg' class='first_thumb lightbox' data-onclick='1' title='L\u00edneas de manipulaci\u00f3n de suelos'  itemprop=\"thumbnailUrl\"  ><img decoding=\"async\" fetchpriority=\"high\" class=\"wp-image-198 avia-img-lazy-loading-not-198\"   src=\"https:\/\/logitecplus.com\/wp-content\/uploads\/2024\/07\/Tree-Global-3-180x180.jpg\" width=\"180\" height=\"180\"  title='L\u00edneas de manipulaci\u00f3n de suelos' alt='' srcset=\"https:\/\/logitecplus.com\/wp-content\/uploads\/2024\/07\/Tree-Global-3-180x180.jpg 180w, https:\/\/logitecplus.com\/wp-content\/uploads\/2024\/07\/Tree-Global-3-80x80.jpg 80w, https:\/\/logitecplus.com\/wp-content\/uploads\/2024\/07\/Tree-Global-3-36x36.jpg 36w\" sizes=\"(max-width: 180px) 100vw, 180px\" \/><div class='big-prev-fake'><img decoding=\"async\" loading=\"lazy\" class=\"wp-image-198 avia-img-lazy-loading-198\"  width=\"960\" height=\"576\" src=\"https:\/\/logitecplus.com\/wp-content\/uploads\/2024\/07\/Tree-Global-3.jpg\" title='L\u00edneas de manipulaci\u00f3n de suelos' alt='' srcset=\"https:\/\/logitecplus.com\/wp-content\/uploads\/2024\/07\/Tree-Global-3.jpg 960w, https:\/\/logitecplus.com\/wp-content\/uploads\/2024\/07\/Tree-Global-3-300x180.jpg 300w, https:\/\/logitecplus.com\/wp-content\/uploads\/2024\/07\/Tree-Global-3-768x461.jpg 768w, https:\/\/logitecplus.com\/wp-content\/uploads\/2024\/07\/Tree-Global-3-705x423.jpg 705w\" sizes=\"auto, (max-width: 960px) 100vw, 960px\" \/><\/div><\/a><a href=\"https:\/\/logitecplus.com\/wp-content\/uploads\/2024\/09\/West-Plant-1030x731.jpg\" data-srcset=\"https:\/\/logitecplus.com\/wp-content\/uploads\/2024\/09\/West-Plant-1030x731.jpg 1030w, https:\/\/logitecplus.com\/wp-content\/uploads\/2024\/09\/West-Plant-300x213.jpg 300w, https:\/\/logitecplus.com\/wp-content\/uploads\/2024\/09\/West-Plant-768x545.jpg 768w, https:\/\/logitecplus.com\/wp-content\/uploads\/2024\/09\/West-Plant-1536x1091.jpg 1536w, https:\/\/logitecplus.com\/wp-content\/uploads\/2024\/09\/West-Plant-2048x1454.jpg 2048w, https:\/\/logitecplus.com\/wp-content\/uploads\/2024\/09\/West-Plant-1500x1065.jpg 1500w, https:\/\/logitecplus.com\/wp-content\/uploads\/2024\/09\/West-Plant-260x185.jpg 260w, https:\/\/logitecplus.com\/wp-content\/uploads\/2024\/09\/West-Plant-705x501.jpg 705w\" data-sizes=\"(max-width: 1030px) 100vw, 1030px\" data-rel='gallery-1' data-prev-img='https:\/\/logitecplus.com\/wp-content\/uploads\/2024\/09\/West-Plant-1500x1065.jpg' class='lightbox' data-onclick='2' title=''  itemprop=\"thumbnailUrl\"  ><img decoding=\"async\" fetchpriority=\"high\" class=\"wp-image-516 avia-img-lazy-loading-not-516\"   src=\"https:\/\/logitecplus.com\/wp-content\/uploads\/2024\/09\/West-Plant-180x180.jpg\" width=\"180\" height=\"180\"  title='' alt='' srcset=\"https:\/\/logitecplus.com\/wp-content\/uploads\/2024\/09\/West-Plant-180x180.jpg 180w, https:\/\/logitecplus.com\/wp-content\/uploads\/2024\/09\/West-Plant-80x80.jpg 80w, https:\/\/logitecplus.com\/wp-content\/uploads\/2024\/09\/West-Plant-36x36.jpg 36w\" sizes=\"(max-width: 180px) 100vw, 180px\" \/><div class='big-prev-fake'><img decoding=\"async\" loading=\"lazy\" class=\"wp-image-516 avia-img-lazy-loading-516\"  width=\"1500\" height=\"1065\" src=\"https:\/\/logitecplus.com\/wp-content\/uploads\/2024\/09\/West-Plant-1500x1065.jpg\" title='' alt='' srcset=\"https:\/\/logitecplus.com\/wp-content\/uploads\/2024\/09\/West-Plant-1500x1065.jpg 1500w, https:\/\/logitecplus.com\/wp-content\/uploads\/2024\/09\/West-Plant-300x213.jpg 300w, https:\/\/logitecplus.com\/wp-content\/uploads\/2024\/09\/West-Plant-1030x731.jpg 1030w, https:\/\/logitecplus.com\/wp-content\/uploads\/2024\/09\/West-Plant-768x545.jpg 768w, https:\/\/logitecplus.com\/wp-content\/uploads\/2024\/09\/West-Plant-1536x1091.jpg 1536w, https:\/\/logitecplus.com\/wp-content\/uploads\/2024\/09\/West-Plant-2048x1454.jpg 2048w, https:\/\/logitecplus.com\/wp-content\/uploads\/2024\/09\/West-Plant-260x185.jpg 260w, https:\/\/logitecplus.com\/wp-content\/uploads\/2024\/09\/West-Plant-705x501.jpg 705w\" sizes=\"auto, (max-width: 1500px) 100vw, 1500px\" \/><\/div><\/a><\/div><\/div><\/div><div class='av-flex-placeholder'><\/div>\n<style type=\"text\/css\" data-created_by=\"avia_inline_auto\" id=\"style-css-av-29xhh9-1c0645b12ca70408f7ea608d53b9a0c1\">\n.flex_column.av-29xhh9-1c0645b12ca70408f7ea608d53b9a0c1{\nwidth:48.5%;\nmargin-left:0;\n}\n#top .flex_column_table.av-equal-height-column-flextable.av-29xhh9-1c0645b12ca70408f7ea608d53b9a0c1 .av-flex-placeholder{\nwidth:3%;\n}\n<\/style>\n<div  class='flex_column av-29xhh9-1c0645b12ca70408f7ea608d53b9a0c1 av_one_half  avia-builder-el-3  el_after_av_one_half  avia-builder-el-last  flex_column_table_cell av-equal-height-column av-align-top'     ><p>\n<style type=\"text\/css\" data-created_by=\"avia_inline_auto\" id=\"style-css-av-lyhdzm2y-e1901ae38bc2e834aebed365062c9f3e\">\n#top .av-special-heading.av-lyhdzm2y-e1901ae38bc2e834aebed365062c9f3e{\npadding-bottom:10px;\n}\nbody .av-special-heading.av-lyhdzm2y-e1901ae38bc2e834aebed365062c9f3e .av-special-heading-tag .heading-char{\nfont-size:25px;\n}\n.av-special-heading.av-lyhdzm2y-e1901ae38bc2e834aebed365062c9f3e .av-subheading{\nfont-size:15px;\n}\n<\/style>\n<div  class='av-special-heading av-lyhdzm2y-e1901ae38bc2e834aebed365062c9f3e av-special-heading-h1 blockquote modern-quote  avia-builder-el-4  el_before_av_textblock  avia-builder-el-first'><div class='av-subheading av-subheading_above'><p>Manejo de<\/p>\n<\/div><h1 class='av-special-heading-tag'  itemprop=\"headline\"  >L\u00edneas de manipulaci\u00f3n de suelos<\/h1><div class=\"special-heading-border\"><div class=\"special-heading-inner-border\"><\/div><\/div><\/div><br \/>\n<section  class='av_textblock_section av-lyhe0ggx-c5e35eac94ee374c7c43bd4fb04be453'   itemscope=\"itemscope\" itemtype=\"https:\/\/schema.org\/CreativeWork\" ><div class='avia_textblock'  itemprop=\"text\" ><p>Logitec Plus ofrece soluciones llave en mano para la distribuci\u00f3n de tierra dentro del invernadero o la f\u00e1brica de sustratos. Nuestras cintas y tolvas a medida est\u00e1n dise\u00f1adas para satisfacer sus necesidades espec\u00edficas.<\/p>\n<p>Tanto si desea mover tierra de un lado a otro del invernadero o la f\u00e1brica como si desea llenar varias m\u00e1quinas simult\u00e1neamente, Logitec Plus le ofrece soluciones llave en mano. Con nuestras cintas (disponibles en muchas anchuras y longitudes) y tolvas (de 0,6 m3 a 30 m3) le ofrecemos una soluci\u00f3n competitiva y de alta calidad para cualquier tipo de movimiento de tierra dentro del invernadero o f\u00e1brica de sustratos.<\/p>\n<h2>Ventajas<\/h2>\n<ul>\n<li>Soluciones llave en mano<\/li>\n<li>L\u00edneas a medida<\/li>\n<li>Equipo propio de dise\u00f1o 3D<\/li>\n<li>Equipo de software<\/li>\n<li>Equipo de construcci\u00f3n de cuadros el\u00e9ctricos<\/li>\n<\/ul>\n<\/div><\/section><\/p><\/div><\/div><!--close column table wrapper. Autoclose: 1 --><\/div><\/div><\/main><!-- close content main element --><\/div><\/div><div class='clear'><\/div><div id='sub_menu1'  class='av-submenu-container av-lyhe1ccq-4558af2c4e068a25d318a27a21ad05df main_color  avia-builder-el-6  el_after_av_section  el_before_av_section  av-sticky-submenu submenu-not-first container_wrap fullsize' style='z-index:301' ><div class='container av-menu-mobile-disabled av-submenu-pos-center'><ul id='av-custom-submenu-1' class='av-subnav-menu' role='menu'>\n<li class='menu-item av-23ygql-e89d8fa724487925034c07010a530e87 menu-item-top-level menu-item-top-level-1' role='menuitem'><a href='#specifications'  ><span class='avia-bullet'><\/span><span class='avia-menu-text'>Especificaciones<\/span><\/a><\/li>\n<li class='menu-item av-1yl2jp-c2fb1dcea939e28fdaf75b9f5c54e680 menu-item-top-level av-menu-button av-menu-button-colored menu-item-top-level-2' role='menuitem'><a href='https:\/\/logitecplus.com\/wp-content\/uploads\/2024\/08\/2023-Logitec-Plus-Company-Brochure.pdf'  target=\"_blank\"  rel=\"noopener noreferrer\" ><span class='avia-bullet'><\/span><span class='avia-menu-text'> Descargar folleto<\/span><\/a><\/li>\n<\/ul><\/div><\/div><div class='sticky_placeholder'><\/div><\/p>\n<div id='av_section_2'  class='avia-section av-1oe7r9-78e30670083fd91a8a070c5e3b8b9608 main_color avia-section-default avia-no-border-styling  avia-builder-el-7  el_after_av_submenu  el_before_av_section  avia-bg-style-scroll container_wrap fullsize'  ><div class='container av-section-cont-open' ><div class='template-page content  av-content-full alpha units'><div class='post-entry post-entry-type-page post-entry-197'><div class='entry-content-wrapper clearfix'>\n<div  class='flex_column av-1kmrzh-de8460470c0b74403cafd309e2208973 av_one_fifth  avia-builder-el-8  el_before_av_three_fifth  avia-builder-el-first  first flex_column_div'     ><\/div><div  class='flex_column av-1dfqd9-d49f0b5c1c8d270b48f9f425e3834175 av_three_fifth  avia-builder-el-9  el_after_av_one_fifth  el_before_av_one_fifth  flex_column_div'     ><section  id=\"specifications\"  class='av_textblock_section av-lyhe15a4-62ffa2dd0348dc61f5f68bac565c383a'   itemscope=\"itemscope\" itemtype=\"https:\/\/schema.org\/CreativeWork\" ><div class='avia_textblock'  itemprop=\"text\" ><h2>Especificaciones<\/h2>\n<table>\n<tbody>\n<tr>\n<th>Dimensiones:<\/th>\n<td>Dimensiones: seg\u00fan la disposici\u00f3n de su invernadero<\/td>\n<\/tr>\n<\/tbody>\n<\/table>\n<h5><\/h5>\n<\/div><\/section><\/div><div  class='flex_column av-19wmr1-6bb1819521d9248717bc531dab0b4a28 av_one_fifth  avia-builder-el-11  el_after_av_three_fifth  avia-builder-el-last  flex_column_div'     ><\/div>\n\n<\/div><\/div><\/div><!-- close content main div --><\/div><\/div><div id='av_section_3'  class='avia-section av-14gnyt-dd43f0a73fab5fc4782a13af2f257035 alternate_color avia-section-default avia-no-border-styling  avia-builder-el-12  el_after_av_section  avia-builder-el-last  avia-bg-style-scroll container_wrap fullsize'  ><div class='container av-section-cont-open' ><div class='template-page content  av-content-full alpha units'><div class='post-entry post-entry-type-page post-entry-197'><div class='entry-content-wrapper clearfix'>\n<div  class='flex_column av-z0gp1-38b9f5fef619d54f3baf2aab15150592 av_one_full  avia-builder-el-13  avia-builder-el-no-sibling  first flex_column_div'     ><section  class='av_textblock_section av-oqbul-4542f2d4f0ca3c129c81c89ae6187a7a'   itemscope=\"itemscope\" itemtype=\"https:\/\/schema.org\/CreativeWork\" ><div class='avia_textblock titel-silder'  itemprop=\"text\" ><h3>una selecci\u00f3n de nuestras m\u00e1quinas<\/h3>\n<\/div><\/section><br \/>\n<br \/>\n\n<style type=\"text\/css\" data-created_by=\"avia_inline_auto\" id=\"style-css-av-f8klx-19d1444358aef123ff1d897a8d5d069e\">\n#top .hr.hr-invisible.av-f8klx-19d1444358aef123ff1d897a8d5d069e{\nheight:60px;\n}\n<\/style>\n<div  class='hr av-f8klx-19d1444358aef123ff1d897a8d5d069e hr-invisible  avia-builder-el-16  el_after_av_codeblock  el_before_av_button'><span class='hr-inner'><span class=\"hr-inner-style\"><\/span><\/span><\/div><br \/>\n<div  class='avia-button-wrap av-zl0l-10eb4dfd03a1cc197e2faa16af37c250-wrap avia-button-center  avia-builder-el-17  el_after_av_hr  avia-builder-el-last'><a href='https:\/\/logitecplus.com\/es\/our-products\/'  class='avia-button av-zl0l-10eb4dfd03a1cc197e2faa16af37c250 av-link-btn avia-icon_select-no avia-size-small avia-position-center avia-color-theme-color'   aria-label=\"Ver todas las m\u00e1quinas &lt;i class=&quot;fa-sharp fa-regular fa-arrow-right&quot;&gt;&lt;\/i&gt;\"><span class='avia_iconbox_title' >Ver todas las m\u00e1quinas <i class=\"fa-sharp fa-regular fa-arrow-right\"><\/i><\/span><\/a><\/div><\/p><\/div>","protected":false},"featured_media":198,"parent":0,"template":"","meta":{"_acf_changed":false,"_monsterinsights_skip_tracking":false,"_monsterinsights_sitenote_active":false,"_monsterinsights_sitenote_note":"","_monsterinsights_sitenote_category":0},"categorie":[5],"class_list":["post-197","product","type-product","status-publish","has-post-thumbnail","hentry","categorie-handling"],"acf":[],"_links":{"self":[{"href":"https:\/\/logitecplus.com\/es\/wp-json\/wp\/v2\/product\/197","targetHints":{"allow":["GET"]}}],"collection":[{"href":"https:\/\/logitecplus.com\/es\/wp-json\/wp\/v2\/product"}],"about":[{"href":"https:\/\/logitecplus.com\/es\/wp-json\/wp\/v2\/types\/product"}],"wp:featuredmedia":[{"embeddable":true,"href":"https:\/\/logitecplus.com\/es\/wp-json\/wp\/v2\/media\/198"}],"wp:attachment":[{"href":"https:\/\/logitecplus.com\/es\/wp-json\/wp\/v2\/media?parent=197"}],"wp:term":[{"taxonomy":"categorie","embeddable":true,"href":"https:\/\/logitecplus.com\/es\/wp-json\/wp\/v2\/categorie?post=197"}],"curies":[{"name":"wp","href":"https:\/\/api.w.org\/{rel}","templated":true}]}}