{"id":127,"date":"2024-07-11T07:08:41","date_gmt":"2024-07-11T07:08:41","guid":{"rendered":"https:\/\/logitecplus.com\/nieuw\/?post_type=product&#038;p=127"},"modified":"2026-03-20T14:18:35","modified_gmt":"2026-03-20T13:18:35","slug":"big-bale-dosage-bunker-db40","status":"publish","type":"product","link":"https:\/\/logitecplus.com\/fr\/product\/big-bale-dosage-bunker-db40\/","title":{"rendered":"Big bale Dosage Bunker DB40"},"content":{"rendered":"<div id='av_section_1'  class='avia-section av-ozwpb-e9b12c86597b4b029d0797f18ed897ac main_color avia-section-default avia-no-border-styling  avia-builder-el-0  el_before_av_submenu  avia-builder-el-first  avia-bg-style-scroll container_wrap fullsize'  ><div class='container av-section-cont-open' ><main  role=\"main\" itemprop=\"mainContentOfPage\"  class='template-page content  av-content-full alpha units'><div class='post-entry post-entry-type-page post-entry-127'><div class='entry-content-wrapper clearfix'>\n<div class='flex_column_table av-n8ldr-959e47cd3a567dbe0f1dbfd2c9e23338 sc-av_one_half av-equal-height-column-flextable'>\n<style type=\"text\/css\" data-created_by=\"avia_inline_auto\" id=\"style-css-av-n8ldr-959e47cd3a567dbe0f1dbfd2c9e23338\">\n.flex_column.av-n8ldr-959e47cd3a567dbe0f1dbfd2c9e23338{\nwidth:48.5%;\nmargin-left:0;\n}\n#top .flex_column_table.av-equal-height-column-flextable.av-n8ldr-959e47cd3a567dbe0f1dbfd2c9e23338 .av-flex-placeholder{\nwidth:3%;\n}\n<\/style>\n<div  class='flex_column av-n8ldr-959e47cd3a567dbe0f1dbfd2c9e23338 av_one_half  avia-builder-el-1  el_before_av_one_half  avia-builder-el-first  first flex_column_table_cell av-equal-height-column av-align-top'     ><style type=\"text\/css\" data-created_by=\"avia_inline_auto\" id=\"style-css-av-lygxkopr-5b8494315f97a3ffa76c57ee302a578e\">\n#top .avia-gallery.av-lygxkopr-5b8494315f97a3ffa76c57ee302a578e .avia-gallery-thumb a{\nwidth:20%;\n}\n<\/style>\n<div  class='avia-gallery av-lygxkopr-5b8494315f97a3ffa76c57ee302a578e avia_animate_when_visible  avia-builder-el-2  avia-builder-el-no-sibling  avia_lazyload av-slideshow-ui av-loop-manual-endless av-control-hidden av-navigate-arrows hover-effect av-control-hidden avia-gallery-animate avia-gallery-1'  itemprop=\"image\" itemscope=\"itemscope\" itemtype=\"https:\/\/schema.org\/ImageObject\" ><meta itemprop=\"contentURL\" content=\"https:\/\/logitecplus.com\/fr\/product\/big-bale-dosage-bunker-db40\/\"><div class='avia-gallery-big-wrapper'><a class='avia-gallery-big fakeLightbox lightbox avia-gallery-big-crop-thumb' href=\"https:\/\/logitecplus.com\/wp-content\/uploads\/2024\/07\/DB40-1030x579.png\" data-srcset=\"https:\/\/logitecplus.com\/wp-content\/uploads\/2024\/07\/DB40-1030x579.png 1030w, https:\/\/logitecplus.com\/wp-content\/uploads\/2024\/07\/DB40-300x169.png 300w, https:\/\/logitecplus.com\/wp-content\/uploads\/2024\/07\/DB40-768x432.png 768w, https:\/\/logitecplus.com\/wp-content\/uploads\/2024\/07\/DB40-1536x864.png 1536w, https:\/\/logitecplus.com\/wp-content\/uploads\/2024\/07\/DB40-2048x1152.png 2048w, https:\/\/logitecplus.com\/wp-content\/uploads\/2024\/07\/DB40-18x10.png 18w, https:\/\/logitecplus.com\/wp-content\/uploads\/2024\/07\/DB40-1500x844.png 1500w, https:\/\/logitecplus.com\/wp-content\/uploads\/2024\/07\/DB40-705x397.png 705w\" data-sizes=\"(max-width: 1030px) 100vw, 1030px\"  data-onclick='1' title='DB40' ><span class='avia-gallery-big-inner'  itemprop=\"thumbnailUrl\" ><img decoding=\"async\" fetchpriority=\"high\" class=\"wp-image-750 avia-img-lazy-loading-not-750\"  width=\"1500\" height=\"844\" src=\"https:\/\/logitecplus.com\/wp-content\/uploads\/2024\/07\/DB40-1500x844.png\" title='DB40' alt='' srcset=\"https:\/\/logitecplus.com\/wp-content\/uploads\/2024\/07\/DB40-1500x844.png 1500w, https:\/\/logitecplus.com\/wp-content\/uploads\/2024\/07\/DB40-300x169.png 300w, https:\/\/logitecplus.com\/wp-content\/uploads\/2024\/07\/DB40-1030x579.png 1030w, https:\/\/logitecplus.com\/wp-content\/uploads\/2024\/07\/DB40-768x432.png 768w, https:\/\/logitecplus.com\/wp-content\/uploads\/2024\/07\/DB40-1536x864.png 1536w, https:\/\/logitecplus.com\/wp-content\/uploads\/2024\/07\/DB40-2048x1152.png 2048w, https:\/\/logitecplus.com\/wp-content\/uploads\/2024\/07\/DB40-18x10.png 18w, https:\/\/logitecplus.com\/wp-content\/uploads\/2024\/07\/DB40-705x397.png 705w\" sizes=\"(max-width: 1500px) 100vw, 1500px\" \/><\/span><\/a><\/div><div class='avia-gallery-thumb'><a href=\"https:\/\/logitecplus.com\/wp-content\/uploads\/2024\/07\/DB40-1030x579.png\" data-srcset=\"https:\/\/logitecplus.com\/wp-content\/uploads\/2024\/07\/DB40-1030x579.png 1030w, https:\/\/logitecplus.com\/wp-content\/uploads\/2024\/07\/DB40-300x169.png 300w, https:\/\/logitecplus.com\/wp-content\/uploads\/2024\/07\/DB40-768x432.png 768w, https:\/\/logitecplus.com\/wp-content\/uploads\/2024\/07\/DB40-1536x864.png 1536w, https:\/\/logitecplus.com\/wp-content\/uploads\/2024\/07\/DB40-2048x1152.png 2048w, https:\/\/logitecplus.com\/wp-content\/uploads\/2024\/07\/DB40-18x10.png 18w, https:\/\/logitecplus.com\/wp-content\/uploads\/2024\/07\/DB40-1500x844.png 1500w, https:\/\/logitecplus.com\/wp-content\/uploads\/2024\/07\/DB40-705x397.png 705w\" data-sizes=\"(max-width: 1030px) 100vw, 1030px\" data-rel='gallery-1' data-prev-img='https:\/\/logitecplus.com\/wp-content\/uploads\/2024\/07\/DB40-1500x844.png' class='first_thumb lightbox' data-onclick='1' title='DB40'  itemprop=\"thumbnailUrl\"  ><img decoding=\"async\" fetchpriority=\"high\" class=\"wp-image-750 avia-img-lazy-loading-not-750\"   src=\"https:\/\/logitecplus.com\/wp-content\/uploads\/2024\/07\/DB40-180x180.png\" width=\"180\" height=\"180\"  title='DB40' alt='' srcset=\"https:\/\/logitecplus.com\/wp-content\/uploads\/2024\/07\/DB40-180x180.png 180w, https:\/\/logitecplus.com\/wp-content\/uploads\/2024\/07\/DB40-80x80.png 80w, https:\/\/logitecplus.com\/wp-content\/uploads\/2024\/07\/DB40-36x36.png 36w\" sizes=\"(max-width: 180px) 100vw, 180px\" \/><div class='big-prev-fake'><img decoding=\"async\" loading=\"lazy\" class=\"wp-image-750 avia-img-lazy-loading-750\"  width=\"1500\" height=\"844\" src=\"https:\/\/logitecplus.com\/wp-content\/uploads\/2024\/07\/DB40-1500x844.png\" title='DB40' alt='' srcset=\"https:\/\/logitecplus.com\/wp-content\/uploads\/2024\/07\/DB40-1500x844.png 1500w, https:\/\/logitecplus.com\/wp-content\/uploads\/2024\/07\/DB40-300x169.png 300w, https:\/\/logitecplus.com\/wp-content\/uploads\/2024\/07\/DB40-1030x579.png 1030w, https:\/\/logitecplus.com\/wp-content\/uploads\/2024\/07\/DB40-768x432.png 768w, https:\/\/logitecplus.com\/wp-content\/uploads\/2024\/07\/DB40-1536x864.png 1536w, https:\/\/logitecplus.com\/wp-content\/uploads\/2024\/07\/DB40-2048x1152.png 2048w, https:\/\/logitecplus.com\/wp-content\/uploads\/2024\/07\/DB40-18x10.png 18w, https:\/\/logitecplus.com\/wp-content\/uploads\/2024\/07\/DB40-705x397.png 705w\" sizes=\"auto, (max-width: 1500px) 100vw, 1500px\" \/><\/div><\/a><\/div><\/div><\/div><div class='av-flex-placeholder'><\/div>\n<style type=\"text\/css\" data-created_by=\"avia_inline_auto\" id=\"style-css-av-7j77r-d2a767f0fb0d402fd5204f16376e2333\">\n.flex_column.av-7j77r-d2a767f0fb0d402fd5204f16376e2333{\nwidth:48.5%;\nmargin-left:0;\n}\n#top .flex_column_table.av-equal-height-column-flextable.av-7j77r-d2a767f0fb0d402fd5204f16376e2333 .av-flex-placeholder{\nwidth:3%;\n}\n<\/style>\n<div  class='flex_column av-7j77r-d2a767f0fb0d402fd5204f16376e2333 av_one_half  avia-builder-el-3  el_after_av_one_half  avia-builder-el-last  flex_column_table_cell av-equal-height-column av-align-top'     ><p>\n<style type=\"text\/css\" data-created_by=\"avia_inline_auto\" id=\"style-css-av-lygxi2ul-7b3dd9793ab0f582d6bc9f619ce98974\">\n#top .av-special-heading.av-lygxi2ul-7b3dd9793ab0f582d6bc9f619ce98974{\npadding-bottom:10px;\n}\nbody .av-special-heading.av-lygxi2ul-7b3dd9793ab0f582d6bc9f619ce98974 .av-special-heading-tag .heading-char{\nfont-size:25px;\n}\n.av-special-heading.av-lygxi2ul-7b3dd9793ab0f582d6bc9f619ce98974 .av-subheading{\nfont-size:15px;\n}\n<\/style>\n<div  class='av-special-heading av-lygxi2ul-7b3dd9793ab0f582d6bc9f619ce98974 av-special-heading-h1 blockquote modern-quote  avia-builder-el-4  el_before_av_textblock  avia-builder-el-first'><div class='av-subheading av-subheading_above'><p>Remplissage<\/p>\n<\/div><h1 class='av-special-heading-tag'  itemprop=\"headline\"  >Big Bale Dosage Bunker DB40<\/h1><div class=\"special-heading-border\"><div class=\"special-heading-inner-border\"><\/div><\/div><\/div><br \/>\n<section  class='av_textblock_section av-lygxj1na-c60fdef9643099bc02413bf71086513c'   itemscope=\"itemscope\" itemtype=\"https:\/\/schema.org\/CreativeWork\" ><div class='avia_textblock'  itemprop=\"text\" ><p>La tr\u00e9mie de dosage pour grosses balles DB40 est une machine de haute qualit\u00e9 qui constitue une solution parfaite pour le traitement des grosses balles compress\u00e9es d'une hauteur maximale de 2,60 m. La DB40 r\u00e9tablit le volume original du substrat tel qu'il \u00e9tait avant la compression, sans en affecter la structure. La DB40 r\u00e9tablit le volume initial du substrat tel qu'il \u00e9tait avant la compression, sans en affecter la structure. La machine est facile \u00e0 d\u00e9placer \u00e0 l'aide d'un transpalette ou d'un chariot \u00e9l\u00e9vateur. L'installation mobile peut \u00eatre utilis\u00e9e en combinaison avec presque toutes les marques de machines d'empotage et de remplisseuses de plateaux et convient \u00e0 toutes les tailles de grosses balles. Un autre avantage est qu'elle n\u00e9cessite peu d'entretien et qu'elle peut \u00eatre \u00e9quip\u00e9e de nombreuses options pour simplifier le processus de travail.<\/p>\n<h2>Avantages<\/h2>\n<ul>\n<li>Installation mobile<\/li>\n<li>Convient \u00e0 toutes les tailles de grosses balles<\/li>\n<li>Volume de sortie maximum<\/li>\n<li>Disponible dans toutes les tensions courantes<\/li>\n<li>Faible amortissement<\/li>\n<li>Convient \u00e0 tous les types de machines d'empotage et de remplisseuses de plateaux<\/li>\n<li>Pas de perte de structure et de volume<\/li>\n<\/ul>\n<\/div><\/section><\/p><\/div><\/div><!--close column table wrapper. Autoclose: 1 --><\/div><\/div><\/main><!-- close content main element --><\/div><\/div><div class='clear'><\/div><div id='sub_menu1'  class='av-submenu-container av-lyh07p20-2d72872593e297467058cd0cf3486db0 main_color  avia-builder-el-6  el_after_av_section  el_before_av_section  av-sticky-submenu submenu-not-first container_wrap fullsize' style='z-index:301' ><div class='container av-menu-mobile-disabled av-submenu-pos-center'><ul id='av-custom-submenu-1' class='av-subnav-menu' role='menu'>\n<li class='menu-item av-lyh06e8f-e1c606bc71425b5957e1f596611767c7 menu-item-top-level menu-item-top-level-1' role='menuitem'><a href='#dimensions'  ><span class='avia-bullet'><\/span><span class='avia-menu-text'>Dimensions <\/span><\/a><\/li>\n<li class='menu-item av-lyh06o0q-c75515c7f8ed603a54ca9c43ce28386c menu-item-top-level menu-item-top-level-2' role='menuitem'><a href='#specifications'  ><span class='avia-bullet'><\/span><span class='avia-menu-text'>Sp\u00e9cifications<\/span><\/a><\/li>\n<li class='menu-item av-lyh06o0q-8-0a523d6444e031fff8e9d9a691ad35a0 menu-item-top-level menu-item-top-level-3' role='menuitem'><a href='#options'  ><span class='avia-bullet'><\/span><span class='avia-menu-text'>Options<\/span><\/a><\/li>\n<li class='menu-item av-lyh06o0q-7-7795823b2d5539042d29d5b6ff6ffda5 menu-item-top-level av-menu-button av-menu-button-colored menu-item-top-level-4' role='menuitem'><a href='#https:\/\/logitecplus.com\/wp-content\/uploads\/2024\/07\/2024-Brochure-DB40-1.pdf'  target=\"_blank\"  rel=\"noopener noreferrer\" ><span class='avia-bullet'><\/span><span class='avia-menu-text'> T\u00e9l\u00e9charger la brochure<\/span><\/a><\/li>\n<\/ul><\/div><\/div><div class='sticky_placeholder'><\/div><\/p>\n<div id='av_section_2'  class='avia-section av-r1c7z-2034df830a9c292e493a8f05b29e142b main_color avia-section-default avia-no-border-styling  avia-builder-el-7  el_after_av_submenu  el_before_av_section  avia-bg-style-scroll container_wrap fullsize'  ><div class='container av-section-cont-open' ><div class='template-page content  av-content-full alpha units'><div class='post-entry post-entry-type-page post-entry-127'><div class='entry-content-wrapper clearfix'>\n<div  class='flex_column av-jawav-5614d00a1b0923b13d6093ffcb119d52 av_one_fifth  avia-builder-el-8  el_before_av_three_fifth  avia-builder-el-first  first flex_column_div'     ><\/div><div  class='flex_column av-g52b3-6fd7e757f305063cea3747cbd05835c0 av_three_fifth  avia-builder-el-9  el_after_av_one_fifth  el_before_av_one_fifth  flex_column_div'     ><section  id=\"dimensions\"  class='av_textblock_section av-lyh0fbfe-8fa6d0ca0ae5dd6de4f717a386334fc2'   itemscope=\"itemscope\" itemtype=\"https:\/\/schema.org\/CreativeWork\" ><div class='avia_textblock'  itemprop=\"text\" ><h2>Dimensions<\/h2>\n<h5>Sans plaques d'extension<\/h5>\n<table>\n<tbody>\n<tr>\n<th>Poste de transport :<\/th>\n<td>323 x 155,5 x 215 cm<\/td>\n<\/tr>\n<tr>\n<th>Position de fonctionnement :<\/th>\n<td>297 x 155,5 x 242 cm<\/td>\n<\/tr>\n<tr>\n<th>Position de chargement :<\/th>\n<td>240 x 155,5 x 263 cm<\/td>\n<\/tr>\n<\/tbody>\n<\/table>\n<h5>Plaques d'extension Wit<\/h5>\n<table>\n<tbody>\n<tr>\n<th>Poste de transport :<\/th>\n<td>323 x 155,5 x 276 mm<\/td>\n<\/tr>\n<tr>\n<th>Position de fonctionnement :<\/th>\n<td>297 x 155,5 x 309 cm<\/td>\n<\/tr>\n<tr>\n<th>Position de chargement :<\/th>\n<td>240 x 155,5 x 272 cm<\/td>\n<\/tr>\n<\/tbody>\n<\/table>\n<\/div><\/section><br \/>\n\n<style type=\"text\/css\" data-created_by=\"avia_inline_auto\" id=\"style-css-av-8d907-25d6668c717f1cb0fdb28079a6073cf4\">\n#top .hr.hr-invisible.av-8d907-25d6668c717f1cb0fdb28079a6073cf4{\nheight:55px;\n}\n<\/style>\n<div  class='hr av-8d907-25d6668c717f1cb0fdb28079a6073cf4 hr-invisible  avia-builder-el-11  el_after_av_textblock  el_before_av_textblock'><span class='hr-inner'><span class=\"hr-inner-style\"><\/span><\/span><\/div><br \/>\n<section  id=\"specifications\"  class='av_textblock_section av-lyh0g4qn-48dcbd8b8f64b4982e2bd3f2d658f627'   itemscope=\"itemscope\" itemtype=\"https:\/\/schema.org\/CreativeWork\" ><div class='avia_textblock'  itemprop=\"text\" ><h2>Sp\u00e9cifications<\/h2>\n<table>\n<tbody>\n<tr>\n<th>Marque :<\/th>\n<td>Logitec Plus<\/td>\n<\/tr>\n<tr>\n<th>Mod\u00e8le :<\/th>\n<td>Big Bale Dosage Bunker DB40<\/td>\n<\/tr>\n<tr>\n<th>D\u00e9lai de traitement :<\/th>\n<td>Une grosse balle de 4,5 m3 en 8 minutes environ<\/td>\n<\/tr>\n<tr>\n<th>Poids :<\/th>\n<td>1090-1280 kg (selon les options)<\/td>\n<\/tr>\n<tr>\n<th>Hauteur maximale des grosses balles :<\/th>\n<td>2600 mm (avec jeu de plaques d'extension)<\/td>\n<\/tr>\n<tr>\n<th>Charge maximale :<\/th>\n<td>1400 kg<\/td>\n<\/tr>\n<tr>\n<th>Puissance \u00e9lectrique :<\/th>\n<td>Standard DB40 total 3,3KW (1 x 2,2 KW + 1 x 1,1KW). 400V\/3 Phase\/50HZ. Avec laineur\/disjoncteur optionnel d'une puissance totale de 4,05KW (+ 1 x 0,75KW) 400V\/3 Phase\/50HZ (autres tensions sur demande).<\/td>\n<\/tr>\n<\/tbody>\n<\/table>\n<h5><\/h5>\n<\/div><\/section><br \/>\n\n<style type=\"text\/css\" data-created_by=\"avia_inline_auto\" id=\"style-css-av-lyh69xyy-53a739dc5c3304c0bc1c0bf4a3e6d1e4\">\n#top .hr.hr-invisible.av-lyh69xyy-53a739dc5c3304c0bc1c0bf4a3e6d1e4{\nheight:55px;\n}\n<\/style>\n<div  class='hr av-lyh69xyy-53a739dc5c3304c0bc1c0bf4a3e6d1e4 hr-invisible  avia-builder-el-13  el_after_av_textblock  el_before_av_textblock'><span class='hr-inner'><span class=\"hr-inner-style\"><\/span><\/span><\/div><br \/>\n<section  id=\"options\"  class='av_textblock_section av-lyh0gxxz-219a9af46ac7fdb5680fe773c4276f7e'   itemscope=\"itemscope\" itemtype=\"https:\/\/schema.org\/CreativeWork\" ><div class='avia_textblock'  itemprop=\"text\" ><h2>Options<\/h2>\n<p>Il peut \u00e9galement s'agir d'un bloc de texte. Par exemple avec une liste de puces :<\/p>\n<ul>\n<li>Wooler\/Breaker<\/li>\n<li>Syst\u00e8me de dosage de l'eau (version simple, double ou triple)<\/li>\n<li>Jeu de plaques d'extension pour les grosses balles &gt;2,25 m de haut<\/li>\n<li>Jeu de grandes roues en caoutchouc pour les terrains non pav\u00e9s<\/li>\n<li>Jeu de roues pivotantes pour faciliter les man\u0153uvres<\/li>\n<li>Diff\u00e9rentes tensions<\/li>\n<li>Plaque pour le traitement des balles partielles<\/li>\n<li>Barre de transport articul\u00e9e pour faciliter les man\u0153uvres<\/li>\n<li>Unit\u00e9 de protection de la cha\u00eene<\/li>\n<\/ul>\n<\/div><\/section><\/p><\/div><div  class='flex_column av-6zugf-40021a1ef7742305468008116f6b44dd av_one_fifth  avia-builder-el-15  el_after_av_three_fifth  avia-builder-el-last  flex_column_div'     ><\/div>\n\n<\/div><\/div><\/div><!-- close content main div --><\/div><\/div><div id='av_section_3'  class='avia-section av-vrtkf-99d06a8579ba459618b2a58fae6329ba alternate_color avia-section-default avia-no-border-styling  avia-builder-el-16  el_after_av_section  avia-builder-el-last  avia-bg-style-scroll container_wrap fullsize'  ><div class='container av-section-cont-open' ><div class='template-page content  av-content-full alpha units'><div class='post-entry post-entry-type-page post-entry-127'><div class='entry-content-wrapper clearfix'>\n<div  class='flex_column av-s0hnj-b7a57a86030b2617f23966a0e9321f46 av_one_full  avia-builder-el-17  avia-builder-el-no-sibling  first flex_column_div'     ><section  class='av_textblock_section av-ms05r-588f9c84910befc58de5fceebb9fd9ca'   itemscope=\"itemscope\" itemtype=\"https:\/\/schema.org\/CreativeWork\" ><div class='avia_textblock titel-silder'  itemprop=\"text\" ><h3>une s\u00e9lection de nos machines<\/h3>\n<\/div><\/section><br \/>\n<br \/>\n\n<style type=\"text\/css\" data-created_by=\"avia_inline_auto\" id=\"style-css-av-9xutb-5f537540e070b961cf4ee8f536a17681\">\n#top .hr.hr-invisible.av-9xutb-5f537540e070b961cf4ee8f536a17681{\nheight:60px;\n}\n<\/style>\n<div  class='hr av-9xutb-5f537540e070b961cf4ee8f536a17681 hr-invisible  avia-builder-el-20  el_after_av_codeblock  el_before_av_button'><span class='hr-inner'><span class=\"hr-inner-style\"><\/span><\/span><\/div><br \/>\n<div  class='avia-button-wrap av-lyhd60pt-c874204e8d80b132ec2f71188911e96b-wrap avia-button-center  avia-builder-el-21  el_after_av_hr  avia-builder-el-last'><a href='https:\/\/logitecplus.com\/fr\/our-products\/'  class='avia-button av-lyhd60pt-c874204e8d80b132ec2f71188911e96b av-link-btn avia-icon_select-no avia-size-small avia-position-center avia-color-theme-color'   aria-label=\"Voir toutes les machines &lt;i class=&quot;fa-sharp fa-regular fa-arrow-right&quot;&gt;&lt;\/i&gt;\"><span class='avia_iconbox_title' >Voir toutes les machines <i class=\"fa-sharp fa-regular fa-arrow-right\"><\/i><\/span><\/a><\/div><\/p><\/div>","protected":false},"featured_media":750,"parent":0,"template":"","meta":{"_acf_changed":false,"_monsterinsights_skip_tracking":false,"_monsterinsights_sitenote_active":false,"_monsterinsights_sitenote_note":"","_monsterinsights_sitenote_category":0},"categorie":[4],"class_list":["post-127","product","type-product","status-publish","has-post-thumbnail","hentry","categorie-filling"],"acf":[],"_links":{"self":[{"href":"https:\/\/logitecplus.com\/fr\/wp-json\/wp\/v2\/product\/127","targetHints":{"allow":["GET"]}}],"collection":[{"href":"https:\/\/logitecplus.com\/fr\/wp-json\/wp\/v2\/product"}],"about":[{"href":"https:\/\/logitecplus.com\/fr\/wp-json\/wp\/v2\/types\/product"}],"wp:featuredmedia":[{"embeddable":true,"href":"https:\/\/logitecplus.com\/fr\/wp-json\/wp\/v2\/media\/750"}],"wp:attachment":[{"href":"https:\/\/logitecplus.com\/fr\/wp-json\/wp\/v2\/media?parent=127"}],"wp:term":[{"taxonomy":"categorie","embeddable":true,"href":"https:\/\/logitecplus.com\/fr\/wp-json\/wp\/v2\/categorie?post=127"}],"curies":[{"name":"wp","href":"https:\/\/api.w.org\/{rel}","templated":true}]}}