{"id":181,"date":"2024-07-11T14:32:26","date_gmt":"2024-07-11T14:32:26","guid":{"rendered":"https:\/\/logitecplus.com\/nieuw\/?post_type=product&#038;p=181"},"modified":"2026-03-20T14:12:03","modified_gmt":"2026-03-20T13:12:03","slug":"coco-mill-cm-200-with-pallet-infeed","status":"publish","type":"product","link":"https:\/\/logitecplus.com\/fr\/product\/coco-mill-cm-200-with-pallet-infeed\/","title":{"rendered":"Coco Mill CM 200 avec alimentation par palettes"},"content":{"rendered":"<div id='av_section_1'  class='avia-section av-32ajyd-264a7c9f6f6dff1970535eb1a664bc3f main_color avia-section-default avia-no-border-styling  avia-builder-el-0  el_before_av_submenu  avia-builder-el-first  avia-bg-style-scroll container_wrap fullsize'  ><div class='container av-section-cont-open' ><main  role=\"main\" itemprop=\"mainContentOfPage\"  class='template-page content  av-content-full alpha units'><div class='post-entry post-entry-type-page post-entry-181'><div class='entry-content-wrapper clearfix'>\n<div class='flex_column_table av-2uuf6d-a3899880fc1ba56549d4c2aff9a284da sc-av_one_half av-equal-height-column-flextable'>\n<style type=\"text\/css\" data-created_by=\"avia_inline_auto\" id=\"style-css-av-2uuf6d-a3899880fc1ba56549d4c2aff9a284da\">\n.flex_column.av-2uuf6d-a3899880fc1ba56549d4c2aff9a284da{\nwidth:48.5%;\nmargin-left:0;\n}\n#top .flex_column_table.av-equal-height-column-flextable.av-2uuf6d-a3899880fc1ba56549d4c2aff9a284da .av-flex-placeholder{\nwidth:3%;\n}\n<\/style>\n<div  class='flex_column av-2uuf6d-a3899880fc1ba56549d4c2aff9a284da av_one_half  avia-builder-el-1  el_before_av_one_half  avia-builder-el-first  first flex_column_table_cell av-equal-height-column av-align-top'     ><style type=\"text\/css\" data-created_by=\"avia_inline_auto\" id=\"style-css-av-2ragp1-5fa15476c2635c9a0a4dbeb85fa4a32b\">\n#top .avia-gallery.av-2ragp1-5fa15476c2635c9a0a4dbeb85fa4a32b .avia-gallery-thumb a{\nwidth:20%;\n}\n<\/style>\n<div  class='avia-gallery av-2ragp1-5fa15476c2635c9a0a4dbeb85fa4a32b avia_animate_when_visible  avia-builder-el-2  avia-builder-el-no-sibling  avia_lazyload av-slideshow-ui av-loop-manual-endless av-control-hidden av-navigate-arrows hover-effect av-control-hidden avia-gallery-animate avia-gallery-1'  itemprop=\"image\" itemscope=\"itemscope\" itemtype=\"https:\/\/schema.org\/ImageObject\" ><meta itemprop=\"contentURL\" content=\"https:\/\/logitecplus.com\/fr\/product\/coco-mill-cm-200-with-pallet-infeed\/\"><div class='avia-gallery-big-wrapper'><a class='avia-gallery-big fakeLightbox lightbox avia-gallery-big-crop-thumb' href=\"https:\/\/logitecplus.com\/wp-content\/uploads\/2024\/07\/CM200-1030x579.png\" data-srcset=\"https:\/\/logitecplus.com\/wp-content\/uploads\/2024\/07\/CM200-1030x579.png 1030w, https:\/\/logitecplus.com\/wp-content\/uploads\/2024\/07\/CM200-300x169.png 300w, https:\/\/logitecplus.com\/wp-content\/uploads\/2024\/07\/CM200-768x432.png 768w, https:\/\/logitecplus.com\/wp-content\/uploads\/2024\/07\/CM200-1536x864.png 1536w, https:\/\/logitecplus.com\/wp-content\/uploads\/2024\/07\/CM200-2048x1152.png 2048w, https:\/\/logitecplus.com\/wp-content\/uploads\/2024\/07\/CM200-18x10.png 18w, https:\/\/logitecplus.com\/wp-content\/uploads\/2024\/07\/CM200-1500x844.png 1500w, https:\/\/logitecplus.com\/wp-content\/uploads\/2024\/07\/CM200-705x397.png 705w\" data-sizes=\"(max-width: 1030px) 100vw, 1030px\"  data-onclick='1' title='CM200' ><span class='avia-gallery-big-inner'  itemprop=\"thumbnailUrl\" ><img decoding=\"async\" fetchpriority=\"high\" class=\"wp-image-746 avia-img-lazy-loading-not-746\"  width=\"1500\" height=\"844\" src=\"https:\/\/logitecplus.com\/wp-content\/uploads\/2024\/07\/CM200-1500x844.png\" title='CM200' alt='' srcset=\"https:\/\/logitecplus.com\/wp-content\/uploads\/2024\/07\/CM200-1500x844.png 1500w, https:\/\/logitecplus.com\/wp-content\/uploads\/2024\/07\/CM200-300x169.png 300w, https:\/\/logitecplus.com\/wp-content\/uploads\/2024\/07\/CM200-1030x579.png 1030w, https:\/\/logitecplus.com\/wp-content\/uploads\/2024\/07\/CM200-768x432.png 768w, https:\/\/logitecplus.com\/wp-content\/uploads\/2024\/07\/CM200-1536x864.png 1536w, https:\/\/logitecplus.com\/wp-content\/uploads\/2024\/07\/CM200-2048x1152.png 2048w, https:\/\/logitecplus.com\/wp-content\/uploads\/2024\/07\/CM200-18x10.png 18w, https:\/\/logitecplus.com\/wp-content\/uploads\/2024\/07\/CM200-705x397.png 705w\" sizes=\"(max-width: 1500px) 100vw, 1500px\" \/><\/span><\/a><\/div><div class='avia-gallery-thumb'><a href=\"https:\/\/logitecplus.com\/wp-content\/uploads\/2024\/07\/CM200-1030x579.png\" data-srcset=\"https:\/\/logitecplus.com\/wp-content\/uploads\/2024\/07\/CM200-1030x579.png 1030w, https:\/\/logitecplus.com\/wp-content\/uploads\/2024\/07\/CM200-300x169.png 300w, https:\/\/logitecplus.com\/wp-content\/uploads\/2024\/07\/CM200-768x432.png 768w, https:\/\/logitecplus.com\/wp-content\/uploads\/2024\/07\/CM200-1536x864.png 1536w, https:\/\/logitecplus.com\/wp-content\/uploads\/2024\/07\/CM200-2048x1152.png 2048w, https:\/\/logitecplus.com\/wp-content\/uploads\/2024\/07\/CM200-18x10.png 18w, https:\/\/logitecplus.com\/wp-content\/uploads\/2024\/07\/CM200-1500x844.png 1500w, https:\/\/logitecplus.com\/wp-content\/uploads\/2024\/07\/CM200-705x397.png 705w\" data-sizes=\"(max-width: 1030px) 100vw, 1030px\" data-rel='gallery-1' data-prev-img='https:\/\/logitecplus.com\/wp-content\/uploads\/2024\/07\/CM200-1500x844.png' class='first_thumb lightbox' data-onclick='1' title='CM200'  itemprop=\"thumbnailUrl\"  ><img decoding=\"async\" fetchpriority=\"high\" class=\"wp-image-746 avia-img-lazy-loading-not-746\"   src=\"https:\/\/logitecplus.com\/wp-content\/uploads\/2024\/07\/CM200-180x180.png\" width=\"180\" height=\"180\"  title='CM200' alt='' srcset=\"https:\/\/logitecplus.com\/wp-content\/uploads\/2024\/07\/CM200-180x180.png 180w, https:\/\/logitecplus.com\/wp-content\/uploads\/2024\/07\/CM200-80x80.png 80w, https:\/\/logitecplus.com\/wp-content\/uploads\/2024\/07\/CM200-36x36.png 36w\" sizes=\"(max-width: 180px) 100vw, 180px\" \/><div class='big-prev-fake'><img decoding=\"async\" loading=\"lazy\" class=\"wp-image-746 avia-img-lazy-loading-746\"  width=\"1500\" height=\"844\" src=\"https:\/\/logitecplus.com\/wp-content\/uploads\/2024\/07\/CM200-1500x844.png\" title='CM200' alt='' srcset=\"https:\/\/logitecplus.com\/wp-content\/uploads\/2024\/07\/CM200-1500x844.png 1500w, https:\/\/logitecplus.com\/wp-content\/uploads\/2024\/07\/CM200-300x169.png 300w, https:\/\/logitecplus.com\/wp-content\/uploads\/2024\/07\/CM200-1030x579.png 1030w, https:\/\/logitecplus.com\/wp-content\/uploads\/2024\/07\/CM200-768x432.png 768w, https:\/\/logitecplus.com\/wp-content\/uploads\/2024\/07\/CM200-1536x864.png 1536w, https:\/\/logitecplus.com\/wp-content\/uploads\/2024\/07\/CM200-2048x1152.png 2048w, https:\/\/logitecplus.com\/wp-content\/uploads\/2024\/07\/CM200-18x10.png 18w, https:\/\/logitecplus.com\/wp-content\/uploads\/2024\/07\/CM200-705x397.png 705w\" sizes=\"auto, (max-width: 1500px) 100vw, 1500px\" \/><\/div><\/a><\/div><\/div><\/div><div class='av-flex-placeholder'><\/div>\n<style type=\"text\/css\" data-created_by=\"avia_inline_auto\" id=\"style-css-av-2jsuod-079a0903ac5fd2ac18109ca635334e9c\">\n.flex_column.av-2jsuod-079a0903ac5fd2ac18109ca635334e9c{\nwidth:48.5%;\nmargin-left:0;\n}\n#top .flex_column_table.av-equal-height-column-flextable.av-2jsuod-079a0903ac5fd2ac18109ca635334e9c .av-flex-placeholder{\nwidth:3%;\n}\n<\/style>\n<div  class='flex_column av-2jsuod-079a0903ac5fd2ac18109ca635334e9c av_one_half  avia-builder-el-3  el_after_av_one_half  avia-builder-el-last  flex_column_table_cell av-equal-height-column av-align-top'     ><p>\n<style type=\"text\/css\" data-created_by=\"avia_inline_auto\" id=\"style-css-av-lyhd7hd8-1a960b949894790342245002d7e174c6\">\n#top .av-special-heading.av-lyhd7hd8-1a960b949894790342245002d7e174c6{\npadding-bottom:10px;\n}\nbody .av-special-heading.av-lyhd7hd8-1a960b949894790342245002d7e174c6 .av-special-heading-tag .heading-char{\nfont-size:25px;\n}\n.av-special-heading.av-lyhd7hd8-1a960b949894790342245002d7e174c6 .av-subheading{\nfont-size:15px;\n}\n<\/style>\n<div  class='av-special-heading av-lyhd7hd8-1a960b949894790342245002d7e174c6 av-special-heading-h1 blockquote modern-quote  avia-builder-el-4  el_before_av_textblock  avia-builder-el-first'><div class='av-subheading av-subheading_above'><p>Remplissage<\/p>\n<\/div><h1 class='av-special-heading-tag'  itemprop=\"headline\"  >Coco Mill CM 200 avec alimentation par palettes<\/h1><div class=\"special-heading-border\"><div class=\"special-heading-inner-border\"><\/div><\/div><\/div><br \/>\n<section  class='av_textblock_section av-lyhd93gt-a4c10744549feabb3ed256d4281a7c37'   itemscope=\"itemscope\" itemtype=\"https:\/\/schema.org\/CreativeWork\" ><div class='avia_textblock'  itemprop=\"text\" ><p>Lorsque vous recevez vos blocs de coco sur des palettes, le CM200 peut \u00eatre \u00e9quip\u00e9 d'une installation d'alimentation de palettes qui remplit automatiquement le moulin \u00e0 coco. Le CM200 est mont\u00e9 sur des cellules de charge de mani\u00e8re \u00e0 ce que les poids minimum et maximum puissent \u00eatre introduits. Le CM200 se remplit ainsi automatiquement de blocs jusqu'au poids maximal pr\u00e9d\u00e9fini. Lors du traitement des blocs, le poids du CM200 chute jusqu'au poids minimum, apr\u00e8s quoi il se remplit \u00e0 nouveau. Le CM200 peut ainsi \u00eatre utilis\u00e9 par le conducteur de la chargeuse une fois qu'il a \u00e9t\u00e9 configur\u00e9 \u00e0 votre convenance.<\/p>\n<h2>Avantages<\/h2>\n<ul>\n<li>Pas de perte d'eau ni de structure<\/li>\n<li>Pas de formation de poussi\u00e8re<\/li>\n<li>Volume de sortie maximum<\/li>\n<li>Remplissage automatique<\/li>\n<li>Pas d'\u00e9coulement d'eau (sale) (toute l'eau est absorb\u00e9e par la fibre de coco)<\/li>\n<li>Traitement de 13 \u00e0 22 m\u00b3 par heure<\/li>\n<li>Convient au traitement de blocs de 5 kg<\/li>\n<li>Compression maximale des blocs 8:1<\/li>\n<li>Convient aux types de coir fins ou grossiers<\/li>\n<\/ul>\n<\/div><\/section><\/p><\/div><\/div><!--close column table wrapper. Autoclose: 1 --><\/div><\/div><\/main><!-- close content main element --><\/div><\/div><div class='clear'><\/div><div id='sub_menu1'  class='av-submenu-container av-lyhd9a9s-fb92b41bbaa78d662a5a206209220176 main_color  avia-builder-el-6  el_after_av_section  el_before_av_section  av-sticky-submenu submenu-not-first container_wrap fullsize' style='z-index:301' ><div class='container av-menu-mobile-disabled av-submenu-pos-center'><ul id='av-custom-submenu-1' class='av-subnav-menu' role='menu'>\n<li class='menu-item av-2c8e19-a3b7bab38e9fe375d14ffab21d94c3dd menu-item-top-level menu-item-top-level-1' role='menuitem'><a href='#specifications'  ><span class='avia-bullet'><\/span><span class='avia-menu-text'>Sp\u00e9cifications<\/span><\/a><\/li>\n<li class='menu-item av-27xpd1-bdd8b7d62ada3fcc7e8501f5d6e1e51f menu-item-top-level menu-item-top-level-2' role='menuitem'><a href='#options'  ><span class='avia-bullet'><\/span><span class='avia-menu-text'>Options<\/span><\/a><\/li>\n<li class='menu-item av-22wvbx-17aacb2df97e79dec8452dd1c5606d55 menu-item-top-level av-menu-button av-menu-button-colored menu-item-top-level-3' role='menuitem'><a href='https:\/\/logitecplus.com\/wp-content\/uploads\/2024\/07\/2024-Brochure-CM200.pdf'  target=\"_blank\"  rel=\"noopener noreferrer\" ><span class='avia-bullet'><\/span><span class='avia-menu-text'> T\u00e9l\u00e9charger la brochure<\/span><\/a><\/li>\n<\/ul><\/div><\/div><div class='sticky_placeholder'><\/div><\/p>\n<div id='av_section_2'  class='avia-section av-1va1t9-12866190cc25fd76f99db225e58f5cfe main_color avia-section-default avia-no-border-styling  avia-builder-el-7  el_after_av_submenu  el_before_av_section  avia-bg-style-scroll container_wrap fullsize'  ><div class='container av-section-cont-open' ><div class='template-page content  av-content-full alpha units'><div class='post-entry post-entry-type-page post-entry-181'><div class='entry-content-wrapper clearfix'>\n<div  class='flex_column av-639np-7eaf3f7cd5447d7a225121a4b4aa448c av_one_fifth  avia-builder-el-8  el_before_av_three_fifth  avia-builder-el-first  first flex_column_div'     ><\/div><div  class='flex_column av-5q8it-01bc669ef8d2047c7c40971e873610a4 av_three_fifth  avia-builder-el-9  el_after_av_one_fifth  el_before_av_one_fifth  flex_column_div'     ><section  id=\"specifications\"  class='av_textblock_section av-lyhdb4lp-e4a897368348872244e4606ddde2bd1b'   itemscope=\"itemscope\" itemtype=\"https:\/\/schema.org\/CreativeWork\" ><div class='avia_textblock'  itemprop=\"text\" ><h2>Sp\u00e9cifications<\/h2>\n<table>\n<tbody>\n<tr>\n<th>Marque :<\/th>\n<td>Logitec Plus<\/td>\n<\/tr>\n<tr>\n<th>Mod\u00e8le :<\/th>\n<td>Moulin \u00e0 coco CM200<\/td>\n<\/tr>\n<tr>\n<th>Dimensions :<\/th>\n<td>689 x 272 x 328 cm (LxLxH)<\/td>\n<\/tr>\n<tr>\n<th>Capacit\u00e9 de traitement :<\/th>\n<td>13-22m\u00b3 par heure<\/td>\n<\/tr>\n<tr>\n<th>Poids de chargement max :<\/th>\n<td>1 palette enti\u00e8re de blocs de 5 kg<\/td>\n<\/tr>\n<tr>\n<th>Poids :<\/th>\n<td>5700 kg<\/td>\n<\/tr>\n<tr>\n<th>Puissance \u00e9lectrique :<\/th>\n<td>Total 13,7KW (1 x 3 KW + 1 x 3 KW + 1 x 2,2 KW + 2 x 2,2 KW + 1 x 1,1 KW) 400V\/3 phase\/50Hz<\/td>\n<\/tr>\n<\/tbody>\n<\/table>\n<h5><\/h5>\n<\/div><\/section><br \/>\n\n<style type=\"text\/css\" data-created_by=\"avia_inline_auto\" id=\"style-css-av-1d9kwl-15e989727f4e37a15327fa34d915df47\">\n#top .hr.hr-invisible.av-1d9kwl-15e989727f4e37a15327fa34d915df47{\nheight:55px;\n}\n<\/style>\n<div  class='hr av-1d9kwl-15e989727f4e37a15327fa34d915df47 hr-invisible  avia-builder-el-11  el_after_av_textblock  el_before_av_textblock'><span class='hr-inner'><span class=\"hr-inner-style\"><\/span><\/span><\/div><br \/>\n<section  id=\"options\"  class='av_textblock_section av-lyhdbi8b-4929fa00f7b2d2cc1bbc95ba6f03b8b2'   itemscope=\"itemscope\" itemtype=\"https:\/\/schema.org\/CreativeWork\" ><div class='avia_textblock'  itemprop=\"text\" ><h2>Options<\/h2>\n<ul>\n<li>Bandes de sortie rallong\u00e9es<\/li>\n<li>Diff\u00e9rentes tensions<\/li>\n<\/ul>\n<\/div><\/section><\/p><\/div><div  class='flex_column av-1awx2d-31adb487219698aba027cf0931865e46 av_one_fifth  avia-builder-el-13  el_after_av_three_fifth  avia-builder-el-last  flex_column_div'     ><\/div>\n\n<\/div><\/div><\/div><!-- close content main div --><\/div><\/div><div id='av_section_3'  class='avia-section av-41g91-87267451f3eb2c400b90c0e3ac3ee4f1 alternate_color avia-section-default avia-no-border-styling  avia-builder-el-14  el_after_av_section  avia-builder-el-last  avia-bg-style-scroll container_wrap fullsize'  ><div class='container av-section-cont-open' ><div class='template-page content  av-content-full alpha units'><div class='post-entry post-entry-type-page post-entry-181'><div class='entry-content-wrapper clearfix'>\n<div  class='flex_column av-yqbpp-76173e4b541030a7ca7609f094c958b1 av_one_full  avia-builder-el-15  avia-builder-el-no-sibling  first flex_column_div'     ><section  class='av_textblock_section av-r5ev9-246e3da112602654c63ae39eb2affd9d'   itemscope=\"itemscope\" itemtype=\"https:\/\/schema.org\/CreativeWork\" ><div class='avia_textblock titel-silder'  itemprop=\"text\" ><h3>une s\u00e9lection de nos machines<\/h3>\n<\/div><\/section><br \/>\n<br \/>\n\n<style type=\"text\/css\" data-created_by=\"avia_inline_auto\" id=\"style-css-av-g6eyl-f10bc31082f07bbc1b97f851599a54bf\">\n#top .hr.hr-invisible.av-g6eyl-f10bc31082f07bbc1b97f851599a54bf{\nheight:60px;\n}\n<\/style>\n<div  class='hr av-g6eyl-f10bc31082f07bbc1b97f851599a54bf hr-invisible  avia-builder-el-18  el_after_av_codeblock  el_before_av_button'><span class='hr-inner'><span class=\"hr-inner-style\"><\/span><\/span><\/div><br \/>\n<div  class='avia-button-wrap av-9wz7x-a83357f84d0875e5c5d340c6b41f861c-wrap avia-button-center  avia-builder-el-19  el_after_av_hr  avia-builder-el-last'><a href='https:\/\/logitecplus.com\/fr\/our-products\/'  class='avia-button av-9wz7x-a83357f84d0875e5c5d340c6b41f861c av-link-btn avia-icon_select-no avia-size-small avia-position-center avia-color-theme-color'   aria-label=\"Voir toutes les machines &lt;i class=&quot;fa-sharp fa-regular fa-arrow-right&quot;&gt;&lt;\/i&gt;\"><span class='avia_iconbox_title' >Voir toutes les machines <i class=\"fa-sharp fa-regular fa-arrow-right\"><\/i><\/span><\/a><\/div><\/p><\/div>","protected":false},"featured_media":746,"parent":0,"template":"","meta":{"_acf_changed":false,"_monsterinsights_skip_tracking":false,"_monsterinsights_sitenote_active":false,"_monsterinsights_sitenote_note":"","_monsterinsights_sitenote_category":0},"categorie":[4],"class_list":["post-181","product","type-product","status-publish","has-post-thumbnail","hentry","categorie-filling"],"acf":[],"_links":{"self":[{"href":"https:\/\/logitecplus.com\/fr\/wp-json\/wp\/v2\/product\/181","targetHints":{"allow":["GET"]}}],"collection":[{"href":"https:\/\/logitecplus.com\/fr\/wp-json\/wp\/v2\/product"}],"about":[{"href":"https:\/\/logitecplus.com\/fr\/wp-json\/wp\/v2\/types\/product"}],"wp:featuredmedia":[{"embeddable":true,"href":"https:\/\/logitecplus.com\/fr\/wp-json\/wp\/v2\/media\/746"}],"wp:attachment":[{"href":"https:\/\/logitecplus.com\/fr\/wp-json\/wp\/v2\/media?parent=181"}],"wp:term":[{"taxonomy":"categorie","embeddable":true,"href":"https:\/\/logitecplus.com\/fr\/wp-json\/wp\/v2\/categorie?post=181"}],"curies":[{"name":"wp","href":"https:\/\/api.w.org\/{rel}","templated":true}]}}