{"id":189,"date":"2024-07-11T14:43:50","date_gmt":"2024-07-11T14:43:50","guid":{"rendered":"https:\/\/logitecplus.com\/nieuw\/?post_type=product&#038;p=189"},"modified":"2024-09-24T12:28:49","modified_gmt":"2024-09-24T10:28:49","slug":"storage-hoppers","status":"publish","type":"product","link":"https:\/\/logitecplus.com\/fr\/product\/storage-hoppers\/","title":{"rendered":"Tr\u00e9mies de stockage"},"content":{"rendered":"<div id='av_section_1'  class='avia-section av-2qv6jp-0de8fd2e1d79f516867826764a798e29 main_color avia-section-default avia-no-border-styling  avia-builder-el-0  el_before_av_submenu  avia-builder-el-first  avia-bg-style-scroll container_wrap fullsize'  ><div class='container av-section-cont-open' ><main  role=\"main\" itemprop=\"mainContentOfPage\"  class='template-page content  av-content-full alpha units'><div class='post-entry post-entry-type-page post-entry-189'><div class='entry-content-wrapper clearfix'>\n<div class='flex_column_table av-2lozm5-219db62c70dbe7082bf3678223dcd8b1 sc-av_one_half av-equal-height-column-flextable'>\n<style type=\"text\/css\" data-created_by=\"avia_inline_auto\" id=\"style-css-av-2lozm5-219db62c70dbe7082bf3678223dcd8b1\">\n.flex_column.av-2lozm5-219db62c70dbe7082bf3678223dcd8b1{\nwidth:48.5%;\nmargin-left:0;\n}\n#top .flex_column_table.av-equal-height-column-flextable.av-2lozm5-219db62c70dbe7082bf3678223dcd8b1 .av-flex-placeholder{\nwidth:3%;\n}\n<\/style>\n<div  class='flex_column av-2lozm5-219db62c70dbe7082bf3678223dcd8b1 av_one_half  avia-builder-el-1  el_before_av_one_half  avia-builder-el-first  first flex_column_table_cell av-equal-height-column av-align-top'     ><style type=\"text\/css\" data-created_by=\"avia_inline_auto\" id=\"style-css-av-2dh2u5-5012503f6916298e9f1451eb8cfed1bf\">\n#top .avia-gallery.av-2dh2u5-5012503f6916298e9f1451eb8cfed1bf .avia-gallery-thumb a{\nwidth:20%;\n}\n<\/style>\n<div  class='avia-gallery av-2dh2u5-5012503f6916298e9f1451eb8cfed1bf avia_animate_when_visible  avia-builder-el-2  avia-builder-el-no-sibling  avia_lazyload av-slideshow-ui av-loop-manual-endless av-control-hidden av-navigate-arrows hover-effect av-control-hidden avia-gallery-animate avia-gallery-1'  itemprop=\"image\" itemscope=\"itemscope\" itemtype=\"https:\/\/schema.org\/ImageObject\" ><meta itemprop=\"contentURL\" content=\"https:\/\/logitecplus.com\/fr\/product\/storage-hoppers\/\"><div class='avia-gallery-big-wrapper'><a class='avia-gallery-big fakeLightbox lightbox avia-gallery-big-crop-thumb' href=\"https:\/\/logitecplus.com\/wp-content\/uploads\/2024\/07\/hopper-groot.jpg\" data-srcset=\"https:\/\/logitecplus.com\/wp-content\/uploads\/2024\/07\/hopper-groot.jpg 960w, https:\/\/logitecplus.com\/wp-content\/uploads\/2024\/07\/hopper-groot-300x180.jpg 300w, https:\/\/logitecplus.com\/wp-content\/uploads\/2024\/07\/hopper-groot-768x461.jpg 768w, https:\/\/logitecplus.com\/wp-content\/uploads\/2024\/07\/hopper-groot-705x423.jpg 705w\" data-sizes=\"(max-width: 960px) 100vw, 960px\"  data-onclick='1' title='Tr\u00e9mie de stockage' ><span class='avia-gallery-big-inner'  itemprop=\"thumbnailUrl\" ><img decoding=\"async\" fetchpriority=\"high\" class=\"wp-image-190 avia-img-lazy-loading-not-190\"  width=\"960\" height=\"576\" src=\"https:\/\/logitecplus.com\/wp-content\/uploads\/2024\/07\/hopper-groot.jpg\" title='Tr\u00e9mie de stockage' alt='' srcset=\"https:\/\/logitecplus.com\/wp-content\/uploads\/2024\/07\/hopper-groot.jpg 960w, https:\/\/logitecplus.com\/wp-content\/uploads\/2024\/07\/hopper-groot-300x180.jpg 300w, https:\/\/logitecplus.com\/wp-content\/uploads\/2024\/07\/hopper-groot-768x461.jpg 768w, https:\/\/logitecplus.com\/wp-content\/uploads\/2024\/07\/hopper-groot-705x423.jpg 705w\" sizes=\"(max-width: 960px) 100vw, 960px\" \/><\/span><\/a><\/div><div class='avia-gallery-thumb'><a href=\"https:\/\/logitecplus.com\/wp-content\/uploads\/2024\/07\/hopper-groot.jpg\" data-srcset=\"https:\/\/logitecplus.com\/wp-content\/uploads\/2024\/07\/hopper-groot.jpg 960w, https:\/\/logitecplus.com\/wp-content\/uploads\/2024\/07\/hopper-groot-300x180.jpg 300w, https:\/\/logitecplus.com\/wp-content\/uploads\/2024\/07\/hopper-groot-768x461.jpg 768w, https:\/\/logitecplus.com\/wp-content\/uploads\/2024\/07\/hopper-groot-705x423.jpg 705w\" data-sizes=\"(max-width: 960px) 100vw, 960px\" data-rel='gallery-1' data-prev-img='https:\/\/logitecplus.com\/wp-content\/uploads\/2024\/07\/hopper-groot.jpg' class='first_thumb lightbox' data-onclick='1' title='Tr\u00e9mie de stockage'  itemprop=\"thumbnailUrl\"  ><img decoding=\"async\" fetchpriority=\"high\" class=\"wp-image-190 avia-img-lazy-loading-not-190\"   src=\"https:\/\/logitecplus.com\/wp-content\/uploads\/2024\/07\/hopper-groot-180x180.jpg\" width=\"180\" height=\"180\"  title='Tr\u00e9mie de stockage' alt='' srcset=\"https:\/\/logitecplus.com\/wp-content\/uploads\/2024\/07\/hopper-groot-180x180.jpg 180w, https:\/\/logitecplus.com\/wp-content\/uploads\/2024\/07\/hopper-groot-80x80.jpg 80w, https:\/\/logitecplus.com\/wp-content\/uploads\/2024\/07\/hopper-groot-36x36.jpg 36w\" sizes=\"(max-width: 180px) 100vw, 180px\" \/><div class='big-prev-fake'><img decoding=\"async\" loading=\"lazy\" class=\"wp-image-190 avia-img-lazy-loading-190\"  width=\"960\" height=\"576\" src=\"https:\/\/logitecplus.com\/wp-content\/uploads\/2024\/07\/hopper-groot.jpg\" title='Tr\u00e9mie de stockage' alt='' srcset=\"https:\/\/logitecplus.com\/wp-content\/uploads\/2024\/07\/hopper-groot.jpg 960w, https:\/\/logitecplus.com\/wp-content\/uploads\/2024\/07\/hopper-groot-300x180.jpg 300w, https:\/\/logitecplus.com\/wp-content\/uploads\/2024\/07\/hopper-groot-768x461.jpg 768w, https:\/\/logitecplus.com\/wp-content\/uploads\/2024\/07\/hopper-groot-705x423.jpg 705w\" sizes=\"auto, (max-width: 960px) 100vw, 960px\" \/><\/div><\/a><a href=\"https:\/\/logitecplus.com\/wp-content\/uploads\/2024\/07\/hopper-on-wheels-groot.jpg\" data-srcset=\"https:\/\/logitecplus.com\/wp-content\/uploads\/2024\/07\/hopper-on-wheels-groot.jpg 960w, https:\/\/logitecplus.com\/wp-content\/uploads\/2024\/07\/hopper-on-wheels-groot-300x180.jpg 300w, https:\/\/logitecplus.com\/wp-content\/uploads\/2024\/07\/hopper-on-wheels-groot-768x461.jpg 768w, https:\/\/logitecplus.com\/wp-content\/uploads\/2024\/07\/hopper-on-wheels-groot-705x423.jpg 705w\" data-sizes=\"(max-width: 960px) 100vw, 960px\" data-rel='gallery-1' data-prev-img='https:\/\/logitecplus.com\/wp-content\/uploads\/2024\/07\/hopper-on-wheels-groot.jpg' class='lightbox' data-onclick='2' title='Tr\u00e9mie de stockage sur roues'  itemprop=\"thumbnailUrl\"  ><img decoding=\"async\" fetchpriority=\"high\" class=\"wp-image-192 avia-img-lazy-loading-not-192\"   src=\"https:\/\/logitecplus.com\/wp-content\/uploads\/2024\/07\/hopper-on-wheels-groot-180x180.jpg\" width=\"180\" height=\"180\"  title='Tr\u00e9mie de stockage sur roues' alt='' srcset=\"https:\/\/logitecplus.com\/wp-content\/uploads\/2024\/07\/hopper-on-wheels-groot-180x180.jpg 180w, https:\/\/logitecplus.com\/wp-content\/uploads\/2024\/07\/hopper-on-wheels-groot-80x80.jpg 80w, https:\/\/logitecplus.com\/wp-content\/uploads\/2024\/07\/hopper-on-wheels-groot-36x36.jpg 36w\" sizes=\"(max-width: 180px) 100vw, 180px\" \/><div class='big-prev-fake'><img decoding=\"async\" loading=\"lazy\" class=\"wp-image-192 avia-img-lazy-loading-192\"  width=\"960\" height=\"576\" src=\"https:\/\/logitecplus.com\/wp-content\/uploads\/2024\/07\/hopper-on-wheels-groot.jpg\" title='Tr\u00e9mie de stockage sur roues' alt='' srcset=\"https:\/\/logitecplus.com\/wp-content\/uploads\/2024\/07\/hopper-on-wheels-groot.jpg 960w, https:\/\/logitecplus.com\/wp-content\/uploads\/2024\/07\/hopper-on-wheels-groot-300x180.jpg 300w, https:\/\/logitecplus.com\/wp-content\/uploads\/2024\/07\/hopper-on-wheels-groot-768x461.jpg 768w, https:\/\/logitecplus.com\/wp-content\/uploads\/2024\/07\/hopper-on-wheels-groot-705x423.jpg 705w\" sizes=\"auto, (max-width: 960px) 100vw, 960px\" \/><\/div><\/a><a href=\"https:\/\/logitecplus.com\/wp-content\/uploads\/2024\/07\/hopper-on-wheels-kopie.jpg\" data-srcset=\"https:\/\/logitecplus.com\/wp-content\/uploads\/2024\/07\/hopper-on-wheels-kopie.jpg 960w, https:\/\/logitecplus.com\/wp-content\/uploads\/2024\/07\/hopper-on-wheels-kopie-300x180.jpg 300w, https:\/\/logitecplus.com\/wp-content\/uploads\/2024\/07\/hopper-on-wheels-kopie-768x461.jpg 768w, https:\/\/logitecplus.com\/wp-content\/uploads\/2024\/07\/hopper-on-wheels-kopie-705x423.jpg 705w\" data-sizes=\"(max-width: 960px) 100vw, 960px\" data-rel='gallery-1' data-prev-img='https:\/\/logitecplus.com\/wp-content\/uploads\/2024\/07\/hopper-on-wheels-kopie.jpg' class='lightbox' data-onclick='3' title='Tr\u00e9mie de stockage Logitec Plus'  itemprop=\"thumbnailUrl\"  ><img decoding=\"async\" fetchpriority=\"high\" class=\"wp-image-191 avia-img-lazy-loading-not-191\"   src=\"https:\/\/logitecplus.com\/wp-content\/uploads\/2024\/07\/hopper-on-wheels-kopie-180x180.jpg\" width=\"180\" height=\"180\"  title='Tr\u00e9mie de stockage Logitec Plus' alt='' srcset=\"https:\/\/logitecplus.com\/wp-content\/uploads\/2024\/07\/hopper-on-wheels-kopie-180x180.jpg 180w, https:\/\/logitecplus.com\/wp-content\/uploads\/2024\/07\/hopper-on-wheels-kopie-80x80.jpg 80w, https:\/\/logitecplus.com\/wp-content\/uploads\/2024\/07\/hopper-on-wheels-kopie-36x36.jpg 36w\" sizes=\"(max-width: 180px) 100vw, 180px\" \/><div class='big-prev-fake'><img decoding=\"async\" loading=\"lazy\" class=\"wp-image-191 avia-img-lazy-loading-191\"  width=\"960\" height=\"576\" src=\"https:\/\/logitecplus.com\/wp-content\/uploads\/2024\/07\/hopper-on-wheels-kopie.jpg\" title='Tr\u00e9mie de stockage Logitec Plus' alt='' srcset=\"https:\/\/logitecplus.com\/wp-content\/uploads\/2024\/07\/hopper-on-wheels-kopie.jpg 960w, https:\/\/logitecplus.com\/wp-content\/uploads\/2024\/07\/hopper-on-wheels-kopie-300x180.jpg 300w, https:\/\/logitecplus.com\/wp-content\/uploads\/2024\/07\/hopper-on-wheels-kopie-768x461.jpg 768w, https:\/\/logitecplus.com\/wp-content\/uploads\/2024\/07\/hopper-on-wheels-kopie-705x423.jpg 705w\" sizes=\"auto, (max-width: 960px) 100vw, 960px\" \/><\/div><\/a><\/div><\/div><\/div><div class='av-flex-placeholder'><\/div>\n<style type=\"text\/css\" data-created_by=\"avia_inline_auto\" id=\"style-css-av-296fph-a576555282e2f3272a4b4cec8b554677\">\n.flex_column.av-296fph-a576555282e2f3272a4b4cec8b554677{\nwidth:48.5%;\nmargin-left:0;\n}\n#top .flex_column_table.av-equal-height-column-flextable.av-296fph-a576555282e2f3272a4b4cec8b554677 .av-flex-placeholder{\nwidth:3%;\n}\n<\/style>\n<div  class='flex_column av-296fph-a576555282e2f3272a4b4cec8b554677 av_one_half  avia-builder-el-3  el_after_av_one_half  avia-builder-el-last  flex_column_table_cell av-equal-height-column av-align-top'     ><p>\n<style type=\"text\/css\" data-created_by=\"avia_inline_auto\" id=\"style-css-av-lyhdogak-179b82f0c9bdf5706d6b88a9fb206b18\">\n#top .av-special-heading.av-lyhdogak-179b82f0c9bdf5706d6b88a9fb206b18{\npadding-bottom:10px;\n}\nbody .av-special-heading.av-lyhdogak-179b82f0c9bdf5706d6b88a9fb206b18 .av-special-heading-tag .heading-char{\nfont-size:25px;\n}\n.av-special-heading.av-lyhdogak-179b82f0c9bdf5706d6b88a9fb206b18 .av-subheading{\nfont-size:15px;\n}\n<\/style>\n<div  class='av-special-heading av-lyhdogak-179b82f0c9bdf5706d6b88a9fb206b18 av-special-heading-h1 blockquote modern-quote  avia-builder-el-4  el_before_av_textblock  avia-builder-el-first'><div class='av-subheading av-subheading_above'><p>Tr\u00e9mies<\/p>\n<\/div><h1 class='av-special-heading-tag'  itemprop=\"headline\"  >Tr\u00e9mies de stockage<\/h1><div class=\"special-heading-border\"><div class=\"special-heading-inner-border\"><\/div><\/div><\/div><br \/>\n<section  class='av_textblock_section av-lyhdp1ql-db0de245c4a699bf9b6e5471e066d331'   itemscope=\"itemscope\" itemtype=\"https:\/\/schema.org\/CreativeWork\" ><div class='avia_textblock'  itemprop=\"text\" ><p>Les tr\u00e9mies Logitec Plus sont disponibles en diff\u00e9rentes tailles et volumes. Avec ou sans plaques d'extension. Les tr\u00e9mies peuvent \u00eatre \u00e9quip\u00e9es d'un toit \u00e0 l'int\u00e9rieur pour certains produits, ce qui r\u00e9duit le poids sur les courroies et \u00e9vite les ponts \u00e0 l'int\u00e9rieur des tr\u00e9mies. En outre, les tr\u00e9mies peuvent \u00e9galement \u00eatre \u00e9quip\u00e9es d'un ou de plusieurs types d'essieu(x) porteur(s) pour permettre un flux constant de mat\u00e9riaux. Les tr\u00e9mies peuvent \u00eatre int\u00e9gr\u00e9es dans toutes sortes de lignes de substrat, mais elles peuvent \u00e9galement servir de tr\u00e9mie d'alimentation pour une presse \u00e0 grosses balles ou une ligne d'ensachage.<\/p>\n<h2>Avantages<\/h2>\n<ul>\n<li>Tailles et volumes personnalisables<\/li>\n<li>Convient \u00e0 de multiples substrats<\/li>\n<li>Options pour am\u00e9liorer le flux de mat\u00e9riaux<\/li>\n<\/ul>\n<\/div><\/section><\/p><\/div><\/div><!--close column table wrapper. Autoclose: 1 --><\/div><\/div><\/main><!-- close content main element --><\/div><\/div><div class='clear'><\/div><div id='sub_menu1'  class='av-submenu-container av-lyhdp64m-51f1e94cbf056a53936f31385cb204ca main_color  avia-builder-el-6  el_after_av_section  el_before_av_section  av-sticky-submenu submenu-not-first container_wrap fullsize' style='z-index:301' ><div class='container av-menu-mobile-disabled av-submenu-pos-center'><ul id='av-custom-submenu-1' class='av-subnav-menu' role='menu'>\n<li class='menu-item av-216e3x-06a5cdc94c58aeae58d3f61ff6ac4a11 menu-item-top-level menu-item-top-level-1' role='menuitem'><a href='#specifications'  ><span class='avia-bullet'><\/span><span class='avia-menu-text'>Sp\u00e9cifications<\/span><\/a><\/li>\n<li class='menu-item av-1wy7pp-dd31cc493d4b050a387c78e6b1a49df7 menu-item-top-level av-menu-button av-menu-button-colored menu-item-top-level-2' role='menuitem'><a href='https:\/\/logitecplus.com\/wp-content\/uploads\/2024\/08\/2023-Logitec-Plus-Company-Brochure.pdf'  target=\"_blank\"  rel=\"noopener noreferrer\" ><span class='avia-bullet'><\/span><span class='avia-menu-text'> T\u00e9l\u00e9charger la brochure<\/span><\/a><\/li>\n<\/ul><\/div><\/div><div class='sticky_placeholder'><\/div><\/p>\n<div id='av_section_2'  class='avia-section av-1t8mat-78195ab7594d092093f495532b7ee6e5 main_color avia-section-default avia-no-border-styling  avia-builder-el-7  el_after_av_submenu  el_before_av_section  avia-bg-style-scroll container_wrap fullsize'  ><div class='container av-section-cont-open' ><div class='template-page content  av-content-full alpha units'><div class='post-entry post-entry-type-page post-entry-189'><div class='entry-content-wrapper clearfix'>\n<div  class='flex_column av-1iqhn9-34dce6d417e7ed897e14d8352500e7af av_one_fifth  avia-builder-el-8  el_before_av_three_fifth  avia-builder-el-first  first flex_column_div'     ><\/div><div  class='flex_column av-57p39-110053c6373a9a146f514c97e5619333 av_three_fifth  avia-builder-el-9  el_after_av_one_fifth  el_before_av_one_fifth  flex_column_div'     ><section  id=\"specifications\"  class='av_textblock_section av-lyhdpyh5-4799b8c558b0636851bbbfb22b006c93'   itemscope=\"itemscope\" itemtype=\"https:\/\/schema.org\/CreativeWork\" ><div class='avia_textblock'  itemprop=\"text\" ><h2>Sp\u00e9cifications<\/h2>\n<table>\n<tbody>\n<tr>\n<th>Capacit\u00e9 :<\/th>\n<td>5-60m\u00b3<\/td>\n<\/tr>\n<tr>\n<th>Puissance :<\/th>\n<td>400V - 3 phases + 0 - 50Hz (autres tensions sur demande)<\/td>\n<\/tr>\n<\/tbody>\n<\/table>\n<h5><\/h5>\n<\/div><\/section><\/div><div  class='flex_column av-1aeofp-5e189104acc44ce9633521e2047e1cb1 av_one_fifth  avia-builder-el-11  el_after_av_three_fifth  avia-builder-el-last  flex_column_div'     ><\/div>\n\n<\/div><\/div><\/div><!-- close content main div --><\/div><\/div><div id='av_section_3'  class='avia-section av-13rb5h-f5cebf4394bf89895b846b7bf15661de alternate_color avia-section-default avia-no-border-styling  avia-builder-el-12  el_after_av_section  avia-builder-el-last  avia-bg-style-scroll container_wrap fullsize'  ><div class='container av-section-cont-open' ><div class='template-page content  av-content-full alpha units'><div class='post-entry post-entry-type-page post-entry-189'><div class='entry-content-wrapper clearfix'>\n<div  class='flex_column av-vi07x-e5ea4458f8d0d6bf4ee07f4878b34e9e av_one_full  avia-builder-el-13  avia-builder-el-no-sibling  first flex_column_div'     ><section  class='av_textblock_section av-pqvfh-f170d00ec95d00a81bed504b4feb6a66'   itemscope=\"itemscope\" itemtype=\"https:\/\/schema.org\/CreativeWork\" ><div class='avia_textblock titel-silder'  itemprop=\"text\" ><h3>une s\u00e9lection de nos machines<\/h3>\n<\/div><\/section><br \/>\n<br \/>\n\n<style type=\"text\/css\" data-created_by=\"avia_inline_auto\" id=\"style-css-av-1kz2l-87d5ba1e990488c664788812c7927b67\">\n#top .hr.hr-invisible.av-1kz2l-87d5ba1e990488c664788812c7927b67{\nheight:60px;\n}\n<\/style>\n<div  class='hr av-1kz2l-87d5ba1e990488c664788812c7927b67 hr-invisible  avia-builder-el-16  el_after_av_codeblock  el_before_av_button'><span class='hr-inner'><span class=\"hr-inner-style\"><\/span><\/span><\/div><br \/>\n<div  class='avia-button-wrap av-7zaql-ab3cbfa1ce20d155e1daa66e7012433d-wrap avia-button-center  avia-builder-el-17  el_after_av_hr  avia-builder-el-last'><a href='https:\/\/logitecplus.com\/fr\/our-products\/'  class='avia-button av-7zaql-ab3cbfa1ce20d155e1daa66e7012433d av-link-btn avia-icon_select-no avia-size-small avia-position-center avia-color-theme-color'   aria-label=\"Voir toutes les machines &lt;i class=&quot;fa-sharp fa-regular fa-arrow-right&quot;&gt;&lt;\/i&gt;\"><span class='avia_iconbox_title' >Voir toutes les machines <i class=\"fa-sharp fa-regular fa-arrow-right\"><\/i><\/span><\/a><\/div><\/p><\/div>","protected":false},"featured_media":190,"parent":0,"template":"","meta":{"_acf_changed":false,"_monsterinsights_skip_tracking":false,"_monsterinsights_sitenote_active":false,"_monsterinsights_sitenote_note":"","_monsterinsights_sitenote_category":0},"categorie":[3],"class_list":["post-189","product","type-product","status-publish","has-post-thumbnail","hentry","categorie-hoppers"],"acf":[],"_links":{"self":[{"href":"https:\/\/logitecplus.com\/fr\/wp-json\/wp\/v2\/product\/189","targetHints":{"allow":["GET"]}}],"collection":[{"href":"https:\/\/logitecplus.com\/fr\/wp-json\/wp\/v2\/product"}],"about":[{"href":"https:\/\/logitecplus.com\/fr\/wp-json\/wp\/v2\/types\/product"}],"wp:featuredmedia":[{"embeddable":true,"href":"https:\/\/logitecplus.com\/fr\/wp-json\/wp\/v2\/media\/190"}],"wp:attachment":[{"href":"https:\/\/logitecplus.com\/fr\/wp-json\/wp\/v2\/media?parent=189"}],"wp:term":[{"taxonomy":"categorie","embeddable":true,"href":"https:\/\/logitecplus.com\/fr\/wp-json\/wp\/v2\/categorie?post=189"}],"curies":[{"name":"wp","href":"https:\/\/api.w.org\/{rel}","templated":true}]}}